{"id":690,"date":"2023-08-13T08:47:56","date_gmt":"2023-08-13T06:47:56","guid":{"rendered":"https:\/\/aepl.eu\/?page_id=690"},"modified":"2023-09-05T16:42:23","modified_gmt":"2023-09-05T14:42:23","slug":"alan-frommer-president-van-de-laepl","status":"publish","type":"page","link":"https:\/\/aepl.eu\/nl\/structuur\/ereleden\/alan-frommer-president-van-de-laepl\/","title":{"rendered":"Alan Frommer (voormalig voorzitter van AEPL)"},"content":{"rendered":"<p>Visite en 2012 de l&rsquo;AEPL \u00e0 la Commission Europ\u00e9enne (de gauche \u00e0 droite) :<\/p>\n<ul>\n<li><strong>Herman van Rompuy<\/strong>, Pr\u00e9sident du Conseil de l&rsquo;UE<\/li>\n<\/ul>\n<ul>\n<li><strong>Jerzy Buzek<\/strong>Voorzitter van het Europees Parlement<\/li>\n<\/ul>\n<ul>\n<li><strong>Alan Frommer<\/strong>, Pr\u00e9sident de l&rsquo;AEPL<\/li>\n<\/ul>\n<ul>\n<li><strong>Jos\u00e9 Barroso<\/strong>Voorzitter van de Europese Commissie<\/li>\n<\/ul>","protected":false},"excerpt":{"rendered":"<p>Visite en 2012 de l&rsquo;AEPL \u00e0 la Commission Europ\u00e9enne (de gauche \u00e0 droite) : Herman van Rompuy, Pr\u00e9sident du Conseil de l&rsquo;UE Jerzy Buzek, Pr\u00e9sident du Parlement europ\u00e9en Alan Frommer, Pr\u00e9sident de l&rsquo;AEPL Jos\u00e9 Barroso, Pr\u00e9sident de la Commission europ\u00e9enne<\/p>","protected":false},"author":2,"featured_media":688,"parent":180,"menu_order":2,"comment_status":"closed","ping_status":"closed","template":"","meta":{"_acf_changed":false,"footnotes":""},"categories":[],"tags":[],"class_list":["post-690","page","type-page","status-publish","has-post-thumbnail","hentry"],"acf":[],"_links":{"self":[{"href":"https:\/\/aepl.eu\/nl\/wp-json\/wp\/v2\/pages\/690","targetHints":{"allow":["GET"]}}],"collection":[{"href":"https:\/\/aepl.eu\/nl\/wp-json\/wp\/v2\/pages"}],"about":[{"href":"https:\/\/aepl.eu\/nl\/wp-json\/wp\/v2\/types\/page"}],"author":[{"embeddable":true,"href":"https:\/\/aepl.eu\/nl\/wp-json\/wp\/v2\/users\/2"}],"replies":[{"embeddable":true,"href":"https:\/\/aepl.eu\/nl\/wp-json\/wp\/v2\/comments?post=690"}],"version-history":[{"count":0,"href":"https:\/\/aepl.eu\/nl\/wp-json\/wp\/v2\/pages\/690\/revisions"}],"up":[{"embeddable":true,"href":"https:\/\/aepl.eu\/nl\/wp-json\/wp\/v2\/pages\/180"}],"wp:featuredmedia":[{"embeddable":true,"href":"https:\/\/aepl.eu\/nl\/wp-json\/wp\/v2\/media\/688"}],"wp:attachment":[{"href":"https:\/\/aepl.eu\/nl\/wp-json\/wp\/v2\/media?parent=690"}],"wp:term":[{"taxonomy":"category","embeddable":true,"href":"https:\/\/aepl.eu\/nl\/wp-json\/wp\/v2\/categories?post=690"},{"taxonomy":"post_tag","embeddable":true,"href":"https:\/\/aepl.eu\/nl\/wp-json\/wp\/v2\/tags?post=690"}],"curies":[{"name":"wp","href":"https:\/\/api.w.org\/{rel}","templated":true}]}}