{"id":510,"date":"2023-06-20T09:25:08","date_gmt":"2023-06-20T07:25:08","guid":{"rendered":"https:\/\/aepl.eu\/?page_id=510"},"modified":"2023-06-20T09:25:08","modified_gmt":"2023-06-20T07:25:08","slug":"actiecentrum-laique","status":"publish","type":"page","link":"https:\/\/aepl.eu\/nl\/partners\/belgie\/actiecentrum-laique\/","title":{"rendered":"Centre d&rsquo;action la\u00efque"},"content":{"rendered":"<p>Sinds 1969,\u00a0<strong>Het Centre d'Action La\u00efque heeft een drievoudige missie in Franstalig Belgi\u00eb<\/strong>:<\/p>\n<ul>\n<li>Het co\u00f6rdineert de acties van de verschillende verenigingen en de zeven regionale CAL's op de verschillende gebieden;<\/li>\n<li>Het promoot seculiere idealen en probeert nieuwe diensten te stimuleren;<\/li>\n<li>Het vertegenwoordigt de beweging in contacten met de overheid en derden.<\/li>\n<\/ul>\n<p>Website : <a href=\"https:\/\/www.laicite.be\/le-cal\/le-centre-d-action-laique\/\" target=\"_blank\" rel=\"noopener\">Centre d&rsquo;Action La\u00efque<\/a><\/p>","protected":false},"excerpt":{"rendered":"<p>Sinds 1969 heeft het Centre d'Action La\u00efque een drievoudige missie in Franstalig Belgi\u00eb: het co\u00f6rdineert de activiteiten van de verschillende verenigingen en de zeven regionale CAL afdelingen in verschillende domeinen; het promoot seculiere idealen en tracht nieuwe...<\/p>","protected":false},"author":2,"featured_media":512,"parent":288,"menu_order":0,"comment_status":"closed","ping_status":"closed","template":"","meta":{"_acf_changed":false,"footnotes":""},"categories":[],"tags":[],"class_list":["post-510","page","type-page","status-publish","has-post-thumbnail","hentry"],"acf":[],"_links":{"self":[{"href":"https:\/\/aepl.eu\/nl\/wp-json\/wp\/v2\/pages\/510","targetHints":{"allow":["GET"]}}],"collection":[{"href":"https:\/\/aepl.eu\/nl\/wp-json\/wp\/v2\/pages"}],"about":[{"href":"https:\/\/aepl.eu\/nl\/wp-json\/wp\/v2\/types\/page"}],"author":[{"embeddable":true,"href":"https:\/\/aepl.eu\/nl\/wp-json\/wp\/v2\/users\/2"}],"replies":[{"embeddable":true,"href":"https:\/\/aepl.eu\/nl\/wp-json\/wp\/v2\/comments?post=510"}],"version-history":[{"count":0,"href":"https:\/\/aepl.eu\/nl\/wp-json\/wp\/v2\/pages\/510\/revisions"}],"up":[{"embeddable":true,"href":"https:\/\/aepl.eu\/nl\/wp-json\/wp\/v2\/pages\/288"}],"wp:featuredmedia":[{"embeddable":true,"href":"https:\/\/aepl.eu\/nl\/wp-json\/wp\/v2\/media\/512"}],"wp:attachment":[{"href":"https:\/\/aepl.eu\/nl\/wp-json\/wp\/v2\/media?parent=510"}],"wp:term":[{"taxonomy":"category","embeddable":true,"href":"https:\/\/aepl.eu\/nl\/wp-json\/wp\/v2\/categories?post=510"},{"taxonomy":"post_tag","embeddable":true,"href":"https:\/\/aepl.eu\/nl\/wp-json\/wp\/v2\/tags?post=510"}],"curies":[{"name":"wp","href":"https:\/\/api.w.org\/{rel}","templated":true}]}}