{"id":310,"date":"2023-06-13T14:05:26","date_gmt":"2023-06-13T12:05:26","guid":{"rendered":"https:\/\/aepl.eu\/?page_id=310"},"modified":"2023-06-20T09:31:16","modified_gmt":"2023-06-20T07:31:16","slug":"egale","status":"publish","type":"page","link":"https:\/\/aepl.eu\/nl\/partners\/frankrijk\/egale\/","title":{"rendered":"Egale"},"content":{"rendered":"<p style=\"font-weight: 400;\">Het doel van EGALE is het promoten en delen van de humanistische en seculiere waarden van de Franse Republiek en haar motto: \"Libert\u00e9, \u00c9galit\u00e9, Fraternit\u00e9\".<\/p>\n<p style=\"font-weight: 400;\">In de praktijk:<\/p>\n<ul style=\"font-weight: 400;\">\n<li>EGALE is geaccrediteerd bij de Europese Unie en neemt deel aan dialoogbijeenkomsten met de Europese Commissie en het Parlement (artikel 17 van het Verdrag betreffende de werking van de EU).<\/li>\n<li>EGALE steunde de Baby-Loup cr\u00e8che in haar strijd voor de neutraliteit van de werknemers van de vereniging en ijverde ervoor dat de arbeidswetgeving bedrijven toestond neutraliteit op te leggen in hun interne regels, als ze dit nodig achtten om hun goede werking te garanderen.<\/li>\n<li>EGALE is lid van het Nationaal Seculier Collectief en het Europees Seculier Netwerk.<\/li>\n<li>EGALE ontwerpt en organiseert cursussen, conferenties, vergaderingen en symposia over secularisme.<\/li>\n<li>EGALE wordt voorgezeten door Fran\u00e7oise Laborde, voormalig senator en vicevoorzitter van de Senaatscommissie voor vrouwenrechten.<\/li>\n<\/ul>\n<p style=\"font-weight: 400;\">Website: contact@egale.eu<\/p>","protected":false},"excerpt":{"rendered":"<p>Het doel van EGALE is het promoten en delen van de humanistische en seculiere waarden van de Franse Republiek en haar motto: \"Libert\u00e9, \u00c9galit\u00e9, Fraternit\u00e9\". In de praktijk: EGALE is geaccrediteerd door de Europese Unie en neemt deel aan dialoogvergaderingen met...<\/p>","protected":false},"author":2,"featured_media":515,"parent":291,"menu_order":0,"comment_status":"closed","ping_status":"closed","template":"","meta":{"_acf_changed":false,"footnotes":""},"categories":[],"tags":[],"class_list":["post-310","page","type-page","status-publish","has-post-thumbnail","hentry"],"acf":[],"_links":{"self":[{"href":"https:\/\/aepl.eu\/nl\/wp-json\/wp\/v2\/pages\/310","targetHints":{"allow":["GET"]}}],"collection":[{"href":"https:\/\/aepl.eu\/nl\/wp-json\/wp\/v2\/pages"}],"about":[{"href":"https:\/\/aepl.eu\/nl\/wp-json\/wp\/v2\/types\/page"}],"author":[{"embeddable":true,"href":"https:\/\/aepl.eu\/nl\/wp-json\/wp\/v2\/users\/2"}],"replies":[{"embeddable":true,"href":"https:\/\/aepl.eu\/nl\/wp-json\/wp\/v2\/comments?post=310"}],"version-history":[{"count":0,"href":"https:\/\/aepl.eu\/nl\/wp-json\/wp\/v2\/pages\/310\/revisions"}],"up":[{"embeddable":true,"href":"https:\/\/aepl.eu\/nl\/wp-json\/wp\/v2\/pages\/291"}],"wp:featuredmedia":[{"embeddable":true,"href":"https:\/\/aepl.eu\/nl\/wp-json\/wp\/v2\/media\/515"}],"wp:attachment":[{"href":"https:\/\/aepl.eu\/nl\/wp-json\/wp\/v2\/media?parent=310"}],"wp:term":[{"taxonomy":"category","embeddable":true,"href":"https:\/\/aepl.eu\/nl\/wp-json\/wp\/v2\/categories?post=310"},{"taxonomy":"post_tag","embeddable":true,"href":"https:\/\/aepl.eu\/nl\/wp-json\/wp\/v2\/tags?post=310"}],"curies":[{"name":"wp","href":"https:\/\/api.w.org\/{rel}","templated":true}]}}