{"id":202,"date":"2023-06-07T14:23:07","date_gmt":"2023-06-07T12:23:07","guid":{"rendered":"http:\/\/aepl.uu\/?page_id=202"},"modified":"2023-06-20T10:06:15","modified_gmt":"2023-06-20T08:06:15","slug":"europa-de-la-defense","status":"publish","type":"page","link":"https:\/\/aepl.eu\/nl\/themas\/europa-de-la-defense\/","title":{"rendered":"Europese defensie"},"content":{"rendered":"<h3>Doelstellingen:<\/h3>\n<p>- De\u00a0<b class=\"\">Het handhaven van de vrede in Europa en het herstellen van de vrede in haar omgeving is een goede weerspiegeling van de ethische eisen die AEPL stelt in haar contacten met de Commissie.<\/b><br \/>\n- De meting van\u00a0<b class=\"\">geopolitieke invloed<\/b> van Europa, die haar ethische, humanistische, universalistische en progressieve waarden zo breed mogelijk wil opleggen: <b class=\"\">Europa onderscheidt zich onder de grootmachten door zijn inspanningen om universele vrede te bevorderen.<\/b><\/p>\n<h3>Hoe we werken<\/h3>\n<p><b class=\"\">De GTED voert dagelijks controles uit<\/b> defensie en de defensie-industrie. De GTED houdt in het bijzonder toezicht op de toepassing van de huidige wetgeving met betrekking tot <b class=\"\">de <\/b>defensie en de defensie-industrie<b class=\"\"> <\/b>en monitoren <b class=\"\">de wetgevingsvoorstellen van de Europese Commissie over <\/b>en defensie-industrie.<\/p>\n<p>Via de AEPL wil de GTED een actieve bijdrage leveren aan de ontwikkeling van het Europese defensiebeleid, door het opstellen van <strong>samenvattende documenten<\/strong><b class=\"\">\u00a0en brieven<\/b> aan de voorzitter van de Commissie, de hoge vertegenwoordiger en de Europese commissarissen die betrokken zijn bij defensieaangelegenheden en de defensie-industrie.<\/p>\n<p>Deze documenten worden openbaar gemaakt en zijn beschikbaar op de AEPL-website.<\/p>\n<p>Leden van de GTED zullen praten met <b class=\"\">ambtenaren van de Europese Dienst voor extern optreden en DG CONNECT<\/b> van de Commissie belast met defensie- en defensie-industriekwesties om het standpunt van AEPL te presenteren en te bespreken. De GTED zal reageren op verzoeken van de ambtenaren die belast zijn met de toepassing van artikel 17.<\/p>\n<p>Le <b class=\"\">GTED zal actie ondernemen om haar belangen te vertegenwoordigen<\/b>\u00a0in het bijzonder aan het Europees Parlement en de Raad.<\/p>","protected":false},"excerpt":{"rendered":"<p>Les objectifs poursuivis : &#8211; Le\u00a0maintien de la paix en Europe et son r\u00e9tablissement dans son voisinage refl\u00e8te bien les exigences \u00e9thiques que l&rsquo;AEPL exprime lors des contacts avec la Commission. &#8211; La mesure de\u00a0l\u2019influence g\u00e9opolitique de l\u2019Europe qui vise&#8230;<\/p>","protected":false},"author":1,"featured_media":530,"parent":102,"menu_order":6,"comment_status":"closed","ping_status":"closed","template":"","meta":{"_acf_changed":false,"footnotes":""},"categories":[],"tags":[],"class_list":["post-202","page","type-page","status-publish","has-post-thumbnail","hentry"],"acf":[],"_links":{"self":[{"href":"https:\/\/aepl.eu\/nl\/wp-json\/wp\/v2\/pages\/202","targetHints":{"allow":["GET"]}}],"collection":[{"href":"https:\/\/aepl.eu\/nl\/wp-json\/wp\/v2\/pages"}],"about":[{"href":"https:\/\/aepl.eu\/nl\/wp-json\/wp\/v2\/types\/page"}],"author":[{"embeddable":true,"href":"https:\/\/aepl.eu\/nl\/wp-json\/wp\/v2\/users\/1"}],"replies":[{"embeddable":true,"href":"https:\/\/aepl.eu\/nl\/wp-json\/wp\/v2\/comments?post=202"}],"version-history":[{"count":0,"href":"https:\/\/aepl.eu\/nl\/wp-json\/wp\/v2\/pages\/202\/revisions"}],"up":[{"embeddable":true,"href":"https:\/\/aepl.eu\/nl\/wp-json\/wp\/v2\/pages\/102"}],"wp:featuredmedia":[{"embeddable":true,"href":"https:\/\/aepl.eu\/nl\/wp-json\/wp\/v2\/media\/530"}],"wp:attachment":[{"href":"https:\/\/aepl.eu\/nl\/wp-json\/wp\/v2\/media?parent=202"}],"wp:term":[{"taxonomy":"category","embeddable":true,"href":"https:\/\/aepl.eu\/nl\/wp-json\/wp\/v2\/categories?post=202"},{"taxonomy":"post_tag","embeddable":true,"href":"https:\/\/aepl.eu\/nl\/wp-json\/wp\/v2\/tags?post=202"}],"curies":[{"name":"wp","href":"https:\/\/api.w.org\/{rel}","templated":true}]}}