{"id":196,"date":"2023-06-07T14:21:56","date_gmt":"2023-06-07T12:21:56","guid":{"rendered":"http:\/\/aepl.uu\/?page_id=196"},"modified":"2023-10-20T09:37:04","modified_gmt":"2023-10-20T07:37:04","slug":"oekraine","status":"publish","type":"page","link":"https:\/\/aepl.eu\/nl\/themas\/oekraine\/","title":{"rendered":"Oekra\u00efne"},"content":{"rendered":"<p>Oekra\u00efne, achter de schermen<\/p>\n<p>Rusland viel Oekra\u00efne binnen op 24 februari 2022 en zette daarmee de operatie voort die het in 2014 begon met de annexatie van de Krim.<\/p>\n<p>Soevereiniteit en landsgrenzen zijn daarbij fundamenteel geschonden. Twee oostelijke provincies zijn al geannexeerd na een nepreferendum. Het Westen, geleid door de NAVO, reageerde onmiddellijk met onvoorwaardelijke steun voor Oekra\u00efne.<\/p>\n<p>Ondertussen heeft het conflict zich uitgebreid en staan we mogelijk aan de rand van een derde wereldoorlog, met nucleair gevaar. De enige winnaars lijken het militair-industrieel complex te zijn: de wapenfabrieken draaien op volle toeren.<\/p>\n<p>Sommigen geloven dat het Oekra\u00efense volk geen wapens nodig heeft, maar vrede. Anderen geloven dat over vrede niet onderhandeld kan worden vanuit een zwakke positie.<\/p>\n<p>We bekijken hoe we via onze werkgroep kunnen bijdragen aan vrede, terwijl we al het nieuws over het conflict op de voet volgen.<\/p>","protected":false},"excerpt":{"rendered":"<p>Ukraine, le dessous des cartes La Russie a envahi l&rsquo;Ukraine le 24 f\u00e9vrier 2022, poursuivant son op\u00e9ration commenc\u00e9e en 2014 avec l&rsquo;annexion de la Crim\u00e9e. La souverainet\u00e9 et les fronti\u00e8res terrestres ont \u00e9t\u00e9 fondamentalement viol\u00e9es dans le processus. Deux provinces&#8230;<\/p>","protected":false},"author":1,"featured_media":531,"parent":102,"menu_order":8,"comment_status":"closed","ping_status":"closed","template":"","meta":{"_acf_changed":false,"footnotes":""},"categories":[],"tags":[],"class_list":["post-196","page","type-page","status-publish","has-post-thumbnail","hentry"],"acf":[],"_links":{"self":[{"href":"https:\/\/aepl.eu\/nl\/wp-json\/wp\/v2\/pages\/196","targetHints":{"allow":["GET"]}}],"collection":[{"href":"https:\/\/aepl.eu\/nl\/wp-json\/wp\/v2\/pages"}],"about":[{"href":"https:\/\/aepl.eu\/nl\/wp-json\/wp\/v2\/types\/page"}],"author":[{"embeddable":true,"href":"https:\/\/aepl.eu\/nl\/wp-json\/wp\/v2\/users\/1"}],"replies":[{"embeddable":true,"href":"https:\/\/aepl.eu\/nl\/wp-json\/wp\/v2\/comments?post=196"}],"version-history":[{"count":0,"href":"https:\/\/aepl.eu\/nl\/wp-json\/wp\/v2\/pages\/196\/revisions"}],"up":[{"embeddable":true,"href":"https:\/\/aepl.eu\/nl\/wp-json\/wp\/v2\/pages\/102"}],"wp:featuredmedia":[{"embeddable":true,"href":"https:\/\/aepl.eu\/nl\/wp-json\/wp\/v2\/media\/531"}],"wp:attachment":[{"href":"https:\/\/aepl.eu\/nl\/wp-json\/wp\/v2\/media?parent=196"}],"wp:term":[{"taxonomy":"category","embeddable":true,"href":"https:\/\/aepl.eu\/nl\/wp-json\/wp\/v2\/categories?post=196"},{"taxonomy":"post_tag","embeddable":true,"href":"https:\/\/aepl.eu\/nl\/wp-json\/wp\/v2\/tags?post=196"}],"curies":[{"name":"wp","href":"https:\/\/api.w.org\/{rel}","templated":true}]}}