{"id":177,"date":"2023-06-07T14:14:31","date_gmt":"2023-06-07T12:14:31","guid":{"rendered":"http:\/\/aepl.uu\/?page_id=177"},"modified":"2023-07-14T09:56:26","modified_gmt":"2023-07-14T07:56:26","slug":"bedrijfsmodus","status":"publish","type":"page","link":"https:\/\/aepl.eu\/nl\/structuur\/bedrijfsmodus\/","title":{"rendered":"Bedrijfsmodus"},"content":{"rendered":"<p><u>Bedrijfsmodus<\/u><\/p>\n<p>Onze denktank bestaat uit :<\/p>\n<ul>\n<li>a <strong>Raad van bestuur<\/strong>geco\u00f6rdineerd door de voorzitter, en<\/li>\n<li>a <strong>Netwerk van correspondenten<\/strong>geco\u00f6rdineerd door de vicevoorzitter<\/li>\n<\/ul>","protected":false},"excerpt":{"rendered":"<p>Mode de fonctionnement Notre groupe de r\u00e9flexion (\u00ab\u00a0think tank\u00a0\u00bb) est compos\u00e9 : d&rsquo;un Organe d&rsquo;Administration, coordonn\u00e9 par le Pr\u00e9sident, et d&rsquo;un R\u00e9seau de Correspondants, coordonn\u00e9 par la Vice-Pr\u00e9sidente<\/p>","protected":false},"author":1,"featured_media":0,"parent":166,"menu_order":3,"comment_status":"closed","ping_status":"closed","template":"","meta":{"_acf_changed":false,"footnotes":""},"categories":[],"tags":[],"class_list":["post-177","page","type-page","status-publish","hentry"],"acf":[],"_links":{"self":[{"href":"https:\/\/aepl.eu\/nl\/wp-json\/wp\/v2\/pages\/177","targetHints":{"allow":["GET"]}}],"collection":[{"href":"https:\/\/aepl.eu\/nl\/wp-json\/wp\/v2\/pages"}],"about":[{"href":"https:\/\/aepl.eu\/nl\/wp-json\/wp\/v2\/types\/page"}],"author":[{"embeddable":true,"href":"https:\/\/aepl.eu\/nl\/wp-json\/wp\/v2\/users\/1"}],"replies":[{"embeddable":true,"href":"https:\/\/aepl.eu\/nl\/wp-json\/wp\/v2\/comments?post=177"}],"version-history":[{"count":0,"href":"https:\/\/aepl.eu\/nl\/wp-json\/wp\/v2\/pages\/177\/revisions"}],"up":[{"embeddable":true,"href":"https:\/\/aepl.eu\/nl\/wp-json\/wp\/v2\/pages\/166"}],"wp:attachment":[{"href":"https:\/\/aepl.eu\/nl\/wp-json\/wp\/v2\/media?parent=177"}],"wp:term":[{"taxonomy":"category","embeddable":true,"href":"https:\/\/aepl.eu\/nl\/wp-json\/wp\/v2\/categories?post=177"},{"taxonomy":"post_tag","embeddable":true,"href":"https:\/\/aepl.eu\/nl\/wp-json\/wp\/v2\/tags?post=177"}],"curies":[{"name":"wp","href":"https:\/\/api.w.org\/{rel}","templated":true}]}}