{"id":94,"date":"2023-05-24T12:43:40","date_gmt":"2023-05-24T10:43:40","guid":{"rendered":"http:\/\/aepl.uu\/?page_id=94"},"modified":"2023-07-17T14:26:51","modified_gmt":"2023-07-17T12:26:51","slug":"a-proposito","status":"publish","type":"page","link":"https:\/\/aepl.eu\/it\/a-proposito\/","title":{"rendered":"Chi siamo"},"content":{"rendered":"<p>La Seconda guerra mondiale ha lasciato l'Europa devastata e in rovina. Per trasformarla nell'area di pace, libert\u00e0, prosperit\u00e0 e solidariet\u00e0 che conosciamo oggi, abbiamo dovuto convincere i nemici di ieri.<\/p>\n<p>Restava tutto da inventare per realizzare questa utopia, senza precedenti nella storia. Paesi in guerra tra loro da secoli riuscirono a unirsi e a mettere in comune intere porzioni di sovranit\u00e0. \"Uniti nella diversit\u00e0\", il motto dell'Unione Europea (UE), simboleggia su scala continentale i valori di tolleranza ispirati dall'Illuminismo.<\/p>\n<p>In un momento in cui l'UE sta vivendo la pi\u00f9 grande serie di crisi della sua storia, i liberi pensatori hanno il dovere di essere presenti. Nel 2007, tre amici che conoscevano le istituzioni europee hanno deciso di fondare l'AEPL a Bruxelles.<\/p>\n<p>L'obiettivo \u00e8 portare i nostri valori nel \"Dialogo\" tra le istituzioni dell'UE e le organizzazioni non confessionali e religiose.<\/p>\n<p>Il nostro movimento occupa oggi una posizione unica a Bruxelles grazie alla sua reattivit\u00e0 e combattivit\u00e0. Le nostre azioni mirate su temi specifici ci hanno permesso di far sentire la nostra voce alle istituzioni europee e di trasmettere i nostri valori di progresso, libert\u00e0 di coscienza e tolleranza sia alla Commissione che al Parlamento europeo. La nostra conoscenza del funzionamento interno dell'UE e il nostro impegno risoluto per l'Europa hanno fatto s\u00ec che le nostre competenze siano apprezzate dalle istituzioni in un'ampia gamma di settori (politico, economico, sociale, laico, bioetico, digitale, migrazione, difesa, ecc.)<\/p>\n<p>L'associazione ha sede a Bruxelles, vicino alle istituzioni europee.<\/p>\n<p><strong>L'Unione europea \u00e8 la pi\u00f9 grande avventura politica, economica, sociale e culturale a cui abbiamo mai partecipato.<\/strong><\/p>\n<p><strong>Promuoviamo insieme i nostri valori umanistici e massonici per costruire l'Europa.<\/strong><\/p>","protected":false},"excerpt":{"rendered":"<p>La Seconda guerra mondiale ha lasciato l'Europa devastata e in rovina. Per trasformarla nell'area di pace, libert\u00e0, prosperit\u00e0 e solidariet\u00e0 che conosciamo oggi, abbiamo dovuto convincere i nemici di ieri. Bisognava inventare di tutto perch\u00e9 ci\u00f2 accadesse...<\/p>","protected":false},"author":1,"featured_media":0,"parent":0,"menu_order":3,"comment_status":"closed","ping_status":"closed","template":"templates\/parent-intern.php","meta":{"_acf_changed":false,"footnotes":""},"categories":[],"tags":[],"class_list":["post-94","page","type-page","status-publish","hentry"],"acf":[],"_links":{"self":[{"href":"https:\/\/aepl.eu\/it\/wp-json\/wp\/v2\/pages\/94","targetHints":{"allow":["GET"]}}],"collection":[{"href":"https:\/\/aepl.eu\/it\/wp-json\/wp\/v2\/pages"}],"about":[{"href":"https:\/\/aepl.eu\/it\/wp-json\/wp\/v2\/types\/page"}],"author":[{"embeddable":true,"href":"https:\/\/aepl.eu\/it\/wp-json\/wp\/v2\/users\/1"}],"replies":[{"embeddable":true,"href":"https:\/\/aepl.eu\/it\/wp-json\/wp\/v2\/comments?post=94"}],"version-history":[{"count":0,"href":"https:\/\/aepl.eu\/it\/wp-json\/wp\/v2\/pages\/94\/revisions"}],"wp:attachment":[{"href":"https:\/\/aepl.eu\/it\/wp-json\/wp\/v2\/media?parent=94"}],"wp:term":[{"taxonomy":"category","embeddable":true,"href":"https:\/\/aepl.eu\/it\/wp-json\/wp\/v2\/categories?post=94"},{"taxonomy":"post_tag","embeddable":true,"href":"https:\/\/aepl.eu\/it\/wp-json\/wp\/v2\/tags?post=94"}],"curies":[{"name":"wp","href":"https:\/\/api.w.org\/{rel}","templated":true}]}}