{"id":744,"date":"2023-10-20T09:32:52","date_gmt":"2023-10-20T07:32:52","guid":{"rendered":"https:\/\/aepl.eu\/?page_id=744"},"modified":"2023-10-20T09:44:51","modified_gmt":"2023-10-20T07:44:51","slug":"europa-terre-dasile","status":"publish","type":"page","link":"https:\/\/aepl.eu\/it\/temi\/europa-terre-dasile\/","title":{"rendered":"Europa, terra d'asilo"},"content":{"rendered":"<h2>Europa, da rifugiato politico a rifugiato climatico<\/h2>\n<p>Milioni di persone sono costrette a spostarsi in tutto il mondo. Questi movimenti migratori sono destinati ad aumentare a causa di disastri naturali e ambientali. Attualmente, solo la migrazione politica \u00e8 coperta dal diritto d'asilo. La Convenzione di Ginevra del 28 luglio 1951 e il suo protocollo del 1967 sullo status dei rifugiati, ratificati da 145 Stati, stabiliscono l'obbligo di non respingimento degli Stati ai sensi del diritto internazionale nei confronti dei rifugiati e dei richiedenti asilo. Questo obbligo \u00e8 stato creato dal legislatore per proteggere i rifugiati.<\/p>\n<p>In questo spirito, l'obiettivo \u00e8 trovare il modo di creare le condizioni per proteggere i diritti umani di coloro che sono vittime di disastri naturali o dell'inquinamento, in modo da poterli curare meglio.<\/p>\n<p>La responsabilit\u00e0 climatica \u00e8 difficile, se non impossibile, da determinare, ma questo non dovrebbe impedire lo sviluppo di politiche specifiche volte a proteggere le persone costrette a spostarsi a causa di disastri naturali o ambientali. L'Europa ha senza dubbio una responsabilit\u00e0 particolare nell'avviare questa riflessione: \u00e8 custode dell'attuale status di rifugiato, che ha creato, e come molti altri Paesi si trover\u00e0 presto ad affrontare questo fenomeno, che non ha precedenti nella storia dell'umanit\u00e0.<\/p>\n<p>La migrazione \u00e8 inevitabile in alcuni casi e gli Stati dovrebbero creare gli strumenti per misurare gli obblighi e quindi rispondere ai danni, evitando situazioni di respingimento. Sebbene sia praticamente impossibile definire lo status giuridico dei migranti climatici, dovrebbe essere possibile proteggere gli individui.<\/p>\n<p>L'obiettivo \u00e8 ottenere la creazione di uno status di rifugiato climatico e la sua attuazione, con i seguenti sotto-obiettivi:<\/p>\n<ul>\n<li>Correlare lo status di rifugiato politico e ambientale;<\/li>\n<li>Una rassegna del diritto internazionale ;<\/li>\n<li>Identificare tutti i colli di bottiglia e le possibili leve per l'Europa<\/li>\n<li>Fornire argomenti<\/li>\n<li>Produrre analisi per monitorare la strada da percorrere<\/li>\n<li>Organizzare un osservatorio sul tema<\/li>\n<li>Rappresentare attivamente il gruppo di interesse presso le istituzioni europee.<\/li>\n<\/ul>\n<p>Il gruppo si riunir\u00e0 principalmente in videoconferenza<\/p>","protected":false},"excerpt":{"rendered":"<p>Europa, da rifugiato politico a rifugiato climatico Milioni di persone sono costrette a spostarsi nel mondo. Questi movimenti migratori sono destinati ad aumentare a causa di disastri naturali e ambientali. Attualmente si tiene conto solo della migrazione politica.<\/p>","protected":false},"author":1,"featured_media":748,"parent":102,"menu_order":7,"comment_status":"closed","ping_status":"closed","template":"","meta":{"_acf_changed":false,"footnotes":""},"categories":[],"tags":[],"class_list":["post-744","page","type-page","status-publish","has-post-thumbnail","hentry"],"acf":[],"_links":{"self":[{"href":"https:\/\/aepl.eu\/it\/wp-json\/wp\/v2\/pages\/744","targetHints":{"allow":["GET"]}}],"collection":[{"href":"https:\/\/aepl.eu\/it\/wp-json\/wp\/v2\/pages"}],"about":[{"href":"https:\/\/aepl.eu\/it\/wp-json\/wp\/v2\/types\/page"}],"author":[{"embeddable":true,"href":"https:\/\/aepl.eu\/it\/wp-json\/wp\/v2\/users\/1"}],"replies":[{"embeddable":true,"href":"https:\/\/aepl.eu\/it\/wp-json\/wp\/v2\/comments?post=744"}],"version-history":[{"count":0,"href":"https:\/\/aepl.eu\/it\/wp-json\/wp\/v2\/pages\/744\/revisions"}],"up":[{"embeddable":true,"href":"https:\/\/aepl.eu\/it\/wp-json\/wp\/v2\/pages\/102"}],"wp:featuredmedia":[{"embeddable":true,"href":"https:\/\/aepl.eu\/it\/wp-json\/wp\/v2\/media\/748"}],"wp:attachment":[{"href":"https:\/\/aepl.eu\/it\/wp-json\/wp\/v2\/media?parent=744"}],"wp:term":[{"taxonomy":"category","embeddable":true,"href":"https:\/\/aepl.eu\/it\/wp-json\/wp\/v2\/categories?post=744"},{"taxonomy":"post_tag","embeddable":true,"href":"https:\/\/aepl.eu\/it\/wp-json\/wp\/v2\/tags?post=744"}],"curies":[{"name":"wp","href":"https:\/\/api.w.org\/{rel}","templated":true}]}}