{"id":576,"date":"2023-07-07T10:47:28","date_gmt":"2023-07-07T08:47:28","guid":{"rendered":"https:\/\/aepl.eu\/?page_id=576"},"modified":"2023-09-05T16:40:26","modified_gmt":"2023-09-05T14:40:26","slug":"claude-wachtelaer-presidente-del-laepl","status":"publish","type":"page","link":"https:\/\/aepl.eu\/it\/struttura\/membri-onorari\/claude-wachtelaer-presidente-del-laepl\/","title":{"rendered":"Claude Wachtelaer (Past Pr\u00e9sident de l&rsquo;AEPL)"},"content":{"rendered":"<p>Visite de l&rsquo;AEPL \u00e0 la Commission Europ\u00e9enne (de gauche \u00e0 droite) :<\/p>\n<ul>\n<li><strong>Mairead McGuinness<\/strong>Commissario europeo per i servizi finanziari\n<div class=\"hHq9Z\">\n<div class=\"r2VLS\">\n<div data-ias=\"false\"><\/div>\n<\/div>\n<\/div>\n<\/li>\n<li><strong>Frans Timmerman<\/strong>s, Vicepresidente della Commissione europea\n<div class=\"hHq9Z\">\n<div class=\"r2VLS\">\n<div data-ias=\"false\"><\/div>\n<\/div>\n<\/div>\n<\/li>\n<li><strong>Claude Wachtelaer<\/strong>, Past President de l&rsquo;AEPL<\/li>\n<\/ul>","protected":false},"excerpt":{"rendered":"<p>Visite de l&rsquo;AEPL \u00e0 la Commission Europ\u00e9enne (de gauche \u00e0 droite) : Mairead McGuinness, Commissaire europ\u00e9en aux Services financiers Frans Timmermans, Vice-pr\u00e9sident de la Commission europ\u00e9enne Claude Wachtelaer, Past President de l&rsquo;AEPL<\/p>","protected":false},"author":2,"featured_media":579,"parent":180,"menu_order":0,"comment_status":"closed","ping_status":"closed","template":"","meta":{"_acf_changed":false,"footnotes":""},"categories":[],"tags":[],"class_list":["post-576","page","type-page","status-publish","has-post-thumbnail","hentry"],"acf":[],"_links":{"self":[{"href":"https:\/\/aepl.eu\/it\/wp-json\/wp\/v2\/pages\/576","targetHints":{"allow":["GET"]}}],"collection":[{"href":"https:\/\/aepl.eu\/it\/wp-json\/wp\/v2\/pages"}],"about":[{"href":"https:\/\/aepl.eu\/it\/wp-json\/wp\/v2\/types\/page"}],"author":[{"embeddable":true,"href":"https:\/\/aepl.eu\/it\/wp-json\/wp\/v2\/users\/2"}],"replies":[{"embeddable":true,"href":"https:\/\/aepl.eu\/it\/wp-json\/wp\/v2\/comments?post=576"}],"version-history":[{"count":0,"href":"https:\/\/aepl.eu\/it\/wp-json\/wp\/v2\/pages\/576\/revisions"}],"up":[{"embeddable":true,"href":"https:\/\/aepl.eu\/it\/wp-json\/wp\/v2\/pages\/180"}],"wp:featuredmedia":[{"embeddable":true,"href":"https:\/\/aepl.eu\/it\/wp-json\/wp\/v2\/media\/579"}],"wp:attachment":[{"href":"https:\/\/aepl.eu\/it\/wp-json\/wp\/v2\/media?parent=576"}],"wp:term":[{"taxonomy":"category","embeddable":true,"href":"https:\/\/aepl.eu\/it\/wp-json\/wp\/v2\/categories?post=576"},{"taxonomy":"post_tag","embeddable":true,"href":"https:\/\/aepl.eu\/it\/wp-json\/wp\/v2\/tags?post=576"}],"curies":[{"name":"wp","href":"https:\/\/api.w.org\/{rel}","templated":true}]}}