{"id":310,"date":"2023-06-13T14:05:26","date_gmt":"2023-06-13T12:05:26","guid":{"rendered":"https:\/\/aepl.eu\/?page_id=310"},"modified":"2023-06-20T09:31:16","modified_gmt":"2023-06-20T07:31:16","slug":"egale","status":"publish","type":"page","link":"https:\/\/aepl.eu\/it\/partner\/francia\/egale\/","title":{"rendered":"Egale"},"content":{"rendered":"<p style=\"font-weight: 400;\">L'obiettivo di EGALE \u00e8 promuovere e condividere i valori umanistici e laici della Repubblica francese e il suo motto: \"Libert\u00e9, \u00c9galit\u00e9, Fraternit\u00e9\".<\/p>\n<p style=\"font-weight: 400;\">In pratica:<\/p>\n<ul style=\"font-weight: 400;\">\n<li>L'EGALE \u00e8 accreditato presso l'Unione europea e partecipa alle riunioni di dialogo con la Commissione e il Parlamento europeo (art. 17 del Trattato sul funzionamento dell'UE).<\/li>\n<li>EGALE ha sostenuto l'asilo nido Baby-Loup nella sua lotta per il rispetto della neutralit\u00e0 da parte dei dipendenti dell'associazione e si \u00e8 adoperata affinch\u00e9 la legislazione sul lavoro permettesse alle aziende di imporre la neutralit\u00e0 nei loro regolamenti interni, se lo ritenevano necessario per garantirne il buon funzionamento.<\/li>\n<li>EGALE \u00e8 membro del Collettivo laico nazionale e della Rete laica europea.<\/li>\n<li>EGALE progetta e gestisce corsi di formazione, conferenze, incontri e colloqui sulla laicit\u00e0.<\/li>\n<li>EGALE \u00e8 presieduta da Fran\u00e7oise Laborde, ex senatrice e vicepresidente della Commissione per i diritti delle donne del Senato.<\/li>\n<\/ul>\n<p style=\"font-weight: 400;\">Sito web: contact@egale.eu<\/p>","protected":false},"excerpt":{"rendered":"<p>L'obiettivo di EGALE \u00e8 promuovere e condividere i valori umanistici e laici della Repubblica francese e il suo motto: \"Libert\u00e9, \u00c9galit\u00e9, Fraternit\u00e9\". In pratica: EGALE \u00e8 accreditata dall'Unione Europea e partecipa a incontri di dialogo con...<\/p>","protected":false},"author":2,"featured_media":515,"parent":291,"menu_order":0,"comment_status":"closed","ping_status":"closed","template":"","meta":{"_acf_changed":false,"footnotes":""},"categories":[],"tags":[],"class_list":["post-310","page","type-page","status-publish","has-post-thumbnail","hentry"],"acf":[],"_links":{"self":[{"href":"https:\/\/aepl.eu\/it\/wp-json\/wp\/v2\/pages\/310","targetHints":{"allow":["GET"]}}],"collection":[{"href":"https:\/\/aepl.eu\/it\/wp-json\/wp\/v2\/pages"}],"about":[{"href":"https:\/\/aepl.eu\/it\/wp-json\/wp\/v2\/types\/page"}],"author":[{"embeddable":true,"href":"https:\/\/aepl.eu\/it\/wp-json\/wp\/v2\/users\/2"}],"replies":[{"embeddable":true,"href":"https:\/\/aepl.eu\/it\/wp-json\/wp\/v2\/comments?post=310"}],"version-history":[{"count":0,"href":"https:\/\/aepl.eu\/it\/wp-json\/wp\/v2\/pages\/310\/revisions"}],"up":[{"embeddable":true,"href":"https:\/\/aepl.eu\/it\/wp-json\/wp\/v2\/pages\/291"}],"wp:featuredmedia":[{"embeddable":true,"href":"https:\/\/aepl.eu\/it\/wp-json\/wp\/v2\/media\/515"}],"wp:attachment":[{"href":"https:\/\/aepl.eu\/it\/wp-json\/wp\/v2\/media?parent=310"}],"wp:term":[{"taxonomy":"category","embeddable":true,"href":"https:\/\/aepl.eu\/it\/wp-json\/wp\/v2\/categories?post=310"},{"taxonomy":"post_tag","embeddable":true,"href":"https:\/\/aepl.eu\/it\/wp-json\/wp\/v2\/tags?post=310"}],"curies":[{"name":"wp","href":"https:\/\/api.w.org\/{rel}","templated":true}]}}