{"id":307,"date":"2023-06-13T14:02:27","date_gmt":"2023-06-13T12:02:27","guid":{"rendered":"https:\/\/aepl.eu\/?page_id=307"},"modified":"2023-06-20T09:29:21","modified_gmt":"2023-06-20T07:29:21","slug":"relux","status":"publish","type":"page","link":"https:\/\/aepl.eu\/it\/partner\/lussemburgo\/relux\/","title":{"rendered":"RELUX"},"content":{"rendered":"<h2>Perch\u00e9 Les Rencontres Europ\u00e9ennes de Luxembourg?<\/h2>\n<p>Dal 1945 \u00e8 chiaro che \u00e8 necessaria un'Europa unita.<\/p>\n<p>Le guerre pi\u00f9 insensate e la dissoluzione degli imperi europei che avevano dominato il mondo per quattro secoli e mezzo hanno creato nuovi equilibri di potere economici e militari. Di fronte agli Stati Uniti, alla Cina, alla Russia e alle potenze emergenti, l'Europa pu\u00f2 reggere solo se mette insieme in modo intelligente tutte le risorse umane, politiche, finanziarie, scientifiche e culturali dei suoi Stati.<\/p>\n<p>In effetti, in questo mondo ancora disorientato, instabile e pericoloso, l'Europa pu\u00f2 essere un modello da seguire. Difensore della libert\u00e0, dello Stato di diritto e della solidariet\u00e0 sociale, con un bagaglio di esperienze felici e disastrose a cui attingere, l'Europa \u00e8 oggi un modello per miliardi di persone che vivono in condizioni difficili in Asia, Africa e nelle Americhe.<\/p>\n<p>Ma noi europei sappiamo quanto siamo lontani dal possibile.<\/p>\n<p>Perci\u00f2 c'\u00e8 sempre bisogno che i cittadini pi\u00f9 lucidi si riuniscano per discutere di problemi e soluzioni fondamentali e per sviluppare e diffondere idee e concetti in modo efficace in un contesto politico, culturale e linguistico complesso.<\/p>\n<p>L'iniziativa del Lussemburgo, lanciata 25 anni fa, fa parte di questo approccio paziente.<\/p>\n<p>Con\u00e7ues pour faire avancer les choses tant soit peu, mais inexorablement, les Rencontres europ\u00e9ennes de Luxembourg permettent d\u2019examiner vivement des points qui peuvent exasp\u00e9rer ou f\u00e2cher. Leurs objectifs : encourager des \u00e9changes ouverts et pluridisciplinaires \u00e0 l&rsquo;\u00e9chelle europ\u00e9enne ; stimuler le d\u00e9veloppement de d\u00e9bats \u00e9thiques, sociaux et politiques sur l&rsquo;avenir de la (ou des) soci\u00e9t\u00e9(s) europ\u00e9enne(s).<\/p>\n<h2>L'organizzazione<\/h2>\n<p>Les Rencontres Europ\u00e9ennes de Luxembourg \u00e8 un'associazione aperta e indipendente gestita da un team di volontari.<\/p>\n<p>Chaque ann\u00e9e, un comit\u00e9 de coordination a pour mission d\u2019organiser un colloque (traditionnellement le troisi\u00e8me samedi du mois d\u2019octobre) sur un th\u00e8me de travail sp\u00e9cifique. A chaque fois, plus d\u2019une centaine de participants, de pays et d&rsquo;horizons diff\u00e9rents, viennent d\u00e9battre avec des intervenants venus du Luxembourg, de France, de Belgique, de Suisse, mais aussi d&rsquo;Espagne, d&rsquo;Italie, d\u2019Allemagne, de Su\u00e8de, des \u00c9tats-Unis, d\u2019Alg\u00e9rie, du Maroc, d\u2019Isra\u00ebl\u2026 Ces intervenants, acteurs et penseurs &#8211; \u00e9lus, journalistes, scientifiques, repr\u00e9sentants du monde de l&rsquo;entreprise et de l&rsquo;administration, universitaires\u2026, animent les d\u00e9bats, dans un souci du respect de l\u2019autre, de la compl\u00e9mentarit\u00e9 de chacun, apportant tour \u00e0 tour une pierre \u00e0 l\u2019\u00e9difice europ\u00e9en que nous construisons tous ensembles.<\/p>\n<p>I Rencontres hanno anche sviluppato una serie di \"strumenti\" per garantire un pubblico pi\u00f9 ampio:<\/p>\n<ul>\n<li>Il \"Club des Amis des Rencontres\" riunisce persone di ogni provenienza geografica e filosofica che desiderano sostenere i Rencontres europ\u00e9ennes de Luxembourg, sia finanziariamente che attraverso il loro lavoro di preparazione alla conferenza.<\/li>\n<li>Il sito web dei Rencontres <a href=\"http:\/\/www.relux.lu\">http:\/\/www.relux.lu<\/a> \u00e8 stato progettato per comunicare sia le discussioni preparatorie che le conclusioni del lavoro. La storia del lavoro degli anni precedenti \u00e8 attualmente in fase di trasferimento dal vecchio al nuovo sito, per renderla accessibile al maggior numero possibile di persone.<\/li>\n<\/ul>","protected":false},"excerpt":{"rendered":"<p>Perch\u00e9 i Rencontres Europ\u00e9ennes de Luxembourg? Dal 1945 \u00e8 emersa chiaramente la necessit\u00e0 di un'Europa unita. La pi\u00f9 insensata delle guerre e la dissoluzione degli imperi europei che avevano dominato il mondo per quattro secoli e mezzo avevano...<\/p>","protected":false},"author":2,"featured_media":514,"parent":294,"menu_order":0,"comment_status":"closed","ping_status":"closed","template":"","meta":{"_acf_changed":false,"footnotes":""},"categories":[],"tags":[],"class_list":["post-307","page","type-page","status-publish","has-post-thumbnail","hentry"],"acf":[],"_links":{"self":[{"href":"https:\/\/aepl.eu\/it\/wp-json\/wp\/v2\/pages\/307","targetHints":{"allow":["GET"]}}],"collection":[{"href":"https:\/\/aepl.eu\/it\/wp-json\/wp\/v2\/pages"}],"about":[{"href":"https:\/\/aepl.eu\/it\/wp-json\/wp\/v2\/types\/page"}],"author":[{"embeddable":true,"href":"https:\/\/aepl.eu\/it\/wp-json\/wp\/v2\/users\/2"}],"replies":[{"embeddable":true,"href":"https:\/\/aepl.eu\/it\/wp-json\/wp\/v2\/comments?post=307"}],"version-history":[{"count":0,"href":"https:\/\/aepl.eu\/it\/wp-json\/wp\/v2\/pages\/307\/revisions"}],"up":[{"embeddable":true,"href":"https:\/\/aepl.eu\/it\/wp-json\/wp\/v2\/pages\/294"}],"wp:featuredmedia":[{"embeddable":true,"href":"https:\/\/aepl.eu\/it\/wp-json\/wp\/v2\/media\/514"}],"wp:attachment":[{"href":"https:\/\/aepl.eu\/it\/wp-json\/wp\/v2\/media?parent=307"}],"wp:term":[{"taxonomy":"category","embeddable":true,"href":"https:\/\/aepl.eu\/it\/wp-json\/wp\/v2\/categories?post=307"},{"taxonomy":"post_tag","embeddable":true,"href":"https:\/\/aepl.eu\/it\/wp-json\/wp\/v2\/tags?post=307"}],"curies":[{"name":"wp","href":"https:\/\/api.w.org\/{rel}","templated":true}]}}