{"id":202,"date":"2023-06-07T14:23:07","date_gmt":"2023-06-07T12:23:07","guid":{"rendered":"http:\/\/aepl.uu\/?page_id=202"},"modified":"2023-06-20T10:06:15","modified_gmt":"2023-06-20T08:06:15","slug":"leuropa-la-difesa","status":"publish","type":"page","link":"https:\/\/aepl.eu\/it\/temi\/leuropa-la-difesa\/","title":{"rendered":"Difesa europea"},"content":{"rendered":"<h3>Obiettivi:<\/h3>\n<p>- Il\u00a0<b class=\"\">maintien de la paix en Europe et son r\u00e9tablissement dans son voisinage refl\u00e8te bien les exigences \u00e9thiques que l&rsquo;AEPL exprime lors des contacts avec la Commission.<\/b><br \/>\n- La misurazione di\u00a0<b class=\"\">influenza geopolitica<\/b> dell'Europa, che mira a imporre i propri valori etici, umanistici, universalistici e progressisti nel modo pi\u00f9 ampio possibile: <b class=\"\">L'Europa si distingue tra le potenze per i suoi sforzi di promozione della pace universale.<\/b><\/p>\n<h3>Come lavoriamo<\/h3>\n<p><b class=\"\">Il GTED effettua un monitoraggio quotidiano<\/b> des questions de d\u00e9fense et d&rsquo;industrie de d\u00e9fense. En particulier, le GTED surveille l&rsquo;application des l\u00e9gislations actuelles relatives \u00e0 <b class=\"\">il <\/b>d\u00e9fense et \u00e0 l&rsquo;industrie de d\u00e9fense<b class=\"\"> <\/b>e monitora <b class=\"\">le proposte legislative della Commissione europea su <\/b>de d\u00e9fense et d&rsquo;industrie de d\u00e9fense.<\/p>\n<p>A travers l\u2019AEPL, le GTED a l&rsquo;ambition de contribuer activement \u00e0 l\u2019\u00e9laboration de la politique europ\u00e9enne de d\u00e9fense, en r\u00e9digeant des <strong>documenti di sintesi<\/strong><b class=\"\">\u00a0e lettere<\/b> \u00e0 la Pr\u00e9sidente de la Commission, au Haut Repr\u00e9sentant et aux Commissaires europ\u00e9ens impliqu\u00e9s dans les questions de d\u00e9fense et l&rsquo;industrie de d\u00e9fense.<\/p>\n<p>Questi documenti saranno resi pubblici e disponibili sul sito web dell'AEPL.<\/p>\n<p>I membri del GTED parleranno con <b class=\"\">les fonctionnaires du Service europ\u00e9en pour l&rsquo;action ext\u00e9rieure et de la DG CONNECT<\/b> de la Commission qui sont en charge des questions de d\u00e9fense et d&rsquo;industrie de d\u00e9fense afin de pr\u00e9senter et discuter la position de l\u2019AEPL. Le GTED r\u00e9pondra aux demandes des fonctionnaires en charge de l\u2019application de l\u2019Art.17<\/p>\n<p>Le <b class=\"\">Il GTED si attiver\u00e0 per rappresentare i propri interessi<\/b>\u00a0in particolare al Parlamento europeo e al Consiglio.<\/p>","protected":false},"excerpt":{"rendered":"<p>Les objectifs poursuivis : &#8211; Le\u00a0maintien de la paix en Europe et son r\u00e9tablissement dans son voisinage refl\u00e8te bien les exigences \u00e9thiques que l&rsquo;AEPL exprime lors des contacts avec la Commission. &#8211; La mesure de\u00a0l\u2019influence g\u00e9opolitique de l\u2019Europe qui vise&#8230;<\/p>","protected":false},"author":1,"featured_media":530,"parent":102,"menu_order":6,"comment_status":"closed","ping_status":"closed","template":"","meta":{"_acf_changed":false,"footnotes":""},"categories":[],"tags":[],"class_list":["post-202","page","type-page","status-publish","has-post-thumbnail","hentry"],"acf":[],"_links":{"self":[{"href":"https:\/\/aepl.eu\/it\/wp-json\/wp\/v2\/pages\/202","targetHints":{"allow":["GET"]}}],"collection":[{"href":"https:\/\/aepl.eu\/it\/wp-json\/wp\/v2\/pages"}],"about":[{"href":"https:\/\/aepl.eu\/it\/wp-json\/wp\/v2\/types\/page"}],"author":[{"embeddable":true,"href":"https:\/\/aepl.eu\/it\/wp-json\/wp\/v2\/users\/1"}],"replies":[{"embeddable":true,"href":"https:\/\/aepl.eu\/it\/wp-json\/wp\/v2\/comments?post=202"}],"version-history":[{"count":0,"href":"https:\/\/aepl.eu\/it\/wp-json\/wp\/v2\/pages\/202\/revisions"}],"up":[{"embeddable":true,"href":"https:\/\/aepl.eu\/it\/wp-json\/wp\/v2\/pages\/102"}],"wp:featuredmedia":[{"embeddable":true,"href":"https:\/\/aepl.eu\/it\/wp-json\/wp\/v2\/media\/530"}],"wp:attachment":[{"href":"https:\/\/aepl.eu\/it\/wp-json\/wp\/v2\/media?parent=202"}],"wp:term":[{"taxonomy":"category","embeddable":true,"href":"https:\/\/aepl.eu\/it\/wp-json\/wp\/v2\/categories?post=202"},{"taxonomy":"post_tag","embeddable":true,"href":"https:\/\/aepl.eu\/it\/wp-json\/wp\/v2\/tags?post=202"}],"curies":[{"name":"wp","href":"https:\/\/api.w.org\/{rel}","templated":true}]}}