{"id":193,"date":"2023-06-07T14:21:15","date_gmt":"2023-06-07T12:21:15","guid":{"rendered":"http:\/\/aepl.uu\/?page_id=193"},"modified":"2023-06-20T09:53:14","modified_gmt":"2023-06-20T07:53:14","slug":"europa-climatica","status":"publish","type":"page","link":"https:\/\/aepl.eu\/it\/temi\/europa-climatica\/","title":{"rendered":"Il clima in Europa"},"content":{"rendered":"<p>L'approccio al problema \u00e8 il seguente:<\/p>\n<h2>O per tema, ognuno dei quali tiene conto di parametri tecnici e umani:<\/h2>\n<h3>Limiti fisici :<\/h3>\n<ol>\n<li>Cambiamento climatico<\/li>\n<li>Erosione della biodiversit\u00e0<\/li>\n<li>Utilizzo di acqua dolce<\/li>\n<li>Acidificazione degli oceani<\/li>\n<li>Interruzione dei cicli biochimici (azoto e fosforo)<\/li>\n<li>Impoverimento dello strato di ozono stratosferico.<\/li>\n<li>Cambiamenti nell'uso del suolo<\/li>\n<li>Inquinamento chimico \/ nuove entit\u00e0 nell'ambiente<\/li>\n<li>Minacce all'atmosfera (aerosol)<\/li>\n<\/ol>\n<h3>Limiti della societ\u00e0 :<\/h3>\n<ol>\n<li>Disuguaglianze nel cambiamento<\/li>\n<li>Attivit\u00e0 economiche<\/li>\n<li>Cittadini e societ\u00e0 civile<\/li>\n<li>Il ruolo delle autorit\u00e0 pubbliche<\/li>\n<li>Resistenza, lobby e propaganda<\/li>\n<\/ol>\n<h2>Sia per tema tecnico che per i principali parametri umani con cui interagisce.<\/h2>\n<p>Esempi:<\/p>\n<ul>\n<li>La presentazione sul clima \u00e8 accompagnata da una presentazione sull'energia e sulle attivit\u00e0 umane che generano CO2.<\/li>\n<li>La presentazione sui contaminanti chimici \u00e8 stata sostituita da una presentazione sugli effetti sugli alimenti e sulla salute.<\/li>\n<li>Una presentazione sulla biodiversit\u00e0 viene sostituita da una sulla pianificazione regionale, ecc.<\/li>\n<\/ul>\n<p>&nbsp;<\/p>\n<p>Il rapporto tra il sociale e il fisico \u00e8 molto importante. Comunicare separatamente su questi temi \u00e8 inadeguato. Non basta evidenziare i limiti e i rischi che essi comportano per il pianeta, la societ\u00e0 e gli individui. Vengono analizzate le possibili soluzioni tecniche e le loro conseguenze sul nostro modo di organizzarci (attivit\u00e0 umane) e sul nostro stile di vita (benessere, felicit\u00e0 individuale e collettiva). Infine, viene discussa l'evoluzione di queste diverse dimensioni.<\/p>","protected":false},"excerpt":{"rendered":"<p>Il problema viene affrontato: O per temi, ognuno dei quali tiene conto di parametri tecnici e umani: Limiti fisici: Cambiamento climatico Erosione della biodiversit\u00e0 Utilizzo di acqua dolce Acidificazione degli oceani Interruzione dei cicli biochimici (azoto e fosforo)...<\/p>","protected":false},"author":1,"featured_media":527,"parent":102,"menu_order":3,"comment_status":"closed","ping_status":"closed","template":"","meta":{"_acf_changed":false,"footnotes":""},"categories":[],"tags":[],"class_list":["post-193","page","type-page","status-publish","has-post-thumbnail","hentry"],"acf":[],"_links":{"self":[{"href":"https:\/\/aepl.eu\/it\/wp-json\/wp\/v2\/pages\/193","targetHints":{"allow":["GET"]}}],"collection":[{"href":"https:\/\/aepl.eu\/it\/wp-json\/wp\/v2\/pages"}],"about":[{"href":"https:\/\/aepl.eu\/it\/wp-json\/wp\/v2\/types\/page"}],"author":[{"embeddable":true,"href":"https:\/\/aepl.eu\/it\/wp-json\/wp\/v2\/users\/1"}],"replies":[{"embeddable":true,"href":"https:\/\/aepl.eu\/it\/wp-json\/wp\/v2\/comments?post=193"}],"version-history":[{"count":0,"href":"https:\/\/aepl.eu\/it\/wp-json\/wp\/v2\/pages\/193\/revisions"}],"up":[{"embeddable":true,"href":"https:\/\/aepl.eu\/it\/wp-json\/wp\/v2\/pages\/102"}],"wp:featuredmedia":[{"embeddable":true,"href":"https:\/\/aepl.eu\/it\/wp-json\/wp\/v2\/media\/527"}],"wp:attachment":[{"href":"https:\/\/aepl.eu\/it\/wp-json\/wp\/v2\/media?parent=193"}],"wp:term":[{"taxonomy":"category","embeddable":true,"href":"https:\/\/aepl.eu\/it\/wp-json\/wp\/v2\/categories?post=193"},{"taxonomy":"post_tag","embeddable":true,"href":"https:\/\/aepl.eu\/it\/wp-json\/wp\/v2\/tags?post=193"}],"curies":[{"name":"wp","href":"https:\/\/api.w.org\/{rel}","templated":true}]}}