{"id":187,"date":"2023-06-07T14:19:26","date_gmt":"2023-06-07T12:19:26","guid":{"rendered":"http:\/\/aepl.uu\/?page_id=187"},"modified":"2023-07-26T10:15:29","modified_gmt":"2023-07-26T08:15:29","slug":"avenir-europe","status":"publish","type":"page","link":"https:\/\/aepl.eu\/it\/temi\/avenir-europe\/","title":{"rendered":"Avenir de l&rsquo;Europe"},"content":{"rendered":"<h2>Contributions de l&rsquo;AEPL au d\u00e9bat sur l&rsquo;avenir de l&rsquo;UE<\/h2>\n<p>Queste comunicazioni sono archiviate sul sito web della Commissione europea.<\/p>\n<h3>Introduction aux synth\u00e8ses de l&rsquo;AEPL<\/h3>\n<p>Cliccare <a href=\"https:\/\/aepl.eu\/wp-content\/uploads\/2023\/07\/Introduction.pdf\" target=\"_blank\" rel=\"noopener\">qui<\/a> da leggere.<\/p>\n<h3>Governance e Stato di diritto<\/h3>\n<p>Cliccare <a href=\"https:\/\/aepl.eu\/wp-content\/uploads\/2023\/07\/Gouvernance.pdf\" target=\"_blank\" rel=\"noopener\">qui<\/a> da leggere.<\/p>\n<h3>Difesa, per la sovranit\u00e0 strategica europea<\/h3>\n<p>Cliccare <a href=\"https:\/\/aepl.eu\/wp-content\/uploads\/2023\/07\/Defense.pdf\" target=\"_blank\" rel=\"noopener\">qui<\/a> da leggere.<\/p>\n<h3>Migrations, r\u00e9former les proc\u00e9dures d&rsquo;asile en UE<\/h3>\n<p>Cliccare <a href=\"https:\/\/aepl.eu\/wp-content\/uploads\/2023\/07\/Asile.pdf\" target=\"_blank\" rel=\"noopener\">qui<\/a> da leggere.<\/p>","protected":false},"excerpt":{"rendered":"<p>Contributions de l&rsquo;AEPL au d\u00e9bat sur l&rsquo;avenir de l&rsquo;UE Ces communications sont stock\u00e9es sur le site web de la Commission europ\u00e9enne. Introduction aux synth\u00e8ses de l&rsquo;AEPL Cliquer ici pour lire. Gouvernance et \u00e9tat de droit Cliquer ici pour lire. D\u00e9fense,&#8230;<\/p>","protected":false},"author":1,"featured_media":526,"parent":102,"menu_order":1,"comment_status":"closed","ping_status":"closed","template":"","meta":{"_acf_changed":false,"footnotes":""},"categories":[],"tags":[],"class_list":["post-187","page","type-page","status-publish","has-post-thumbnail","hentry"],"acf":[],"_links":{"self":[{"href":"https:\/\/aepl.eu\/it\/wp-json\/wp\/v2\/pages\/187","targetHints":{"allow":["GET"]}}],"collection":[{"href":"https:\/\/aepl.eu\/it\/wp-json\/wp\/v2\/pages"}],"about":[{"href":"https:\/\/aepl.eu\/it\/wp-json\/wp\/v2\/types\/page"}],"author":[{"embeddable":true,"href":"https:\/\/aepl.eu\/it\/wp-json\/wp\/v2\/users\/1"}],"replies":[{"embeddable":true,"href":"https:\/\/aepl.eu\/it\/wp-json\/wp\/v2\/comments?post=187"}],"version-history":[{"count":0,"href":"https:\/\/aepl.eu\/it\/wp-json\/wp\/v2\/pages\/187\/revisions"}],"up":[{"embeddable":true,"href":"https:\/\/aepl.eu\/it\/wp-json\/wp\/v2\/pages\/102"}],"wp:featuredmedia":[{"embeddable":true,"href":"https:\/\/aepl.eu\/it\/wp-json\/wp\/v2\/media\/526"}],"wp:attachment":[{"href":"https:\/\/aepl.eu\/it\/wp-json\/wp\/v2\/media?parent=187"}],"wp:term":[{"taxonomy":"category","embeddable":true,"href":"https:\/\/aepl.eu\/it\/wp-json\/wp\/v2\/categories?post=187"},{"taxonomy":"post_tag","embeddable":true,"href":"https:\/\/aepl.eu\/it\/wp-json\/wp\/v2\/tags?post=187"}],"curies":[{"name":"wp","href":"https:\/\/api.w.org\/{rel}","templated":true}]}}