{"id":183,"date":"2023-06-07T14:17:08","date_gmt":"2023-06-07T12:17:08","guid":{"rendered":"http:\/\/aepl.uu\/?page_id=183"},"modified":"2023-06-20T09:01:57","modified_gmt":"2023-06-20T07:01:57","slug":"dialogo-articolo-17","status":"publish","type":"page","link":"https:\/\/aepl.eu\/it\/struttura\/dialogo-articolo-17\/","title":{"rendered":"Articolo 17 dialogo"},"content":{"rendered":"<p><strong><u>Dialogo con chiese, associazioni o comunit\u00e0 religiose e organizzazioni filosofiche e non confessionali.<\/u><\/strong><\/p>\n<p>Dialogo con<\/p>\n<ul>\n<li>chiese, associazioni o comunit\u00e0 religiose e<\/li>\n<li>organizzazioni filosofiche e non confessionali<\/li>\n<\/ul>\n<p>consente un aperto scambio di opinioni tra le istituzioni europee e i principali settori della societ\u00e0 europea sulle politiche dell'UE. \u00c8 stato istituito all'inizio degli anni Novanta dal Presidente della Commissione europea Jacques Delors e offre l'opportunit\u00e0 di impegnarsi nel processo di elaborazione delle politiche europee. Il dialogo \u00e8 attualmente sotto la responsabilit\u00e0 del vicepresidente Schinas.<\/p>\n<p>Ultimo incontro annuale ad alto livello con le associazioni non commerciali (2 dicembre 2022)<\/p>\n<p>Il vicepresidente Schinas ha ospitato l'incontro annuale di alto livello con le organizzazioni non confessionali, insieme al primo vicepresidente del Parlamento europeo, Othmar Karas. Il tema dell'incontro di quest'anno era \"L'impatto della guerra in Ucraina sullo stile di vita europeo\", con nove rappresentanti di organizzazioni filosofiche e non confessionali provenienti da tutta Europa. I partecipanti hanno discusso le conseguenze dell'afflusso di rifugiati ucraini per la politica europea in materia di migrazione e asilo, la crisi energetica e il suo impatto sociale, nonch\u00e9 l'impatto di tali questioni sull'architettura europea, in particolare in vista dei futuri allargamenti dell'Unione europea.<\/p>\n<p>AEPL \u00e8 riconosciuta e regolarmente invitata dalla Commissione europea a partecipare agli incontri di dialogo.<\/p>\n<p>Presidente, <strong><em>Guy T'hooft<\/em><\/strong>e uno dei suoi fondatori, <strong><em>Tony van der Haegen<\/em><\/strong>L'ultima riunione si \u00e8 svolta il 2 dicembre 2022 al Berlaymont di Bruxelles.<\/p>","protected":false},"excerpt":{"rendered":"<p>Dialogo con le chiese, le associazioni o le comunit\u00e0 religiose e le organizzazioni filosofiche e non confessionali Il dialogo con le chiese, le associazioni o le comunit\u00e0 religiose e le organizzazioni filosofiche e non confessionali consente un aperto scambio di opinioni tra...<\/p>","protected":false},"author":1,"featured_media":342,"parent":166,"menu_order":5,"comment_status":"closed","ping_status":"closed","template":"","meta":{"_acf_changed":false,"footnotes":""},"categories":[],"tags":[],"class_list":["post-183","page","type-page","status-publish","has-post-thumbnail","hentry"],"acf":[],"_links":{"self":[{"href":"https:\/\/aepl.eu\/it\/wp-json\/wp\/v2\/pages\/183","targetHints":{"allow":["GET"]}}],"collection":[{"href":"https:\/\/aepl.eu\/it\/wp-json\/wp\/v2\/pages"}],"about":[{"href":"https:\/\/aepl.eu\/it\/wp-json\/wp\/v2\/types\/page"}],"author":[{"embeddable":true,"href":"https:\/\/aepl.eu\/it\/wp-json\/wp\/v2\/users\/1"}],"replies":[{"embeddable":true,"href":"https:\/\/aepl.eu\/it\/wp-json\/wp\/v2\/comments?post=183"}],"version-history":[{"count":0,"href":"https:\/\/aepl.eu\/it\/wp-json\/wp\/v2\/pages\/183\/revisions"}],"up":[{"embeddable":true,"href":"https:\/\/aepl.eu\/it\/wp-json\/wp\/v2\/pages\/166"}],"wp:featuredmedia":[{"embeddable":true,"href":"https:\/\/aepl.eu\/it\/wp-json\/wp\/v2\/media\/342"}],"wp:attachment":[{"href":"https:\/\/aepl.eu\/it\/wp-json\/wp\/v2\/media?parent=183"}],"wp:term":[{"taxonomy":"category","embeddable":true,"href":"https:\/\/aepl.eu\/it\/wp-json\/wp\/v2\/categories?post=183"},{"taxonomy":"post_tag","embeddable":true,"href":"https:\/\/aepl.eu\/it\/wp-json\/wp\/v2\/tags?post=183"}],"curies":[{"name":"wp","href":"https:\/\/api.w.org\/{rel}","templated":true}]}}