{"id":161,"date":"2023-06-07T14:09:04","date_gmt":"2023-06-07T12:09:04","guid":{"rendered":"http:\/\/aepl.uu\/?page_id=161"},"modified":"2023-06-17T17:58:15","modified_gmt":"2023-06-17T15:58:15","slug":"registro-della-trasparenza","status":"publish","type":"page","link":"https:\/\/aepl.eu\/it\/a-proposito\/registro-della-trasparenza\/","title":{"rendered":"Registro della trasparenza"},"content":{"rendered":"<p>AEPL attribuisce grande importanza all'etica e alla trasparenza, che sono state integrate nelle nostre attivit\u00e0 e promosse nelle politiche dell'UE fin dai primi anni 2000.<\/p>\n<div>\n<p>L'AEPL \u00e8 registrata presso il Registro per la trasparenza dal 19\/09\/2014, come associazione senza scopo di lucro (ASBL) di diritto belga con il nome di \"Association Europ\u00e9enne de la Pens\u00e9e Libre\".<\/p>\n<\/div>\n<div>\n<p>AEPL \u00e8 elencata nella categoria \"Organizzazioni non governative, piattaforme e reti e simili\" con il numero di identificazione 188133714462-27.<\/p>\n<\/div>","protected":false},"excerpt":{"rendered":"<p>AEPL attribuisce grande importanza all'etica e alla trasparenza, che \u00e8 stata incorporata nelle nostre attivit\u00e0 e promossa nelle politiche dell'UE fin dai primi anni 2000. AEPL \u00e8 iscritta al Registro della Trasparenza dal 19\/09\/2014,...<\/p>","protected":false},"author":1,"featured_media":0,"parent":94,"menu_order":6,"comment_status":"closed","ping_status":"closed","template":"","meta":{"_acf_changed":false,"footnotes":""},"categories":[],"tags":[],"class_list":["post-161","page","type-page","status-publish","hentry"],"acf":[],"_links":{"self":[{"href":"https:\/\/aepl.eu\/it\/wp-json\/wp\/v2\/pages\/161","targetHints":{"allow":["GET"]}}],"collection":[{"href":"https:\/\/aepl.eu\/it\/wp-json\/wp\/v2\/pages"}],"about":[{"href":"https:\/\/aepl.eu\/it\/wp-json\/wp\/v2\/types\/page"}],"author":[{"embeddable":true,"href":"https:\/\/aepl.eu\/it\/wp-json\/wp\/v2\/users\/1"}],"replies":[{"embeddable":true,"href":"https:\/\/aepl.eu\/it\/wp-json\/wp\/v2\/comments?post=161"}],"version-history":[{"count":0,"href":"https:\/\/aepl.eu\/it\/wp-json\/wp\/v2\/pages\/161\/revisions"}],"up":[{"embeddable":true,"href":"https:\/\/aepl.eu\/it\/wp-json\/wp\/v2\/pages\/94"}],"wp:attachment":[{"href":"https:\/\/aepl.eu\/it\/wp-json\/wp\/v2\/media?parent=161"}],"wp:term":[{"taxonomy":"category","embeddable":true,"href":"https:\/\/aepl.eu\/it\/wp-json\/wp\/v2\/categories?post=161"},{"taxonomy":"post_tag","embeddable":true,"href":"https:\/\/aepl.eu\/it\/wp-json\/wp\/v2\/tags?post=161"}],"curies":[{"name":"wp","href":"https:\/\/api.w.org\/{rel}","templated":true}]}}