{"id":152,"date":"2023-06-07T14:07:26","date_gmt":"2023-06-07T12:07:26","guid":{"rendered":"http:\/\/aepl.uu\/?page_id=152"},"modified":"2023-06-13T14:53:38","modified_gmt":"2023-06-13T12:53:38","slug":"i-nostri-obiettivi","status":"publish","type":"page","link":"https:\/\/aepl.eu\/it\/a-proposito\/i-nostri-obiettivi\/","title":{"rendered":"I nostri obiettivi"},"content":{"rendered":"<ul>\n<li>Creare una rete di liberi pensatori <strong>in Europa,<\/strong> che condividono i valori umanistici e desiderano contribuire attivamente alla costruzione del progetto europeo<\/li>\n<li>Promuovere e\u00a0<strong>difendere il libero pensiero<\/strong> en particulier aupr\u00e8s des institutions europ\u00e9ennes, en suivant les principes explicit\u00e9s dans la Charte de l&rsquo;AEPL<\/li>\n<li>Coinvolgimento in <strong>Articolo 17 dialogo<\/strong>\u00a0del Trattato di Lisbona (TFUE) insieme ad altre associazioni filosofiche e confessioni religiose non confessionali.<\/li>\n<li>Garantire\u00a0<strong>separazione tra Stato e<\/strong>\u00a0<strong>chiese <\/strong>nell'area europea e promuoverlo<strong>\u00a0al di fuori dell'UE<\/strong><\/li>\n<li>Promuovere una societ\u00e0 civile in cui la comunicazione tra culture diverse sia basata sul dialogo e sul rispetto reciproco.\u00a0<strong>non dare libero sfogo, a livello europeo, alle sole forze religiose e confessionali<\/strong><\/li>\n<li><strong>Difendere e promuovere i diritti e le libert\u00e0<\/strong>\u00a0espressa nella Carta dei diritti fondamentali dell'Unione europea<\/li>\n<li><strong>Lotta al populismo e al nazionalismo<\/strong>\u00a0che minacciano la pace<\/li>\n<li>Promuovere<strong>Stato di diritto<\/strong>\u00a0e\u00a0<strong>libert\u00e0 fondamentali<\/strong>\u00a0all'interno e all'esterno dell'UE.<\/li>\n<\/ul>","protected":false},"excerpt":{"rendered":"<p>Creare una rete di liberi pensatori in Europa che condividano i valori dell'umanesimo e desiderino contribuire attivamente alla costruzione del progetto europeo Promuovere e difendere il libero pensiero, in particolare presso le istituzioni europee, secondo i principi...<\/p>","protected":false},"author":1,"featured_media":0,"parent":94,"menu_order":3,"comment_status":"closed","ping_status":"closed","template":"","meta":{"_acf_changed":false,"footnotes":""},"categories":[],"tags":[],"class_list":["post-152","page","type-page","status-publish","hentry"],"acf":[],"_links":{"self":[{"href":"https:\/\/aepl.eu\/it\/wp-json\/wp\/v2\/pages\/152","targetHints":{"allow":["GET"]}}],"collection":[{"href":"https:\/\/aepl.eu\/it\/wp-json\/wp\/v2\/pages"}],"about":[{"href":"https:\/\/aepl.eu\/it\/wp-json\/wp\/v2\/types\/page"}],"author":[{"embeddable":true,"href":"https:\/\/aepl.eu\/it\/wp-json\/wp\/v2\/users\/1"}],"replies":[{"embeddable":true,"href":"https:\/\/aepl.eu\/it\/wp-json\/wp\/v2\/comments?post=152"}],"version-history":[{"count":0,"href":"https:\/\/aepl.eu\/it\/wp-json\/wp\/v2\/pages\/152\/revisions"}],"up":[{"embeddable":true,"href":"https:\/\/aepl.eu\/it\/wp-json\/wp\/v2\/pages\/94"}],"wp:attachment":[{"href":"https:\/\/aepl.eu\/it\/wp-json\/wp\/v2\/media?parent=152"}],"wp:term":[{"taxonomy":"category","embeddable":true,"href":"https:\/\/aepl.eu\/it\/wp-json\/wp\/v2\/categories?post=152"},{"taxonomy":"post_tag","embeddable":true,"href":"https:\/\/aepl.eu\/it\/wp-json\/wp\/v2\/tags?post=152"}],"curies":[{"name":"wp","href":"https:\/\/api.w.org\/{rel}","templated":true}]}}