{"id":124,"date":"2023-05-24T14:46:51","date_gmt":"2023-05-24T12:46:51","guid":{"rendered":"http:\/\/aepl.uu\/?page_id=124"},"modified":"2023-05-24T14:49:12","modified_gmt":"2023-05-24T12:49:12","slug":"punteggio-pieno","status":"publish","type":"page","link":"https:\/\/aepl.eu\/it\/punteggio-pieno\/","title":{"rendered":"Informazioni legali"},"content":{"rendered":"<h2 class=\"wp-block-heading\">Informazioni sul sito<\/h2>\r\n\r\n\r\nLe contenu de ce site (ci-apr\u00e8s d\u00e9nomm\u00e9 le \u00ab Site \u00bb, ce qui inclut toutes les pages du Site) est purement informatif et a pour objet la transmission d\u2019informations \u00e0 usage priv\u00e9.\r\n\r\n\r\n\r\nToutes les informations accessibles sur ce Site (contenus, donn\u00e9es, articles, dossiers, fiches pratiques, documents t\u00e9l\u00e9chargeables, repr\u00e9sentations iconographiques, photos, images, sch\u00e9mas, logos, etc., ci-apr\u00e8s d\u00e9nomm\u00e9es les \u00ab Informations du Site \u00bb) sont la propri\u00e9t\u00e9 exclusive de l&rsquo;AEPL (ci-apr\u00e8s d\u00e9nomm\u00e9 le \u00ab Propri\u00e9taire du Site \u00bb) dont les coordonn\u00e9es sont mentionn\u00e9es \u00e0 la page \u00ab contact \u00bb du Site.\r\n\r\n\r\n\r\nElles sont prot\u00e9g\u00e9es par les dispositions nationales et internationales relatives \u00e0 la propri\u00e9t\u00e9 intellectuelle.\r\n\r\n\r\n\r\nEn aucun cas, elles ne peuvent \u00eatre commercialis\u00e9es, modifi\u00e9es, d\u00e9compil\u00e9es, diffus\u00e9es, traduites, copi\u00e9es, exploit\u00e9es de quelque mani\u00e8re que ce soit et par qui que ce soit, sans l\u2019accord pr\u00e9alable et \u00e9crit du propri\u00e9taire du Site.\r\n\r\n\r\n\r\nIl est cependant autoris\u00e9 de cr\u00e9er, sans demande pr\u00e9alable faite au propri\u00e9taire du Site, des liens en surface (surface linking) qui renvoient \u00e0 la page d\u2019accueil de ce Site ou \u00e0 toute autre page du Site. Par contre, le recours \u00e0 toutes techniques visant \u00e0 inclure tout ou partie de ce site web dans un site Internet en masquant ne serait-ce que partiellement l\u2019origine exacte de l\u2019information ou pouvant pr\u00eater \u00e0 confusion sur l\u2019origine de l\u2019information, telle que le framing ou l\u2019in-lining, requiert l\u2019autorisation \u00e9crite du propri\u00e9taire du Site.\r\n\r\n\r\n<h2 class=\"wp-block-heading\">Dati personali<\/h2>\r\n\r\n\r\nQuesto Sito raccoglie i dati personali degli utenti di Internet (di seguito denominati \"utenti di Internet\") che trasmettono il loro indirizzo e-mail e\/o i loro dati di contatto tramite questo Sito, che si iscrivono alla newsletter o che inviano un'e-mail tramite la pagina \"contatti\".\r\n\r\n\r\n\r\nIl proprietario di questo Sito, il suo host, il suo progettista e il suo webmaster si impegnano a non divulgare mai le informazioni o i dati di contatto ricevuti dall'utente Internet, n\u00e9 a venderli o trasferirli senza il consenso di quest'ultimo. In conformit\u00e0 alla legge, ogni utente di Internet ha il diritto di opporsi, accedere, rettificare e cancellare i dati raccolti.\r\n\r\n\r\n<h2 class=\"wp-block-heading\">Droit \u00e0 l&rsquo;image<\/h2>\r\n\r\n\r\nQualsiasi persona (non pubblica) che appaia in una fotografia e che non ne abbia espressamente autorizzato la pubblicazione sul Sito pu\u00f2 esigere, dietro semplice richiesta al proprietario del Sito, la sua rimozione.\r\n\r\n\r\n<h2 class=\"wp-block-heading\">Esenzione di responsabilit\u00e0<\/h2>\r\n\r\n\r\nIn nessun caso il proprietario del Sito, n\u00e9 il suo host, n\u00e9 il suo progettista, n\u00e9 il suo webmaster possono essere ritenuti responsabili:\r\n\r\n\r\n<ul class=\"wp-block-list\">\r\n \t<li>il contenuto di questo Sito, in particolare gli articoli pubblicati su di esso, soprattutto in caso di errore, imprecisione o inesattezza. L'utente di Internet \u00e8 invitato a consultare, se necessario, il proprietario del Sito o un altro specialista che lo consiglier\u00e0 adeguatamente in merito alla sua situazione;<\/li>\r\n\r\n \t<li>informazioni presentate su altri siti che hanno stabilito un collegamento ipertestuale con questo Sito;<\/li>\r\n\r\n \t<li>l'introduzione di virus informatici che si propagano attraverso Internet;<\/li>\r\n\r\n \t<li>danni causati da hacking o hacker.<\/li>\r\n<\/ul>\r\n\r\n<h2 class=\"wp-block-heading\">Il design e la produzione di questo sito web<\/h2>\r\n\r\n\r\nIl design (ad eccezione delle Informazioni sul sito), lo sviluppo, l'hosting, la manutenzione tecnica e gli aggiornamenti sono forniti da :\r\n\r\n\r\n\r\nC. Concept s\u00e0rl rue de Windhof, 32 L-8384 Koerich Tel : +352 621 37 02 88 |\u00a0<a href=\"https:\/\/www.cconcept.lu\" target=\"_blank\" rel=\"noreferrer noopener\">www.cconcept.lu<\/a>\r\n\r\n\r\n<h2 class=\"wp-block-heading\">Informativa sulla privacy (RGPD)<\/h2>\r\n\r\n\r\nToutes les donn\u00e9es personnelles que vous transmettez sur le site Internet de l&rsquo;AEPL sont enti\u00e8rement s\u00e9curis\u00e9es et crypt\u00e9es via le protocole SSL (Secure Socket Layer).\r\n\r\n\r\n\r\nLe contr\u00f4leur des donn\u00e9es est l&rsquo;AEPL.\r\n\r\n\r\n\r\nLe processeur du traitement de ces donn\u00e9es est l\u2019agence : C. Concept Luxembourg S\u00e0rl 32, rue de Windhof 8384 Koerich Luxembourg <a href=\"https:\/\/cconcept.lu\" target=\"_blank\" rel=\"noreferrer noopener\">www.cconcept.lu<\/a>\r\n\r\n\r\n\r\nI dati personali inseriti nel sito web vengono memorizzati senza limiti di tempo.\r\n\r\n\r\n\r\n\u00c8 tuttavia possibile :\r\n\r\n\r\n<ul class=\"wp-block-list\">\r\n \t<li>richiedere l'accesso ai propri dati (in formato strutturato)<\/li>\r\n\r\n \t<li>richiedere il diritto di rettifica, modifica o cancellazione dei propri dati<\/li>\r\n\r\n \t<li>richiedere la cancellazione completa dei propri dati<\/li>\r\n<\/ul>\r\n\r\n\r\nPer tutte le richieste, inviare un'e-mail a <a href=\"mailto:gdpr@cconcept.lu\" target=\"_blank\" rel=\"noreferrer noopener\">gdpr@cconcept.lu<\/a>.\r\n\r\n\r\n<h2 class=\"wp-block-heading\">Modifica della nota legale<\/h2>\r\n\r\n\r\nLa presente nota legale pu\u00f2 essere modificata in qualsiasi momento, senza preavviso agli utenti di Internet. Qualsiasi modifica entra in vigore dalla data di pubblicazione sul Sito. Il fatto di continuare ad accedere a questo sito dopo la pubblicazione delle modifiche convalida l'accettazione di tali modifiche da parte dell'utente di Internet.","protected":false},"excerpt":{"rendered":"<p>Informazioni sul sito Il contenuto di questo sito (di seguito denominato \"Sito\", che comprende tutte le pagine del Sito) \u00e8 puramente informativo ed \u00e8 destinato alla trasmissione di informazioni per uso privato. Tutte le informazioni accessibili sul Sito sono...<\/p>","protected":false},"author":1,"featured_media":0,"parent":0,"menu_order":16,"comment_status":"closed","ping_status":"closed","template":"","meta":{"_acf_changed":false,"footnotes":""},"categories":[],"tags":[],"class_list":["post-124","page","type-page","status-publish","hentry"],"acf":[],"_links":{"self":[{"href":"https:\/\/aepl.eu\/it\/wp-json\/wp\/v2\/pages\/124","targetHints":{"allow":["GET"]}}],"collection":[{"href":"https:\/\/aepl.eu\/it\/wp-json\/wp\/v2\/pages"}],"about":[{"href":"https:\/\/aepl.eu\/it\/wp-json\/wp\/v2\/types\/page"}],"author":[{"embeddable":true,"href":"https:\/\/aepl.eu\/it\/wp-json\/wp\/v2\/users\/1"}],"replies":[{"embeddable":true,"href":"https:\/\/aepl.eu\/it\/wp-json\/wp\/v2\/comments?post=124"}],"version-history":[{"count":0,"href":"https:\/\/aepl.eu\/it\/wp-json\/wp\/v2\/pages\/124\/revisions"}],"wp:attachment":[{"href":"https:\/\/aepl.eu\/it\/wp-json\/wp\/v2\/media?parent=124"}],"wp:term":[{"taxonomy":"category","embeddable":true,"href":"https:\/\/aepl.eu\/it\/wp-json\/wp\/v2\/categories?post=124"},{"taxonomy":"post_tag","embeddable":true,"href":"https:\/\/aepl.eu\/it\/wp-json\/wp\/v2\/tags?post=124"}],"curies":[{"name":"wp","href":"https:\/\/api.w.org\/{rel}","templated":true}]}}