{"id":94,"date":"2023-05-24T12:43:40","date_gmt":"2023-05-24T10:43:40","guid":{"rendered":"http:\/\/aepl.uu\/?page_id=94"},"modified":"2023-07-17T14:26:51","modified_gmt":"2023-07-17T12:26:51","slug":"quienes-somos","status":"publish","type":"page","link":"https:\/\/aepl.eu\/es\/quienes-somos\/","title":{"rendered":"Qui\u00e9nes somos"},"content":{"rendered":"<p>La Segunda Guerra Mundial dej\u00f3 a Europa devastada y arruinada. Para convertirla en el espacio de paz, libertad, prosperidad y solidaridad que conocemos hoy, tuvimos que convencer a los enemigos de ayer.<\/p>\n<p>Quedaba todo por inventar para hacer realidad esta utop\u00eda sin precedentes en la historia. Pa\u00edses que hab\u00edan estado en guerra entre s\u00ed durante siglos lograron unirse y poner en com\u00fan franjas enteras de su soberan\u00eda. \"Unidos en la diversidad\", lema de la Uni\u00f3n Europea (UE), simboliza a escala continental los valores de tolerancia inspirados por la Ilustraci\u00f3n.<\/p>\n<p>En un momento en que la UE atraviesa la mayor serie de crisis de su historia, los librepensadores tienen el deber de estar presentes. En 2007, tres amigos familiarizados con las instituciones europeas decidieron crear AEPL en Bruselas.<\/p>\n<p>El objetivo es aportar nuestros valores al \"Di\u00e1logo\" entre las instituciones de la UE y las organizaciones no confesionales y religiosas.<\/p>\n<p>Nuestro movimiento ocupa ahora una posici\u00f3n \u00fanica en Bruselas gracias a su capacidad de reacci\u00f3n y pugnacidad. Nuestras acciones espec\u00edficas sobre temas concretos nos han permitido hacer o\u00edr nuestra voz en las instituciones europeas y transmitir nuestros valores de progreso, libertad de conciencia y tolerancia tanto a la Comisi\u00f3n como al Parlamento Europeo. Nuestro conocimiento de los entresijos de la UE y nuestro decidido compromiso con Europa han permitido que las instituciones aprecien nuestra experiencia en \u00e1mbitos muy diversos (pol\u00edtico, econ\u00f3mico, social, laico, bio\u00e9tico, digital, migraci\u00f3n, defensa, etc.).<\/p>\n<p>La asociaci\u00f3n tiene su sede en Bruselas, cerca de las instituciones europeas.<\/p>\n<p><strong>La Uni\u00f3n Europea es la mayor aventura pol\u00edtica, econ\u00f3mica, social y cultural en la que hemos participado nunca.<\/strong><\/p>\n<p><strong>Promovamos juntos nuestros valores humanistas y mas\u00f3nicos para construir Europa<\/strong><\/p>","protected":false},"excerpt":{"rendered":"<p>La Segunda Guerra Mundial dej\u00f3 a Europa devastada y arruinada. Para convertirla en el espacio de paz, libertad, prosperidad y solidaridad que hoy conocemos, hubo que convencer a los enemigos de ayer. Hubo que inventarlo todo para lograrlo...<\/p>","protected":false},"author":1,"featured_media":0,"parent":0,"menu_order":3,"comment_status":"closed","ping_status":"closed","template":"templates\/parent-intern.php","meta":{"_acf_changed":false,"footnotes":""},"categories":[],"tags":[],"class_list":["post-94","page","type-page","status-publish","hentry"],"acf":[],"_links":{"self":[{"href":"https:\/\/aepl.eu\/es\/wp-json\/wp\/v2\/pages\/94","targetHints":{"allow":["GET"]}}],"collection":[{"href":"https:\/\/aepl.eu\/es\/wp-json\/wp\/v2\/pages"}],"about":[{"href":"https:\/\/aepl.eu\/es\/wp-json\/wp\/v2\/types\/page"}],"author":[{"embeddable":true,"href":"https:\/\/aepl.eu\/es\/wp-json\/wp\/v2\/users\/1"}],"replies":[{"embeddable":true,"href":"https:\/\/aepl.eu\/es\/wp-json\/wp\/v2\/comments?post=94"}],"version-history":[{"count":0,"href":"https:\/\/aepl.eu\/es\/wp-json\/wp\/v2\/pages\/94\/revisions"}],"wp:attachment":[{"href":"https:\/\/aepl.eu\/es\/wp-json\/wp\/v2\/media?parent=94"}],"wp:term":[{"taxonomy":"category","embeddable":true,"href":"https:\/\/aepl.eu\/es\/wp-json\/wp\/v2\/categories?post=94"},{"taxonomy":"post_tag","embeddable":true,"href":"https:\/\/aepl.eu\/es\/wp-json\/wp\/v2\/tags?post=94"}],"curies":[{"name":"wp","href":"https:\/\/api.w.org\/{rel}","templated":true}]}}