{"id":744,"date":"2023-10-20T09:32:52","date_gmt":"2023-10-20T07:32:52","guid":{"rendered":"https:\/\/aepl.eu\/?page_id=744"},"modified":"2023-10-20T09:44:51","modified_gmt":"2023-10-20T07:44:51","slug":"europa-terre-dasile","status":"publish","type":"page","link":"https:\/\/aepl.eu\/es\/temas\/europa-terre-dasile\/","title":{"rendered":"Europa, tierra de asilo"},"content":{"rendered":"<h2>Europa, de refugiada pol\u00edtica a refugiada clim\u00e1tica<\/h2>\n<p>Millones de personas se ven obligadas a desplazarse por todo el mundo. Estos movimientos migratorios van a aumentar como consecuencia de las cat\u00e1strofes naturales y medioambientales. En la actualidad, s\u00f3lo la migraci\u00f3n pol\u00edtica est\u00e1 cubierta por el derecho de asilo. La Convenci\u00f3n de Ginebra de 28 de julio de 1951 y su Protocolo de 1967 sobre el Estatuto de los Refugiados, ratificados por 145 Estados, establecen la obligaci\u00f3n de no devoluci\u00f3n de los Estados en virtud del Derecho internacional con respecto a los refugiados y solicitantes de asilo. Esta obligaci\u00f3n fue creada por el legislador para proteger a los refugiados.<\/p>\n<p>En este esp\u00edritu, se trata de encontrar la manera de crear las condiciones para proteger los derechos humanos de las v\u00edctimas de cat\u00e1strofes naturales o de la contaminaci\u00f3n, para que puedan ser mejor atendidas.<\/p>\n<p>La responsabilidad clim\u00e1tica es dif\u00edcil, si no imposible, de determinar, pero ello no debe impedir el desarrollo de pol\u00edticas espec\u00edficas destinadas a proteger a las personas obligadas a desplazarse como consecuencia de cat\u00e1strofes naturales o medioambientales. Europa tiene sin duda una responsabilidad particular a la hora de iniciar esta reflexi\u00f3n: es la depositaria del actual estatuto de refugiado, que ella misma cre\u00f3, y como muchos otros pa\u00edses pronto se ver\u00e1 confrontada a este fen\u00f3meno sin precedentes en la historia de la humanidad.<\/p>\n<p>La migraci\u00f3n es inevitable en algunos casos, y los Estados deben crear las herramientas para medir las obligaciones y responder as\u00ed a los da\u00f1os, y evitar situaciones de devoluci\u00f3n. Aunque es pr\u00e1cticamente imposible definir el estatuto jur\u00eddico de los migrantes clim\u00e1ticos, deber\u00eda ser posible proteger a los individuos.<\/p>\n<p>El objetivo es conseguir la creaci\u00f3n de un estatuto de refugiado clim\u00e1tico y su aplicaci\u00f3n, con los siguientes subobjetivos:<\/p>\n<ul>\n<li>Correlacionar la situaci\u00f3n de los refugiados pol\u00edticos y medioambientales;<\/li>\n<li>Una revisi\u00f3n del Derecho internacional ;<\/li>\n<li>Identificar todos los cuellos de botella y las posibles palancas para Europa<\/li>\n<li>Proporcionar argumentos<\/li>\n<li>Elaborar an\u00e1lisis para supervisar el camino a seguir<\/li>\n<li>Organizar una guardia sobre el tema<\/li>\n<li>Representar activamente al grupo de inter\u00e9s ante las instituciones europeas<\/li>\n<\/ul>\n<p>El grupo se reunir\u00e1 principalmente por videoconferencia<\/p>","protected":false},"excerpt":{"rendered":"<p>Europa, del refugiado pol\u00edtico al refugiado clim\u00e1tico Millones de personas se ven obligadas a desplazarse por todo el mundo. Estos movimientos migratorios van a aumentar como consecuencia de las cat\u00e1strofes naturales y medioambientales. En la actualidad, s\u00f3lo se tiene en cuenta la migraci\u00f3n pol\u00edtica.<\/p>","protected":false},"author":1,"featured_media":748,"parent":102,"menu_order":7,"comment_status":"closed","ping_status":"closed","template":"","meta":{"_acf_changed":false,"footnotes":""},"categories":[],"tags":[],"class_list":["post-744","page","type-page","status-publish","has-post-thumbnail","hentry"],"acf":[],"_links":{"self":[{"href":"https:\/\/aepl.eu\/es\/wp-json\/wp\/v2\/pages\/744","targetHints":{"allow":["GET"]}}],"collection":[{"href":"https:\/\/aepl.eu\/es\/wp-json\/wp\/v2\/pages"}],"about":[{"href":"https:\/\/aepl.eu\/es\/wp-json\/wp\/v2\/types\/page"}],"author":[{"embeddable":true,"href":"https:\/\/aepl.eu\/es\/wp-json\/wp\/v2\/users\/1"}],"replies":[{"embeddable":true,"href":"https:\/\/aepl.eu\/es\/wp-json\/wp\/v2\/comments?post=744"}],"version-history":[{"count":0,"href":"https:\/\/aepl.eu\/es\/wp-json\/wp\/v2\/pages\/744\/revisions"}],"up":[{"embeddable":true,"href":"https:\/\/aepl.eu\/es\/wp-json\/wp\/v2\/pages\/102"}],"wp:featuredmedia":[{"embeddable":true,"href":"https:\/\/aepl.eu\/es\/wp-json\/wp\/v2\/media\/748"}],"wp:attachment":[{"href":"https:\/\/aepl.eu\/es\/wp-json\/wp\/v2\/media?parent=744"}],"wp:term":[{"taxonomy":"category","embeddable":true,"href":"https:\/\/aepl.eu\/es\/wp-json\/wp\/v2\/categories?post=744"},{"taxonomy":"post_tag","embeddable":true,"href":"https:\/\/aepl.eu\/es\/wp-json\/wp\/v2\/tags?post=744"}],"curies":[{"name":"wp","href":"https:\/\/api.w.org\/{rel}","templated":true}]}}