{"id":517,"date":"2023-06-20T09:37:26","date_gmt":"2023-06-20T07:37:26","guid":{"rendered":"https:\/\/aepl.eu\/?page_id=517"},"modified":"2023-06-20T09:38:34","modified_gmt":"2023-06-20T07:38:34","slug":"collectif-laique-national","status":"publish","type":"page","link":"https:\/\/aepl.eu\/es\/socios\/francia\/collectif-laique-national\/","title":{"rendered":"Colectivo Nacional Laico"},"content":{"rendered":"<p>Los acontecimientos actuales en Francia, en Europa y m\u00e1s all\u00e1 demuestran la urgente necesidad de que nuestro pueblo redescubra los principios fundamentales de la Rep\u00fablica Laica. Principios que exigen un esfuerzo colectivo para lograr la emancipaci\u00f3n de todos, que se oponen a cualquier referencia religiosa o dogm\u00e1tica para las leyes y las instituciones p\u00fablicas, y que rechazan todo clericalismo, todo fundamentalismo, todo racismo en la Rep\u00fablica.<\/p>\n<p>P\u00e1gina web : <a href=\"https:\/\/www.laicite-republique.org\/#&amp;panel1-1\" target=\"_blank\" rel=\"noopener\">Colectivo Nacional Laico<\/a><\/p>","protected":false},"excerpt":{"rendered":"<p>L\u2019actualit\u00e9 en France, en Europe et au-del\u00e0, montre combien s\u2019impose d\u2019urgence pour notre peuple, un authentique ressourcement aux principes fondamentaux de la R\u00e9publique La\u00efque. Principes qui appellent \u00e0 l\u2019effort collectif pour l\u2019\u00e9mancipation de tous, qui s\u2019opposent \u00e0 toute r\u00e9f\u00e9rence religieuse&#8230;<\/p>","protected":false},"author":2,"featured_media":521,"parent":291,"menu_order":0,"comment_status":"closed","ping_status":"closed","template":"","meta":{"_acf_changed":false,"footnotes":""},"categories":[],"tags":[],"class_list":["post-517","page","type-page","status-publish","has-post-thumbnail","hentry"],"acf":[],"_links":{"self":[{"href":"https:\/\/aepl.eu\/es\/wp-json\/wp\/v2\/pages\/517","targetHints":{"allow":["GET"]}}],"collection":[{"href":"https:\/\/aepl.eu\/es\/wp-json\/wp\/v2\/pages"}],"about":[{"href":"https:\/\/aepl.eu\/es\/wp-json\/wp\/v2\/types\/page"}],"author":[{"embeddable":true,"href":"https:\/\/aepl.eu\/es\/wp-json\/wp\/v2\/users\/2"}],"replies":[{"embeddable":true,"href":"https:\/\/aepl.eu\/es\/wp-json\/wp\/v2\/comments?post=517"}],"version-history":[{"count":0,"href":"https:\/\/aepl.eu\/es\/wp-json\/wp\/v2\/pages\/517\/revisions"}],"up":[{"embeddable":true,"href":"https:\/\/aepl.eu\/es\/wp-json\/wp\/v2\/pages\/291"}],"wp:featuredmedia":[{"embeddable":true,"href":"https:\/\/aepl.eu\/es\/wp-json\/wp\/v2\/media\/521"}],"wp:attachment":[{"href":"https:\/\/aepl.eu\/es\/wp-json\/wp\/v2\/media?parent=517"}],"wp:term":[{"taxonomy":"category","embeddable":true,"href":"https:\/\/aepl.eu\/es\/wp-json\/wp\/v2\/categories?post=517"},{"taxonomy":"post_tag","embeddable":true,"href":"https:\/\/aepl.eu\/es\/wp-json\/wp\/v2\/tags?post=517"}],"curies":[{"name":"wp","href":"https:\/\/api.w.org\/{rel}","templated":true}]}}