{"id":510,"date":"2023-06-20T09:25:08","date_gmt":"2023-06-20T07:25:08","guid":{"rendered":"https:\/\/aepl.eu\/?page_id=510"},"modified":"2023-06-20T09:25:08","modified_gmt":"2023-06-20T07:25:08","slug":"centre-daction-laique","status":"publish","type":"page","link":"https:\/\/aepl.eu\/es\/socios\/belgica\/centre-daction-laique\/","title":{"rendered":"Centre d&rsquo;action la\u00efque"},"content":{"rendered":"<p>Desde 1969,\u00a0<strong>El Centre d'Action La\u00efque tiene una triple misi\u00f3n en la B\u00e9lgica franc\u00f3fona<\/strong>:<\/p>\n<ul>\n<li>Coordina las acciones de las distintas asociaciones y de los siete CAL regionales en distintas zonas;<\/li>\n<li>Promueve ideales laicos y trata de estimular nuevos servicios;<\/li>\n<li>Representa al movimiento ante las autoridades p\u00fablicas y terceros.<\/li>\n<\/ul>\n<p>P\u00e1gina web : <a href=\"https:\/\/www.laicite.be\/le-cal\/le-centre-d-action-laique\/\" target=\"_blank\" rel=\"noopener\">Centre d&rsquo;Action La\u00efque<\/a><\/p>","protected":false},"excerpt":{"rendered":"<p>Desde 1969, el Centre d'Action La\u00efque tiene una triple misi\u00f3n en la B\u00e9lgica franc\u00f3fona: coordina las actividades de las distintas asociaciones y de las siete ramas regionales de la CAL en distintos \u00e1mbitos; promueve los ideales laicos y trata de estimular nuevas...<\/p>","protected":false},"author":2,"featured_media":512,"parent":288,"menu_order":0,"comment_status":"closed","ping_status":"closed","template":"","meta":{"_acf_changed":false,"footnotes":""},"categories":[],"tags":[],"class_list":["post-510","page","type-page","status-publish","has-post-thumbnail","hentry"],"acf":[],"_links":{"self":[{"href":"https:\/\/aepl.eu\/es\/wp-json\/wp\/v2\/pages\/510","targetHints":{"allow":["GET"]}}],"collection":[{"href":"https:\/\/aepl.eu\/es\/wp-json\/wp\/v2\/pages"}],"about":[{"href":"https:\/\/aepl.eu\/es\/wp-json\/wp\/v2\/types\/page"}],"author":[{"embeddable":true,"href":"https:\/\/aepl.eu\/es\/wp-json\/wp\/v2\/users\/2"}],"replies":[{"embeddable":true,"href":"https:\/\/aepl.eu\/es\/wp-json\/wp\/v2\/comments?post=510"}],"version-history":[{"count":0,"href":"https:\/\/aepl.eu\/es\/wp-json\/wp\/v2\/pages\/510\/revisions"}],"up":[{"embeddable":true,"href":"https:\/\/aepl.eu\/es\/wp-json\/wp\/v2\/pages\/288"}],"wp:featuredmedia":[{"embeddable":true,"href":"https:\/\/aepl.eu\/es\/wp-json\/wp\/v2\/media\/512"}],"wp:attachment":[{"href":"https:\/\/aepl.eu\/es\/wp-json\/wp\/v2\/media?parent=510"}],"wp:term":[{"taxonomy":"category","embeddable":true,"href":"https:\/\/aepl.eu\/es\/wp-json\/wp\/v2\/categories?post=510"},{"taxonomy":"post_tag","embeddable":true,"href":"https:\/\/aepl.eu\/es\/wp-json\/wp\/v2\/tags?post=510"}],"curies":[{"name":"wp","href":"https:\/\/api.w.org\/{rel}","templated":true}]}}