{"id":310,"date":"2023-06-13T14:05:26","date_gmt":"2023-06-13T12:05:26","guid":{"rendered":"https:\/\/aepl.eu\/?page_id=310"},"modified":"2023-06-20T09:31:16","modified_gmt":"2023-06-20T07:31:16","slug":"egale","status":"publish","type":"page","link":"https:\/\/aepl.eu\/es\/socios\/francia\/egale\/","title":{"rendered":"Egale"},"content":{"rendered":"<p style=\"font-weight: 400;\">El objetivo de EGALE es promover y compartir los valores humanistas y laicos de la Rep\u00fablica Francesa y su lema: \"Libert\u00e9, \u00c9galit\u00e9, Fraternit\u00e9\".<\/p>\n<p style=\"font-weight: 400;\">En la pr\u00e1ctica:<\/p>\n<ul style=\"font-weight: 400;\">\n<li>EGALE est\u00e1 acreditado ante la Uni\u00f3n Europea y participa en reuniones de di\u00e1logo con la Comisi\u00f3n y el Parlamento Europeos (art. 17 del Tratado de Funcionamiento de la UE).<\/li>\n<li>EGALE apoy\u00f3 a la guarder\u00eda Baby-Loup en su lucha para que los empleados de la asociaci\u00f3n respetaran la neutralidad, y trabaj\u00f3 para que la legislaci\u00f3n laboral permitiera a las empresas imponer la neutralidad en sus reglamentos internos, si lo consideraban necesario para garantizar su buen funcionamiento.<\/li>\n<li>EGALE es miembro del Colectivo Nacional Laico y de la Red Europea Laica.<\/li>\n<li>EGALE dise\u00f1a y dirige cursos de formaci\u00f3n, conferencias, encuentros y simposios sobre la laicidad<\/li>\n<li>El EGALE est\u00e1 presidido por Fran\u00e7oise Laborde, ex senadora y vicepresidenta de la Comisi\u00f3n de Derechos de la Mujer del Senado.<\/li>\n<\/ul>\n<p style=\"font-weight: 400;\">P\u00e1gina web: contact@egale.eu<\/p>","protected":false},"excerpt":{"rendered":"<p>El objetivo de EGALE es promover y compartir los valores humanistas y laicos de la Rep\u00fablica Francesa y su lema: \"Libert\u00e9, \u00c9galit\u00e9, Fraternit\u00e9\". En la pr\u00e1ctica: EGALE est\u00e1 acreditada por la Uni\u00f3n Europea y participa en reuniones de di\u00e1logo con...<\/p>","protected":false},"author":2,"featured_media":515,"parent":291,"menu_order":0,"comment_status":"closed","ping_status":"closed","template":"","meta":{"_acf_changed":false,"footnotes":""},"categories":[],"tags":[],"class_list":["post-310","page","type-page","status-publish","has-post-thumbnail","hentry"],"acf":[],"_links":{"self":[{"href":"https:\/\/aepl.eu\/es\/wp-json\/wp\/v2\/pages\/310","targetHints":{"allow":["GET"]}}],"collection":[{"href":"https:\/\/aepl.eu\/es\/wp-json\/wp\/v2\/pages"}],"about":[{"href":"https:\/\/aepl.eu\/es\/wp-json\/wp\/v2\/types\/page"}],"author":[{"embeddable":true,"href":"https:\/\/aepl.eu\/es\/wp-json\/wp\/v2\/users\/2"}],"replies":[{"embeddable":true,"href":"https:\/\/aepl.eu\/es\/wp-json\/wp\/v2\/comments?post=310"}],"version-history":[{"count":0,"href":"https:\/\/aepl.eu\/es\/wp-json\/wp\/v2\/pages\/310\/revisions"}],"up":[{"embeddable":true,"href":"https:\/\/aepl.eu\/es\/wp-json\/wp\/v2\/pages\/291"}],"wp:featuredmedia":[{"embeddable":true,"href":"https:\/\/aepl.eu\/es\/wp-json\/wp\/v2\/media\/515"}],"wp:attachment":[{"href":"https:\/\/aepl.eu\/es\/wp-json\/wp\/v2\/media?parent=310"}],"wp:term":[{"taxonomy":"category","embeddable":true,"href":"https:\/\/aepl.eu\/es\/wp-json\/wp\/v2\/categories?post=310"},{"taxonomy":"post_tag","embeddable":true,"href":"https:\/\/aepl.eu\/es\/wp-json\/wp\/v2\/tags?post=310"}],"curies":[{"name":"wp","href":"https:\/\/api.w.org\/{rel}","templated":true}]}}