{"id":307,"date":"2023-06-13T14:02:27","date_gmt":"2023-06-13T12:02:27","guid":{"rendered":"https:\/\/aepl.eu\/?page_id=307"},"modified":"2023-06-20T09:29:21","modified_gmt":"2023-06-20T07:29:21","slug":"relux","status":"publish","type":"page","link":"https:\/\/aepl.eu\/es\/socios\/luxemburgo\/relux\/","title":{"rendered":"RELUX"},"content":{"rendered":"<h2>\u00bfPor qu\u00e9 Les Rencontres Europ\u00e9ennes de Luxembourg?<\/h2>\n<p>Desde 1945, est\u00e1 claro que hace falta una Europa unida.<\/p>\n<p>La m\u00e1s insensata de las guerras y la disoluci\u00f3n de los Imperios europeos que hab\u00edan dominado el mundo durante cuatro siglos y medio han creado nuevos equilibrios de poder econ\u00f3mico y militar. Frente a Estados Unidos, China, Rusia y las potencias emergentes, Europa s\u00f3lo podr\u00e1 resistir si pone en com\u00fan de forma inteligente todos los recursos humanos, pol\u00edticos, financieros, cient\u00edficos y culturales de sus Estados.<\/p>\n<p>De hecho, en este mundo todav\u00eda desorientado, inestable y peligroso, Europa puede ser un modelo a seguir. Como defensora de la libertad, el Estado de Derecho y la solidaridad social, con un c\u00famulo de experiencias felices y desastrosas en las que inspirarse, Europa es un ejemplo para miles de millones de personas que viven en condiciones dif\u00edciles en Asia, \u00c1frica y Am\u00e9rica.<\/p>\n<p>Pero los europeos sabemos lo lejos que estamos de lo posible.<\/p>\n<p>Por eso siempre es necesario que los ciudadanos l\u00facidos se re\u00fanan y debatan problemas y soluciones fundamentales, y desarrollen y difundan ideas y conceptos de forma eficaz en un contexto pol\u00edtico, cultural y ling\u00fc\u00edstico complejo.<\/p>\n<p>La iniciativa luxemburguesa, lanzada hace 25 a\u00f1os, forma parte de este enfoque paciente.<\/p>\n<p>Los Rencontres europ\u00e9ennes de Luxembourg est\u00e1n concebidos para hacer avanzar las cosas de un modo peque\u00f1o pero inexorable, brindando la oportunidad de debatir animadamente cuestiones que pueden exasperar o enfadar. Sus objetivos: fomentar los intercambios abiertos y multidisciplinares a escala europea; estimular el desarrollo de debates \u00e9ticos, sociales y pol\u00edticos sobre el futuro de la(s) sociedad(es) europea(s).<\/p>\n<h2>La organizaci\u00f3n<\/h2>\n<p>Les Rencontres Europ\u00e9ennes de Luxembourg es una asociaci\u00f3n abierta e independiente dirigida por un equipo de voluntarios.<\/p>\n<p>Cada a\u00f1o, un comit\u00e9 coordinador organiza una conferencia (tradicionalmente el tercer s\u00e1bado de octubre) sobre un tema de trabajo espec\u00edfico. En cada ocasi\u00f3n, m\u00e1s de un centenar de participantes de distintos pa\u00edses y procedencias acuden a debatir con ponentes de Luxemburgo, Francia, B\u00e9lgica y Suiza, as\u00ed como de Espa\u00f1a, Italia, Alemania, Suecia, Estados Unidos, Argelia, Marruecos e Israel. Estos oradores, actores y pensadores -electos, periodistas, cient\u00edficos, representantes del mundo empresarial y de la administraci\u00f3n, universitarios, etc.- animan los debates, respet\u00e1ndose mutuamente y complement\u00e1ndose entre s\u00ed, aportando a su vez una piedra al edificio europeo que estamos construyendo entre todos.<\/p>\n<p>Los Rencontres tambi\u00e9n han desarrollado una serie de \"herramientas\" para garantizar una audiencia m\u00e1s amplia:<\/p>\n<ul>\n<li>El \"Club des Amis des Rencontres\" re\u00fane a personas de todas las procedencias geogr\u00e1ficas y filos\u00f3ficas que desean apoyar los Encuentros Europeos de Luxemburgo, tanto financieramente como a trav\u00e9s de su trabajo en los proleg\u00f3menos de la conferencia.<\/li>\n<li>P\u00e1gina web de Rencontres <a href=\"http:\/\/www.relux.lu\">http:\/\/www.relux.lu<\/a> est\u00e1 concebido para comunicar tanto los debates preparatorios como las conclusiones de los trabajos. El historial de trabajos de a\u00f1os anteriores se est\u00e1 transfiriendo actualmente del antiguo sitio al nuevo, para hacerlo accesible al mayor n\u00famero posible de personas.<\/li>\n<\/ul>","protected":false},"excerpt":{"rendered":"<p>\u00bfPor qu\u00e9 los Encuentros Europeos de Luxemburgo? Desde 1945 est\u00e1 claro que hace falta una Europa unida. La m\u00e1s insensata de las guerras y la disoluci\u00f3n de los Imperios europeos que hab\u00edan gobernado el mundo durante cuatro siglos y medio hab\u00edan...<\/p>","protected":false},"author":2,"featured_media":514,"parent":294,"menu_order":0,"comment_status":"closed","ping_status":"closed","template":"","meta":{"_acf_changed":false,"footnotes":""},"categories":[],"tags":[],"class_list":["post-307","page","type-page","status-publish","has-post-thumbnail","hentry"],"acf":[],"_links":{"self":[{"href":"https:\/\/aepl.eu\/es\/wp-json\/wp\/v2\/pages\/307","targetHints":{"allow":["GET"]}}],"collection":[{"href":"https:\/\/aepl.eu\/es\/wp-json\/wp\/v2\/pages"}],"about":[{"href":"https:\/\/aepl.eu\/es\/wp-json\/wp\/v2\/types\/page"}],"author":[{"embeddable":true,"href":"https:\/\/aepl.eu\/es\/wp-json\/wp\/v2\/users\/2"}],"replies":[{"embeddable":true,"href":"https:\/\/aepl.eu\/es\/wp-json\/wp\/v2\/comments?post=307"}],"version-history":[{"count":0,"href":"https:\/\/aepl.eu\/es\/wp-json\/wp\/v2\/pages\/307\/revisions"}],"up":[{"embeddable":true,"href":"https:\/\/aepl.eu\/es\/wp-json\/wp\/v2\/pages\/294"}],"wp:featuredmedia":[{"embeddable":true,"href":"https:\/\/aepl.eu\/es\/wp-json\/wp\/v2\/media\/514"}],"wp:attachment":[{"href":"https:\/\/aepl.eu\/es\/wp-json\/wp\/v2\/media?parent=307"}],"wp:term":[{"taxonomy":"category","embeddable":true,"href":"https:\/\/aepl.eu\/es\/wp-json\/wp\/v2\/categories?post=307"},{"taxonomy":"post_tag","embeddable":true,"href":"https:\/\/aepl.eu\/es\/wp-json\/wp\/v2\/tags?post=307"}],"curies":[{"name":"wp","href":"https:\/\/api.w.org\/{rel}","templated":true}]}}