{"id":202,"date":"2023-06-07T14:23:07","date_gmt":"2023-06-07T12:23:07","guid":{"rendered":"http:\/\/aepl.uu\/?page_id=202"},"modified":"2023-06-20T10:06:15","modified_gmt":"2023-06-20T08:06:15","slug":"europa-de-la-defense","status":"publish","type":"page","link":"https:\/\/aepl.eu\/es\/temas\/europa-de-la-defense\/","title":{"rendered":"Defensa europea"},"content":{"rendered":"<h3>Objetivos:<\/h3>\n<p>- La\u00a0<b class=\"\">Mantener la paz en Europa y restablecer la paz en su vecindad es un buen reflejo de las exigencias \u00e9ticas que la AEPL expresa en sus contactos con la Comisi\u00f3n.<\/b><br \/>\n- La medici\u00f3n de\u00a0<b class=\"\">influencia geopol\u00edtica<\/b> de Europa, que pretende imponer lo m\u00e1s ampliamente posible sus valores \u00e9ticos, humanistas, universalistas y progresistas: <b class=\"\">Europa destaca entre las potencias por sus esfuerzos en favor de la paz universal.<\/b><\/p>\n<h3>C\u00f3mo trabajamos<\/h3>\n<p><b class=\"\">La Direcci\u00f3n General lleva a cabo un seguimiento diario<\/b> cuestiones relacionadas con la defensa y la industria de defensa. En particular, la Direcci\u00f3n General de Defensa supervisa la aplicaci\u00f3n de la legislaci\u00f3n vigente en materia de <b class=\"\">el <\/b>defensa e industria de defensa<b class=\"\"> <\/b>y monitores <b class=\"\">las propuestas legislativas de la Comisi\u00f3n Europea sobre <\/b>y la industria de defensa.<\/p>\n<p>A trav\u00e9s de la AEPL, la Direcci\u00f3n General de Defensa pretende contribuir activamente al desarrollo de la pol\u00edtica europea de defensa, mediante la elaboraci\u00f3n de <strong>documentos de s\u00edntesis<\/strong><b class=\"\">\u00a0y cartas<\/b> al Presidente de la Comisi\u00f3n, al Alto Representante y a los Comisarios europeos implicados en cuestiones de defensa y de la industria de defensa.<\/p>\n<p>Estos documentos se har\u00e1n p\u00fablicos y estar\u00e1n disponibles en el sitio web de la AEPL.<\/p>\n<p>Los miembros de la GTED hablar\u00e1n con <b class=\"\">funcionarios del Servicio Europeo de Acci\u00f3n Exterior y de la DG CONNECT<\/b> de la Comisi\u00f3n encargada de las cuestiones de defensa e industria de defensa para presentar y discutir la posici\u00f3n de AEPL. La Direcci\u00f3n General responder\u00e1 a las solicitudes de los funcionarios encargados de la aplicaci\u00f3n del art\u00edculo 17.<\/p>\n<p>Le <b class=\"\">GTED tomar\u00e1 medidas para representar sus intereses<\/b>\u00a0en particular al Parlamento Europeo y al Consejo.<\/p>","protected":false},"excerpt":{"rendered":"<p>Les objectifs poursuivis : &#8211; Le\u00a0maintien de la paix en Europe et son r\u00e9tablissement dans son voisinage refl\u00e8te bien les exigences \u00e9thiques que l&rsquo;AEPL exprime lors des contacts avec la Commission. &#8211; La mesure de\u00a0l\u2019influence g\u00e9opolitique de l\u2019Europe qui vise&#8230;<\/p>","protected":false},"author":1,"featured_media":530,"parent":102,"menu_order":6,"comment_status":"closed","ping_status":"closed","template":"","meta":{"_acf_changed":false,"footnotes":""},"categories":[],"tags":[],"class_list":["post-202","page","type-page","status-publish","has-post-thumbnail","hentry"],"acf":[],"_links":{"self":[{"href":"https:\/\/aepl.eu\/es\/wp-json\/wp\/v2\/pages\/202","targetHints":{"allow":["GET"]}}],"collection":[{"href":"https:\/\/aepl.eu\/es\/wp-json\/wp\/v2\/pages"}],"about":[{"href":"https:\/\/aepl.eu\/es\/wp-json\/wp\/v2\/types\/page"}],"author":[{"embeddable":true,"href":"https:\/\/aepl.eu\/es\/wp-json\/wp\/v2\/users\/1"}],"replies":[{"embeddable":true,"href":"https:\/\/aepl.eu\/es\/wp-json\/wp\/v2\/comments?post=202"}],"version-history":[{"count":0,"href":"https:\/\/aepl.eu\/es\/wp-json\/wp\/v2\/pages\/202\/revisions"}],"up":[{"embeddable":true,"href":"https:\/\/aepl.eu\/es\/wp-json\/wp\/v2\/pages\/102"}],"wp:featuredmedia":[{"embeddable":true,"href":"https:\/\/aepl.eu\/es\/wp-json\/wp\/v2\/media\/530"}],"wp:attachment":[{"href":"https:\/\/aepl.eu\/es\/wp-json\/wp\/v2\/media?parent=202"}],"wp:term":[{"taxonomy":"category","embeddable":true,"href":"https:\/\/aepl.eu\/es\/wp-json\/wp\/v2\/categories?post=202"},{"taxonomy":"post_tag","embeddable":true,"href":"https:\/\/aepl.eu\/es\/wp-json\/wp\/v2\/tags?post=202"}],"curies":[{"name":"wp","href":"https:\/\/api.w.org\/{rel}","templated":true}]}}