{"id":196,"date":"2023-06-07T14:21:56","date_gmt":"2023-06-07T12:21:56","guid":{"rendered":"http:\/\/aepl.uu\/?page_id=196"},"modified":"2023-10-20T09:37:04","modified_gmt":"2023-10-20T07:37:04","slug":"ucrania-2","status":"publish","type":"page","link":"https:\/\/aepl.eu\/es\/temas\/ucrania-2\/","title":{"rendered":"Ucrania"},"content":{"rendered":"<p>Ucrania, entre bastidores<\/p>\n<p>La Russie a envahi l&rsquo;Ukraine le 24 f\u00e9vrier 2022, poursuivant son op\u00e9ration commenc\u00e9e en 2014 avec l&rsquo;annexion de la Crim\u00e9e.<\/p>\n<p>La souverainet\u00e9 et les fronti\u00e8res terrestres ont \u00e9t\u00e9 fondamentalement viol\u00e9es dans le processus. Deux provinces de l&rsquo;Est ont d\u00e9j\u00e0 \u00e9t\u00e9 annex\u00e9es apr\u00e8s un faux r\u00e9f\u00e9rendum. L&rsquo;Occident, et l&rsquo;OTAN en t\u00eate, ont r\u00e9agi imm\u00e9diatement et ont apport\u00e9 un soutien inconditionnel \u00e0 l&rsquo;Ukraine.<\/p>\n<p>Entre-temps, le conflit s&rsquo;est \u00e9tendu et nous sommes potentiellement au bord d&rsquo;une troisi\u00e8me guerre mondiale, avec danger nucl\u00e9aire. Les seuls gagnants semblent \u00eatre le complexe militaro-industriel : les usines d&rsquo;armement tournent \u00e0 plein r\u00e9gime.<\/p>\n<p>Certains pensent que le peuple ukrainien n&rsquo;a pas besoin d&rsquo;armes, mais de paix. D&rsquo;autres estiment que n\u00e9gocier une paix ne peut se faire en position de faiblesse.<\/p>\n<p>Estamos estudiando c\u00f3mo podemos contribuir a la paz a trav\u00e9s de nuestro grupo de trabajo, al tiempo que seguimos de cerca todas las noticias sobre el conflicto.<\/p>","protected":false},"excerpt":{"rendered":"<p>Ukraine, le dessous des cartes La Russie a envahi l&rsquo;Ukraine le 24 f\u00e9vrier 2022, poursuivant son op\u00e9ration commenc\u00e9e en 2014 avec l&rsquo;annexion de la Crim\u00e9e. La souverainet\u00e9 et les fronti\u00e8res terrestres ont \u00e9t\u00e9 fondamentalement viol\u00e9es dans le processus. Deux provinces&#8230;<\/p>","protected":false},"author":1,"featured_media":531,"parent":102,"menu_order":8,"comment_status":"closed","ping_status":"closed","template":"","meta":{"_acf_changed":false,"footnotes":""},"categories":[],"tags":[],"class_list":["post-196","page","type-page","status-publish","has-post-thumbnail","hentry"],"acf":[],"_links":{"self":[{"href":"https:\/\/aepl.eu\/es\/wp-json\/wp\/v2\/pages\/196","targetHints":{"allow":["GET"]}}],"collection":[{"href":"https:\/\/aepl.eu\/es\/wp-json\/wp\/v2\/pages"}],"about":[{"href":"https:\/\/aepl.eu\/es\/wp-json\/wp\/v2\/types\/page"}],"author":[{"embeddable":true,"href":"https:\/\/aepl.eu\/es\/wp-json\/wp\/v2\/users\/1"}],"replies":[{"embeddable":true,"href":"https:\/\/aepl.eu\/es\/wp-json\/wp\/v2\/comments?post=196"}],"version-history":[{"count":0,"href":"https:\/\/aepl.eu\/es\/wp-json\/wp\/v2\/pages\/196\/revisions"}],"up":[{"embeddable":true,"href":"https:\/\/aepl.eu\/es\/wp-json\/wp\/v2\/pages\/102"}],"wp:featuredmedia":[{"embeddable":true,"href":"https:\/\/aepl.eu\/es\/wp-json\/wp\/v2\/media\/531"}],"wp:attachment":[{"href":"https:\/\/aepl.eu\/es\/wp-json\/wp\/v2\/media?parent=196"}],"wp:term":[{"taxonomy":"category","embeddable":true,"href":"https:\/\/aepl.eu\/es\/wp-json\/wp\/v2\/categories?post=196"},{"taxonomy":"post_tag","embeddable":true,"href":"https:\/\/aepl.eu\/es\/wp-json\/wp\/v2\/tags?post=196"}],"curies":[{"name":"wp","href":"https:\/\/api.w.org\/{rel}","templated":true}]}}