{"id":193,"date":"2023-06-07T14:21:15","date_gmt":"2023-06-07T12:21:15","guid":{"rendered":"http:\/\/aepl.uu\/?page_id=193"},"modified":"2023-06-20T09:53:14","modified_gmt":"2023-06-20T07:53:14","slug":"europe-climatique","status":"publish","type":"page","link":"https:\/\/aepl.eu\/es\/temas\/europe-climatique\/","title":{"rendered":"El clima en Europa"},"content":{"rendered":"<p>El planteamiento del problema es el siguiente:<\/p>\n<h2>O por temas, cada uno teniendo en cuenta par\u00e1metros t\u00e9cnicos y humanos:<\/h2>\n<h3>L\u00edmites f\u00edsicos :<\/h3>\n<ol>\n<li>Cambio clim\u00e1tico<\/li>\n<li>Erosi\u00f3n de la biodiversidad<\/li>\n<li>Uso de agua dulce<\/li>\n<li>Acidificaci\u00f3n de los oc\u00e9anos<\/li>\n<li>Alteraci\u00f3n de los ciclos bioqu\u00edmicos (nitr\u00f3geno y f\u00f3sforo)<\/li>\n<li>Agotamiento de la capa de ozono estratosf\u00e9rico.<\/li>\n<li>Cambios en el uso del suelo<\/li>\n<li>Contaminaci\u00f3n qu\u00edmica \/ nuevas entidades en el medio ambiente<\/li>\n<li>Amenazas para la atm\u00f3sfera (aerosoles)<\/li>\n<\/ol>\n<h3>L\u00edmites sociales :<\/h3>\n<ol>\n<li>Desigualdades en el cambio<\/li>\n<li>Actividades econ\u00f3micas<\/li>\n<li>Ciudadanos y sociedad civil<\/li>\n<li>El papel de las autoridades p\u00fablicas<\/li>\n<li>Resistencia, grupos de presi\u00f3n y propaganda<\/li>\n<\/ol>\n<h2>Ya sea por el tema t\u00e9cnico y los principales par\u00e1metros humanos con los que interact\u00faa.<\/h2>\n<p>Ejemplos:<\/p>\n<ul>\n<li>La presentaci\u00f3n sobre el clima con una presentaci\u00f3n sobre la energ\u00eda y las actividades humanas que generan CO2<\/li>\n<li>Sustituci\u00f3n de la presentaci\u00f3n sobre contaminantes qu\u00edmicos por otra sobre los efectos en la alimentaci\u00f3n y la salud.<\/li>\n<li>Una presentaci\u00f3n sobre biodiversidad se sustituye por otra sobre ordenaci\u00f3n del territorio, etc.<\/li>\n<\/ul>\n<p>&nbsp;<\/p>\n<p>La relaci\u00f3n entre lo social y lo f\u00edsico es muy importante. Comunicar por separado estos temas es inadecuado. No basta con destacar los l\u00edmites y los riesgos que entra\u00f1an para el planeta, la sociedad y los individuos. Se analizan las posibles soluciones t\u00e9cnicas y sus consecuencias para la forma en que nos organizamos (actividades humanas) y nuestro modo de vida (bienestar, felicidad individual y colectiva). Por \u00faltimo, se discute la evoluci\u00f3n de estas diferentes dimensiones.<\/p>","protected":false},"excerpt":{"rendered":"<p>El problema se aborda: Bien por temas, cada uno de ellos teniendo en cuenta par\u00e1metros t\u00e9cnicos y humanos: L\u00edmites f\u00edsicos: Cambio clim\u00e1tico Erosi\u00f3n de la biodiversidad Utilizaci\u00f3n del agua dulce Acidificaci\u00f3n de los oc\u00e9anos Alteraci\u00f3n de los ciclos bioqu\u00edmicos (nitr\u00f3geno y f\u00f3sforo)...<\/p>","protected":false},"author":1,"featured_media":527,"parent":102,"menu_order":3,"comment_status":"closed","ping_status":"closed","template":"","meta":{"_acf_changed":false,"footnotes":""},"categories":[],"tags":[],"class_list":["post-193","page","type-page","status-publish","has-post-thumbnail","hentry"],"acf":[],"_links":{"self":[{"href":"https:\/\/aepl.eu\/es\/wp-json\/wp\/v2\/pages\/193","targetHints":{"allow":["GET"]}}],"collection":[{"href":"https:\/\/aepl.eu\/es\/wp-json\/wp\/v2\/pages"}],"about":[{"href":"https:\/\/aepl.eu\/es\/wp-json\/wp\/v2\/types\/page"}],"author":[{"embeddable":true,"href":"https:\/\/aepl.eu\/es\/wp-json\/wp\/v2\/users\/1"}],"replies":[{"embeddable":true,"href":"https:\/\/aepl.eu\/es\/wp-json\/wp\/v2\/comments?post=193"}],"version-history":[{"count":0,"href":"https:\/\/aepl.eu\/es\/wp-json\/wp\/v2\/pages\/193\/revisions"}],"up":[{"embeddable":true,"href":"https:\/\/aepl.eu\/es\/wp-json\/wp\/v2\/pages\/102"}],"wp:featuredmedia":[{"embeddable":true,"href":"https:\/\/aepl.eu\/es\/wp-json\/wp\/v2\/media\/527"}],"wp:attachment":[{"href":"https:\/\/aepl.eu\/es\/wp-json\/wp\/v2\/media?parent=193"}],"wp:term":[{"taxonomy":"category","embeddable":true,"href":"https:\/\/aepl.eu\/es\/wp-json\/wp\/v2\/categories?post=193"},{"taxonomy":"post_tag","embeddable":true,"href":"https:\/\/aepl.eu\/es\/wp-json\/wp\/v2\/tags?post=193"}],"curies":[{"name":"wp","href":"https:\/\/api.w.org\/{rel}","templated":true}]}}