{"id":155,"date":"2023-06-07T14:08:00","date_gmt":"2023-06-07T12:08:00","guid":{"rendered":"http:\/\/aepl.uu\/?page_id=155"},"modified":"2023-07-13T10:17:31","modified_gmt":"2023-07-13T08:17:31","slug":"nuestro-exito","status":"publish","type":"page","link":"https:\/\/aepl.eu\/es\/quienes-somos\/nuestro-exito\/","title":{"rendered":"Nuestros \u00e9xitos"},"content":{"rendered":"<h2>Un grupo de reflexi\u00f3n que act\u00faa y obtiene resultados<\/h2>\n<h3>Algo concreto para el futuro de Europa<\/h3>\n<p>AEPL ha hecho llegar al Parlamento y a la Comisi\u00f3n un importante documento de s\u00edntesis en el que se expone nuestra visi\u00f3n de Europa, titulado \" <strong>Por una Europa diferente: la necesidad de reconstruir Europa<\/strong> \" en el que \u0301m\u00e1s de 200 de nuestros corresponsales participaron, entre ellos de pa\u00edses de Europa Central y Oriental, en un esp\u00edritu de democracia participativa que desemboc\u00f3 en propuestas concretas. Fue objeto de un coloquio el 1 de abril de 2019 organizado en la sede de la Comisi\u00f3n Europea en Bruselas durante el cual la AEPL tambi\u00e9n present\u00f3 un informe sobre \"la transici\u00f3n digital, el trabajo, el empleo y las nuevas solidaridades\"<\/p>\n<p>AEPL tambi\u00e9n ha proporcionado un <strong>importante contribuci\u00f3n a la consulta ciudadana sobre el Futuro de Europa<\/strong>(2021-2022): <strong>casi un centenar de nuestros corresponsales<\/strong>\u00a0nos enviaron sus contribuciones, que hemos recopilado en un documento de s\u00edntesis en tres partes que tratan de la Gobernanza y las Instituciones (federaci\u00f3n, iniciativa legislativa del Parlamento Europeo y refuerzo de sus poderes, Estado de Derecho, abandono del voto por unanimidad; promoci\u00f3n y defensa de nuestro modo de vida, incluidos nuestros valores, creaci\u00f3n de una aut\u00e9ntica pol\u00edtica social europea y elevaci\u00f3n a nivel europeo de determinadas pol\u00edticas, como la sanidad), Migraci\u00f3n y Asilo, y Defensa y Seguridad.<\/p>\n<p>Este resumen fue <strong>transmitido a los comisarios competentes<\/strong> Se enviaron a la Sra. Suica, al Sr. Schinas, al Sr. Breton y a la Presidenta del PE, la Sra. Metsola, y se publicaron en la plataforma multiling\u00fce.<\/p>\n<p>L&rsquo;AEPL a ainsi pu contribuer au rapport final de la conf\u00e9rence sur l\u2019avenir de l\u2019Europe dont les 328 mesures et 49 propositions ont \u00e9t\u00e9 remises le 9 mai 2022 aux pr\u00e9sidents des Institutions europ\u00e9ennes. \u00c0 la lecture du rapport final de la conf\u00e9rence, l&rsquo;AEPL peut se pr\u00e9valoir d\u2019avoir influenc\u00e9 un certain nombre d\u2019entre elles.<\/p>\n<h3>Obligar a respetar los valores laicos<\/h3>\n<p>La AEPL participa regularmente en las reuniones en virtud del art\u00edculo 17 del Tratado de Lisboa, que garantiza \"un di\u00e1logo abierto, transparente y regular con las Iglesias y las asociaciones o comunidades religiosas, as\u00ed como con las organizaciones filos\u00f3ficas y no confesionales\". <strong>La AEPL vela por que las instituciones traten por igual a las organizaciones religiosas y no confesionales.<\/strong>En particular, escribiendo a los Presidentes del Parlamento y de la Comisi\u00f3n.<\/p>\n<p>Tambi\u00e9n ha contribuido a las directrices para diplom\u00e1ticos de la UE ante terceros pa\u00edses a\u00f1adiendo la frase: \" <strong>la Uni\u00f3n Europea proteger\u00e1 los derechos de los no creyentes, agn\u00f3sticos y ateos, as\u00ed como el derecho fundamental a cambiar o abandonar la religi\u00f3n o las creencias propias<\/strong> \"<\/p>\n<h3>Actuar mediante la democracia directa<\/h3>\n<p>Numerosos ejemplos de democracia directa mediante el env\u00edo de correos electr\u00f3nicos a pol\u00edticos europeos y nacionales: contra la exhibici\u00f3n de crucifijos en las escuelas italianas (2011: caso Lautsi); campa\u00f1a contra la confirmaci\u00f3n por el Parlamento Europeo del comisario malt\u00e9s M. Borg dadas sus inaceptables posiciones sobre la homosexualidad y el derecho al divorcio; por el derecho al ate\u00edsmo (2013: caso J. Mejri en T\u00fanez); contra los excesos autoritarios (2013: caso J. Mejri en T\u00fanez).(2013: caso J. Mejri en T\u00fanez); contra los excesos autoritarios y antidemocr\u00e1ticos de Turqu\u00eda, Polonia y Hungr\u00eda; petici\u00f3n de limitar las concesiones hechas al Reino Unido antes del refer\u00e9ndum del Brexit; etc. Carta a la Alta Representante Mogherini protestando contra su proyecto de un \"Erasmus de las religiones\", finalmente abandonado por su sucesor Josep Borrell, a quien la UE ha dado su apoyo. <strong>Se acaba de enviar otra carta sobre la situaci\u00f3n de las mujeres en Ir\u00e1n.<\/strong><\/p>\n<p>Otro ejemplo es la carta enviada en junio de 2021 a los diputados del Parlamento Europeo en la que se les pide que apoyen la\u00a0<strong>resoluci\u00f3n sobre derechos sexuales y reproductivos<\/strong> garantizando en particular <strong>acceso seguro y legal al aborto,<\/strong> AEPL cree que es importante seguir promoviendo <strong>el derecho de toda persona a ejercer un control total sobre las cuestiones relativas a su sexualidad.<\/strong><\/p>\n<h3>Remisi\u00f3n con \u00e9xito al Defensor del Pueblo Europeo<\/h3>\n<p>Cette action qui a conduit \u00e0 une plainte aupr\u00e8s de la m\u00e9diatrice europ\u00e9enne Mme O&rsquo;Reilly en 2012 contre M. Barroso, le pr\u00e9sident de l\u2019\u00e9poque de la Commission europ\u00e9enne, en raison de ses nominations abusivement religieuses de membres du groupe europ\u00e9en d&rsquo;\u00e9thique pour les Sciences et les Technologies. En effet, sur les 15 professeurs universitaires du groupe, il avait nomm\u00e9 sept th\u00e9ologiens, dont une vierge consacr\u00e9e. Pour compl\u00e9ter le tout, il avait aussi nomm\u00e9 une professeure italienne, Mme Laura Palazzini, sous la rubrique \u00ab\u00a0professeur de philosophie du droit\u00a0\u00bb, mais elle \u00e9tait aussi membre de l&rsquo;Acad\u00e9mie Pontificale pour la vie, ce que la Commission avait \u00ab omis \u00bb de mentionner.<\/p>\n<p><strong>Dans sa plainte, l&rsquo;Association Europ\u00e9enne de la Pens\u00e9e Libre a fait valoir que lors du renouvellement du groupe il fallait supprimer le crit\u00e8re de th\u00e9ologie, celui-ci ayant de facto pour r\u00e9sultat de cr\u00e9er dans le groupe une surrepr\u00e9sentation de la communaut\u00e9 religieuse.<\/strong><\/p>\n<p>En \u00faltima instancia, el criterio de la teolog\u00eda ser\u00e1 eliminado por la Comisi\u00f3n Europea cuando se renueve el grupo (2015) y se invitar\u00e1 a los candidatos laicos a presentarse. En 2017 se logr\u00f3 un nuevo equilibrio<\/p>\n<h3>Participaci\u00f3n en conferencias organizadas por instituciones europeas<\/h3>\n<p>L&rsquo;AEPL a contribu\u00e9 \u00e0 l\u2019organisation de colloques \u00e0 la Commission et au Parlement europ\u00e9ens <strong>Las mujeres en la Europa de hoy (2010); Lucha contra la pobreza y la exclusi\u00f3n social (2011); Reencantar la Europa de los ciudadanos (2013); El Tratado de Libre Comercio UE-EE.UU. (2015); Una Europa diferente (2019); Europa, tierra de humanismo - Lucha contra el extremismo (2020).<\/strong><\/p>","protected":false},"excerpt":{"rendered":"<p>Un grupo de reflexi\u00f3n que act\u00faa y obtiene resultados Acci\u00f3n concreta para el futuro de Europa AEPL ha distribuido al Parlamento y a la Comisi\u00f3n un importante documento de s\u00edntesis en el que se expone nuestra visi\u00f3n de Europa, titulado \"Por una Europa...<\/p>","protected":false},"author":1,"featured_media":234,"parent":94,"menu_order":4,"comment_status":"closed","ping_status":"closed","template":"","meta":{"_acf_changed":false,"footnotes":""},"categories":[],"tags":[],"class_list":["post-155","page","type-page","status-publish","has-post-thumbnail","hentry"],"acf":[],"_links":{"self":[{"href":"https:\/\/aepl.eu\/es\/wp-json\/wp\/v2\/pages\/155","targetHints":{"allow":["GET"]}}],"collection":[{"href":"https:\/\/aepl.eu\/es\/wp-json\/wp\/v2\/pages"}],"about":[{"href":"https:\/\/aepl.eu\/es\/wp-json\/wp\/v2\/types\/page"}],"author":[{"embeddable":true,"href":"https:\/\/aepl.eu\/es\/wp-json\/wp\/v2\/users\/1"}],"replies":[{"embeddable":true,"href":"https:\/\/aepl.eu\/es\/wp-json\/wp\/v2\/comments?post=155"}],"version-history":[{"count":0,"href":"https:\/\/aepl.eu\/es\/wp-json\/wp\/v2\/pages\/155\/revisions"}],"up":[{"embeddable":true,"href":"https:\/\/aepl.eu\/es\/wp-json\/wp\/v2\/pages\/94"}],"wp:featuredmedia":[{"embeddable":true,"href":"https:\/\/aepl.eu\/es\/wp-json\/wp\/v2\/media\/234"}],"wp:attachment":[{"href":"https:\/\/aepl.eu\/es\/wp-json\/wp\/v2\/media?parent=155"}],"wp:term":[{"taxonomy":"category","embeddable":true,"href":"https:\/\/aepl.eu\/es\/wp-json\/wp\/v2\/categories?post=155"},{"taxonomy":"post_tag","embeddable":true,"href":"https:\/\/aepl.eu\/es\/wp-json\/wp\/v2\/tags?post=155"}],"curies":[{"name":"wp","href":"https:\/\/api.w.org\/{rel}","templated":true}]}}