{"id":148,"date":"2023-06-07T14:05:08","date_gmt":"2023-06-07T12:05:08","guid":{"rendered":"http:\/\/aepl.uu\/?page_id=148"},"modified":"2023-06-12T11:23:13","modified_gmt":"2023-06-12T09:23:13","slug":"nuestra-mision","status":"publish","type":"page","link":"https:\/\/aepl.eu\/es\/quienes-somos\/nuestra-mision\/","title":{"rendered":"Nuestra misi\u00f3n"},"content":{"rendered":"<ol>\n<li style=\"font-weight: 400;\"><strong><u>Mission de l&rsquo;AEPL<\/u><\/strong><\/li>\n<\/ol>\n<p>La Asociaci\u00f3n Europea de Libre Pensamiento (AEPL) se fund\u00f3 en 2007 con el objetivo de apoyar el proyecto europeo y promover y defender los principios de la Ilustraci\u00f3n, en particular la libertad de pensamiento, conciencia y opini\u00f3n. Con ello, la AEPL se ajusta a la Carta Europea de los Derechos Fundamentales, que todos los Estados miembros deben respetar.<\/p>\n<p style=\"font-weight: 400;\">L\u2019AEPL, de\u0301ja\u0300 pre\u0301sente dans 23 pays de l&rsquo;UE, rassemble des citoyens qui, de tout genre et de toutes nationalite\u0301s, origines, croyances ou non croyances, veulent concre\u0300tement apporter leur soutien a\u0300 l&rsquo;e\u0301dification de l&rsquo;Europe et du \u00ab\u00a0vivre ensemble\u00a0\u00bb au sein de l\u2019Union. Bref, de voir s\u2019y cre\u0301er un sentiment d&rsquo;appartenance et de citoyennete\u0301 permettant a\u0300 ses ressortissants de partager un avenir pacifique.<\/p>\n<p style=\"font-weight: 400;\">En ce sens, l&rsquo;AEPL, en tant qu\u2019organisation non confessionnelle, pro\u0302ne la lai\u0308cite\u0301, c&rsquo;est-a\u0300-dire la non immixtion des Religions dans le Politique. Une lai\u0308cite\u0301 n&rsquo;impliquant nullement le rejet des Religions, mais bien celui de leur instrumentalisation a\u0300 des fins politiques. Dans cette optique l\u2019AEPL, consciente des re\u0301alite\u0301s du XXIe\u0300me sie\u0300cle s\u2019e\u0301rige e\u0301galement contre la monte\u0301e de toute forme d\u2019inte\u0301grisme<\/p>\n<p style=\"font-weight: 400;\">Los miembros de la AEPL comparten e intercambian puntos de vista sobre cuestiones sociales, econ\u00f3micas, culturales y pol\u00edticas, no s\u00f3lo para implicarse en la sociedad civil europea, sino tambi\u00e9n para participar en el di\u00e1logo entre las instituciones europeas y las comunidades religiosas, asociaciones filos\u00f3ficas y organizaciones no confesionales.<\/p>\n<p style=\"font-weight: 400;\">Pour forger leur opinion sur les re\u0301alite\u0301s et politiques europe\u0301ennes, les membres de l&rsquo;AEPL s&rsquo;inspirent non seulement de la tradition des Lumie\u0300res (soumettre chaque ide\u0301e, valeur et comportement a\u0300 une analyse critique, sense\u0301e) mais s&rsquo;aident d&rsquo;une grille de lecture reprise ci- dessous (point 3). Le but de cette de\u0301marche est d&rsquo;examiner, a\u0300 l\u2019aune de la raison, l\u2019ade\u0301quation entre pense\u0301e sociale et re\u0301alite\u0301 sociale afin d\u2019en distiller les meilleures normes au profit de la majorite\u0301.<\/p>\n<p style=\"font-weight: 400;\">Chacun, au sein de l&rsquo;AEPL, peut cre\u0301er des outils utiles a\u0300 la diffusion en Europe des valeurs actualise\u0301es des Lumie\u0300res.<\/p>\n<ol start=\"2\">\n<li style=\"font-weight: 400;\"><strong><u> Aperc\u0327u de quelques activite\u0301s de l&rsquo;AEPL <\/u><\/strong><\/li>\n<\/ol>\n<p style=\"font-weight: 400;\">Conferencias<\/p>\n<ul>\n<li style=\"font-weight: 400;\">Au Parlement europe\u0301en : &#8211; \u00a0\u00bb La femme dans l&rsquo;Europe d&rsquo;aujourd&rsquo;hui\u00a0\u00bb (mars 2010)<br \/>\n- A la Comisi\u00f3n Europea :<br \/>\n&#8211; \u00ab\u00a0La lutte contre la pauvrete\u0301 et l&rsquo;exclusion sociale\u00a0\u00bb (novembre 2011)<br \/>\n&#8211; \u00ab\u00a0Un partenariat pour la de\u0301mocratie et une prospe\u0301rite\u0301 partage\u0301e au profit des pays du sud de la Me\u0301diterrane\u0301e\u00a0\u00bb (avril 2012)<br \/>\n&#8211; \u00ab\u00a0Re\u0301 enchanter l\u2019Europe des citoyens\u00a0\u00bb (avril 2013)<br \/>\n&#8211; \u00ab\u00a0L&rsquo;accord de libre-e\u0301change entre l\u2019Union europe\u0301enne et les Etats-Unis d&rsquo;Ame\u0301rique: un Partenariat Atlantique tout be\u0301ne\u0301fice pour le citoyen?\u00a0\u00bb (mars 2015)<br \/>\n- Europa de otra manera\". Sobre la necesidad de reconstruir Europa e informes sobre la percepci\u00f3n de la UE por los pa\u00edses de Europa Central y Oriental (abril de 2018).<br \/>\n- Uni\u00f3n Europea: transici\u00f3n digital, trabajo, empleo y nuevas solidaridades. (Abril 2018)<\/li>\n<\/ul>\n<p style=\"font-weight: 400;\">\u27a2 Confe\u0301rences-de\u0301bats sur l&rsquo;Europe aupre\u0300s des membres de l&rsquo;AEPL<\/p>\n<p style=\"font-weight: 400;\">\u27a2 Autres activite\u0301s et re\u0301alisations En fonction de l\u2019actualite\u0301 politique et des sujets humanistes qui lui tiennent a\u0300 c\u0153ur l&rsquo;AEPL pratique la de\u0301mocratie directe et invite ponctuellement ses membres a\u0300 envoyer des courriels aux dirigeants politiques europe\u0301ens.<\/p>\n<p style=\"font-weight: 400;\">Tres ejemplos:<\/p>\n<p>a) A plusieurs reprises, l&rsquo;AEPL a de\u0301nonce\u0301 les de\u0301rives anti-de\u0301mocratiques en Hongrie et en Turquie, et ce aupre\u0300s des pre\u0301sidents des institutions europe\u0301ennes et aupre\u0300s des groupes politiques du Parlement europe\u0301en de l&rsquo;e\u0301poque;<\/p>\n<p>b) Dans l&rsquo;affaire Lautsi (affichage des signes religieux dans la sphe\u0300re publique) elle a fait tomber une re\u0301solution des groupes de\u0301mocrate-chre\u0301tien et socialiste visant a\u0300 autoriser l&rsquo;affichage, dans tous les pays de l&rsquo;Union, de signes religieux dans la sphe\u0300re publique ;<\/p>\n<p>c) Elle a organise\u0301 une vive campagne contre la \u00ab\u00a0confirmation\u00a0\u00bb par le Parlement europe\u0301en de la nomination du Commissaire maltais Borg, compte tenu de ses positions inacceptables concernant le droit au divorce, l&rsquo;homosexualite\u0301, la dignite\u0301 des femmes, etc. Dans une lettre au pre\u0301sident du PE, l\u2019AEPL a pose\u0301 condition a\u0300 sa confirmation que le candidat Commissaire souscrive oralement et par e\u0301crit aux dispositions de la Charte europe\u0301enne des droits fondamentaux, ce que M. Borg finit par accepter<br \/>\n.<\/p>\n<p style=\"font-weight: 400;\">L&rsquo;AEPL a aussi porte\u0301 plainte aupre\u0300s du me\u0301diateur europe\u0301en contre le pre\u0301sident Barroso pour maladministration dans la nomination des membres du Groupe Europe\u0301en d\u2019Ethique (GEE) compose\u0301 entre autres de 6 the\u0301ologiens et d&rsquo;une membre de l\u2019Acade\u0301mie pontificale pour la vie, cre\u0301ant ainsi de facto une surrepre\u0301sentation au sein du GEE du courant religieux. A la suite de la plainte de l\u2019AEPL, la me\u0301diatrice, Mme. O\u2019Reilly, a e\u0301mis un avis qui s\u2019est traduit par la suppression par la Commission du crite\u0300re de the\u0301ologie lors de la se\u0301lection pour le renouvellement du mandat du GEE au printemps 2017. Ceci a eu pour effet que les nouveaux membres du GEE sont aujourd\u2019hui, avant tout, de ve\u0301ritables scientifiques.<\/p>\n<ol start=\"3\">\n<li style=\"font-weight: 400;\"><strong><u> Parrilla de lectura - Resumen.<\/u><\/strong><\/li>\n<\/ol>\n<p style=\"font-weight: 400;\">Elle permet a\u0300 l&rsquo;AEPL de voir toute politique europe\u0301enne comme le\u0301gitime et cre\u0301dible, si elle :<\/p>\n<ul>\n<li>renforce les droits et obligations des citoyens europe\u0301ens tout en en consolidant l&rsquo;e\u0301thique de coresponsabilite\u0301 (interde\u0301pendance) qui s&rsquo;impose a\u0300 chacun ;<\/li>\n<li>reconoce una \u00fanica Humanidad ;<br \/>\npermite a cada ciudadano europeo expresar sus convicciones<\/li>\n<li>Esta rivalidad debe ser fruct\u00edfera y no debe poner en peligro los derechos fundamentales de los dem\u00e1s ciudadanos europeos;<\/li>\n<li>incorporar\u00e1 los principios anteriores como parte de una \"europeizaci\u00f3n\" de los derechos civiles y pol\u00edticos -algunos de los cuales ya est\u00e1n incluidos en los Tratados y forman parte del acervo-, as\u00ed como de los derechos econ\u00f3micos, sociales, culturales y medioambientales (incluidos todos los \"seres vivos\");<\/li>\n<li>garantiza que los derechos y valores fundamentales consagrados en los Tratados europeos sean plenamente reconocidos y respetados en las elecciones europeas;<\/li>\n<li>va acompa\u00f1ada de una revisi\u00f3n del concepto y los mecanismos de subsidiariedad consagrados en el Tratado de Lisboa;<\/li>\n<li>tiende hacia un modelo de integraci\u00f3n que rompe con el postulado de la primac\u00eda de las libertades econ\u00f3micas sobre las dem\u00e1s libertades y a\u00f1ade criterios de solidaridad y justicia distributiva que son responsabilidad de la comunidad pol\u00edtica. \"Los derechos sociales son necesarios, independientemente del objetivo de la libre competencia, y se basan en la pertenencia a la comunidad pol\u00edtica\";<\/li>\n<li>se basa en la justicia social y el trabajo digno;<br \/>\nestablece normas, m\u00e9todos e indicadores fiables sobre el empleo y los desequilibrios sociales, lo que permite anticipar el impacto social de los choques econ\u00f3micos asim\u00e9tricos y evitar el dumping social y fiscal;<\/li>\n<li>garantiza un equilibrio entre los bienes e intereses privados y p\u00fablicos.<\/li>\n<\/ul>\n<p style=\"font-weight: 400;\">","protected":false},"excerpt":{"rendered":"<p>Mission de l&rsquo;AEPL L\u2019association europe\u0301enne de la Pense\u0301e Libre (AEPL) a e\u0301te\u0301 cre\u0301e\u0301e en 2007 dans le but de soutenir le projet europe\u0301en et de promouvoir et de\u0301fendre les principes issus du sie\u0300cle des Lumie\u0300res, notamment la liberte\u0301 de pense\u0301e,&#8230;<\/p>","protected":false},"author":1,"featured_media":0,"parent":94,"menu_order":2,"comment_status":"closed","ping_status":"closed","template":"","meta":{"_acf_changed":false,"footnotes":""},"categories":[],"tags":[],"class_list":["post-148","page","type-page","status-publish","hentry"],"acf":[],"_links":{"self":[{"href":"https:\/\/aepl.eu\/es\/wp-json\/wp\/v2\/pages\/148","targetHints":{"allow":["GET"]}}],"collection":[{"href":"https:\/\/aepl.eu\/es\/wp-json\/wp\/v2\/pages"}],"about":[{"href":"https:\/\/aepl.eu\/es\/wp-json\/wp\/v2\/types\/page"}],"author":[{"embeddable":true,"href":"https:\/\/aepl.eu\/es\/wp-json\/wp\/v2\/users\/1"}],"replies":[{"embeddable":true,"href":"https:\/\/aepl.eu\/es\/wp-json\/wp\/v2\/comments?post=148"}],"version-history":[{"count":0,"href":"https:\/\/aepl.eu\/es\/wp-json\/wp\/v2\/pages\/148\/revisions"}],"up":[{"embeddable":true,"href":"https:\/\/aepl.eu\/es\/wp-json\/wp\/v2\/pages\/94"}],"wp:attachment":[{"href":"https:\/\/aepl.eu\/es\/wp-json\/wp\/v2\/media?parent=148"}],"wp:term":[{"taxonomy":"category","embeddable":true,"href":"https:\/\/aepl.eu\/es\/wp-json\/wp\/v2\/categories?post=148"},{"taxonomy":"post_tag","embeddable":true,"href":"https:\/\/aepl.eu\/es\/wp-json\/wp\/v2\/tags?post=148"}],"curies":[{"name":"wp","href":"https:\/\/api.w.org\/{rel}","templated":true}]}}