{"id":124,"date":"2023-05-24T14:46:51","date_gmt":"2023-05-24T12:46:51","guid":{"rendered":"http:\/\/aepl.uu\/?page_id=124"},"modified":"2023-05-24T14:49:12","modified_gmt":"2023-05-24T12:49:12","slug":"nota-maxima","status":"publish","type":"page","link":"https:\/\/aepl.eu\/es\/nota-maxima\/","title":{"rendered":"Informaci\u00f3n jur\u00eddica"},"content":{"rendered":"<h2 class=\"wp-block-heading\">Informaci\u00f3n del sitio<\/h2>\r\n\r\n\r\nEl contenido de este sitio (en lo sucesivo, el \"Sitio\", que incluye todas las p\u00e1ginas del Sitio) es puramente informativo y est\u00e1 destinado a la transmisi\u00f3n de informaci\u00f3n para uso privado.\r\n\r\n\r\n\r\nToda la informaci\u00f3n accesible en este Sitio (contenidos, datos, art\u00edculos, archivos, fichas pr\u00e1cticas, documentos descargables, representaciones iconogr\u00e1ficas, fotos, im\u00e1genes, esquemas, logotipos, etc., en lo sucesivo denominados \"Informaci\u00f3n del Sitio\") es propiedad exclusiva de AEPL (en lo sucesivo denominado \"Propietario del Sitio\"), cuyos datos de contacto figuran en la p\u00e1gina \"contacto\" del Sitio.\r\n\r\n\r\n\r\nEst\u00e1 protegida por las disposiciones nacionales e internacionales relativas a la propiedad intelectual.\r\n\r\n\r\n\r\nEn ning\u00fan caso podr\u00e1n ser comercializados, modificados, descompilados, distribuidos, traducidos, copiados o explotados de ninguna manera por persona alguna sin el previo consentimiento por escrito del titular del Sitio.\r\n\r\n\r\n\r\nNo obstante, se autoriza la creaci\u00f3n, sin solicitud previa al Propietario del Sitio, de enlaces de superficie a la p\u00e1gina de inicio de este Sitio o a cualquier otra p\u00e1gina del Sitio. Por otra parte, el uso de cualquier t\u00e9cnica destinada a incluir la totalidad o parte de este sitio web en un sitio de Internet enmascarando, aunque sea parcialmente, el origen exacto de la informaci\u00f3n o que pueda inducir a confusi\u00f3n en cuanto al origen de la informaci\u00f3n, como el framing o el in-lining, requiere la autorizaci\u00f3n por escrito del Propietario del Sitio.\r\n\r\n\r\n<h2 class=\"wp-block-heading\">Datos personales<\/h2>\r\n\r\n\r\nEste Sitio recopila los datos personales de los usuarios de Internet (en lo sucesivo, el\/los \"Usuario(s) de Internet\") que transmiten su direcci\u00f3n de correo electr\u00f3nico y\/o sus datos de contacto a trav\u00e9s de este Sitio, que se suscriben al bolet\u00edn de noticias o que env\u00edan un correo electr\u00f3nico a trav\u00e9s de la p\u00e1gina \"contacto\".\r\n\r\n\r\n\r\nEl propietario de este Sitio, su anfitri\u00f3n, su dise\u00f1ador y su webmaster se comprometen a no divulgar nunca la informaci\u00f3n o los datos de contacto recibidos de los internautas, ni a venderlos o cederlos sin su consentimiento. De conformidad con la ley, todo internauta dispone de un derecho de oposici\u00f3n, acceso, rectificaci\u00f3n y supresi\u00f3n de los datos recogidos.\r\n\r\n\r\n<h2 class=\"wp-block-heading\">Derechos de imagen<\/h2>\r\n\r\n\r\nCualquier persona (no p\u00fablica) que aparezca en una fotograf\u00eda y que no haya autorizado expresamente su publicaci\u00f3n en el Sitio podr\u00e1, con una simple petici\u00f3n al propietario del Sitio, exigir su retirada.\r\n\r\n\r\n<h2 class=\"wp-block-heading\">Exenci\u00f3n de responsabilidad<\/h2>\r\n\r\n\r\nEn ning\u00fan caso podr\u00e1 considerarse responsable al propietario del Sitio, a su anfitri\u00f3n, dise\u00f1ador o webmaster:\r\n\r\n\r\n<ul class=\"wp-block-list\">\r\n \t<li>el contenido de este Sitio, en particular los art\u00edculos publicados en \u00e9l, especialmente en caso de error, inexactitud o imprecisi\u00f3n. Se invita al Internauta a consultar, en caso necesario, al propietario del Sitio o a otro especialista que le asesore adecuadamente con respecto a su situaci\u00f3n;<\/li>\r\n\r\n \t<li>la informaci\u00f3n presentada en otros sitios que hayan establecido un enlace de hipertexto con este Sitio;<\/li>\r\n\r\n \t<li>la introducci\u00f3n de virus inform\u00e1ticos propagados a trav\u00e9s de Internet;<\/li>\r\n\r\n \t<li>da\u00f1os causados por piratas inform\u00e1ticos o hackers.<\/li>\r\n<\/ul>\r\n\r\n<h2 class=\"wp-block-heading\">El dise\u00f1o y la producci\u00f3n de este sitio web<\/h2>\r\n\r\n\r\nEl dise\u00f1o (excluida la informaci\u00f3n del sitio), el desarrollo, el alojamiento, el mantenimiento t\u00e9cnico y las actualizaciones corren a cargo de :\r\n\r\n\r\n\r\nC. Concept s\u00e0rl rue de Windhof, 32 L-8384 Koerich Tel : +352 621 37 02 88 |\u00a0<a href=\"https:\/\/www.cconcept.lu\" target=\"_blank\" rel=\"noreferrer noopener\">www.cconcept.lu<\/a>\r\n\r\n\r\n<h2 class=\"wp-block-heading\">Pol\u00edtica de privacidad (RGPD)<\/h2>\r\n\r\n\r\nTodos los datos personales que transmita al sitio web de la AEPL est\u00e1n totalmente protegidos y encriptados mediante el protocolo SSL (Secure Socket Layer).\r\n\r\n\r\n\r\nEl responsable del tratamiento de los datos es AEPL.\r\n\r\n\r\n\r\nEl encargado del tratamiento de los datos es la agencia: C. Concept Luxembourg S\u00e0rl 32, rue de Windhof 8384 Koerich Luxembourg <a href=\"https:\/\/cconcept.lu\" target=\"_blank\" rel=\"noreferrer noopener\">www.cconcept.lu<\/a>\r\n\r\n\r\n\r\nLos datos personales que introduce en el sitio web se almacenan indefinidamente.\r\n\r\n\r\n\r\nNo obstante, puede :\r\n\r\n\r\n<ul class=\"wp-block-list\">\r\n \t<li>solicitar acceso a sus datos (en un formato estructurado)<\/li>\r\n\r\n \t<li>solicitar el derecho de rectificaci\u00f3n, modificaci\u00f3n o supresi\u00f3n de sus datos<\/li>\r\n\r\n \t<li>solicitar la supresi\u00f3n total de sus datos<\/li>\r\n<\/ul>\r\n\r\n\r\nPara cualquier consulta, env\u00ede un correo electr\u00f3nico a <a href=\"mailto:gdpr@cconcept.lu\" target=\"_blank\" rel=\"noreferrer noopener\">gdpr@cconcept.lu<\/a>.\r\n\r\n\r\n<h2 class=\"wp-block-heading\">Modificaci\u00f3n de los avisos legales<\/h2>\r\n\r\n\r\nEstos avisos legales podr\u00e1n ser modificados en cualquier momento, sin previo aviso a los internautas. Cualquier modificaci\u00f3n entrar\u00e1 en vigor en la fecha de su publicaci\u00f3n en el sitio. El hecho de seguir accediendo a este sitio tras la publicaci\u00f3n de estas modificaciones valida la aceptaci\u00f3n de las mismas por parte del internauta.","protected":false},"excerpt":{"rendered":"<p>Informaci\u00f3n del sitio El contenido de este sitio (en lo sucesivo, el \"Sitio\", que incluye todas las p\u00e1ginas del Sitio) es puramente informativo y est\u00e1 destinado a la transmisi\u00f3n de informaci\u00f3n para uso privado. Toda la informaci\u00f3n accesible en el Sitio es...<\/p>","protected":false},"author":1,"featured_media":0,"parent":0,"menu_order":16,"comment_status":"closed","ping_status":"closed","template":"","meta":{"_acf_changed":false,"footnotes":""},"categories":[],"tags":[],"class_list":["post-124","page","type-page","status-publish","hentry"],"acf":[],"_links":{"self":[{"href":"https:\/\/aepl.eu\/es\/wp-json\/wp\/v2\/pages\/124","targetHints":{"allow":["GET"]}}],"collection":[{"href":"https:\/\/aepl.eu\/es\/wp-json\/wp\/v2\/pages"}],"about":[{"href":"https:\/\/aepl.eu\/es\/wp-json\/wp\/v2\/types\/page"}],"author":[{"embeddable":true,"href":"https:\/\/aepl.eu\/es\/wp-json\/wp\/v2\/users\/1"}],"replies":[{"embeddable":true,"href":"https:\/\/aepl.eu\/es\/wp-json\/wp\/v2\/comments?post=124"}],"version-history":[{"count":0,"href":"https:\/\/aepl.eu\/es\/wp-json\/wp\/v2\/pages\/124\/revisions"}],"wp:attachment":[{"href":"https:\/\/aepl.eu\/es\/wp-json\/wp\/v2\/media?parent=124"}],"wp:term":[{"taxonomy":"category","embeddable":true,"href":"https:\/\/aepl.eu\/es\/wp-json\/wp\/v2\/categories?post=124"},{"taxonomy":"post_tag","embeddable":true,"href":"https:\/\/aepl.eu\/es\/wp-json\/wp\/v2\/tags?post=124"}],"curies":[{"name":"wp","href":"https:\/\/api.w.org\/{rel}","templated":true}]}}