{"id":121,"date":"2023-05-24T14:43:49","date_gmt":"2023-05-24T12:43:49","guid":{"rendered":"http:\/\/aepl.uu\/?page_id=121"},"modified":"2023-05-24T14:43:49","modified_gmt":"2023-05-24T12:43:49","slug":"politica-de-privacidad","status":"publish","type":"page","link":"https:\/\/aepl.eu\/es\/politica-de-privacidad\/","title":{"rendered":"Pol\u00edtica de privacidad"},"content":{"rendered":"<h2>Cookies<\/h2>\r\n\r\n\r\nCuando inicia sesi\u00f3n, utilizamos cookies para rastrear parte de su actividad en nuestro sitio, incluidas conexiones, visitas y p\u00e1ginas vistas.\r\n\r\n\r\n<h2 class=\"wp-block-heading\">Contenido incrustado de otros sitios<\/h2>\r\n\r\n\r\nLos art\u00edculos de este sitio pueden incluir contenido incrustado (por ejemplo, v\u00eddeos, im\u00e1genes, art\u00edculos, etc.). El contenido incrustado de otros sitios se comporta de la misma manera que si el visitante estuviera visitando ese otro sitio.\r\n\r\n\r\n\r\nEstos sitios web pueden recopilar datos sobre usted, utilizar cookies, incrustar herramientas de seguimiento de terceros y rastrear sus interacciones con este contenido incrustado si tiene una cuenta iniciada en su sitio web.\r\n\r\n\r\n\r\n\r\n\r\n\r\n\r\n\r\n\r\n&nbsp;","protected":false},"excerpt":{"rendered":"<p>Cookies Cuando inicia sesi\u00f3n, utilizamos cookies para rastrear parte de su actividad en nuestro sitio, incluidos los inicios de sesi\u00f3n, las visitas y las p\u00e1ginas vistas. Contenido incrustado de otros sitios Los art\u00edculos de este sitio pueden estar enlazados a otros sitios...<\/p>","protected":false},"author":1,"featured_media":0,"parent":0,"menu_order":15,"comment_status":"closed","ping_status":"closed","template":"","meta":{"_acf_changed":false,"footnotes":""},"categories":[],"tags":[],"class_list":["post-121","page","type-page","status-publish","hentry"],"acf":[],"_links":{"self":[{"href":"https:\/\/aepl.eu\/es\/wp-json\/wp\/v2\/pages\/121","targetHints":{"allow":["GET"]}}],"collection":[{"href":"https:\/\/aepl.eu\/es\/wp-json\/wp\/v2\/pages"}],"about":[{"href":"https:\/\/aepl.eu\/es\/wp-json\/wp\/v2\/types\/page"}],"author":[{"embeddable":true,"href":"https:\/\/aepl.eu\/es\/wp-json\/wp\/v2\/users\/1"}],"replies":[{"embeddable":true,"href":"https:\/\/aepl.eu\/es\/wp-json\/wp\/v2\/comments?post=121"}],"version-history":[{"count":0,"href":"https:\/\/aepl.eu\/es\/wp-json\/wp\/v2\/pages\/121\/revisions"}],"wp:attachment":[{"href":"https:\/\/aepl.eu\/es\/wp-json\/wp\/v2\/media?parent=121"}],"wp:term":[{"taxonomy":"category","embeddable":true,"href":"https:\/\/aepl.eu\/es\/wp-json\/wp\/v2\/categories?post=121"},{"taxonomy":"post_tag","embeddable":true,"href":"https:\/\/aepl.eu\/es\/wp-json\/wp\/v2\/tags?post=121"}],"curies":[{"name":"wp","href":"https:\/\/api.w.org\/{rel}","templated":true}]}}