{"id":105,"date":"2023-05-24T12:51:34","date_gmt":"2023-05-24T10:51:34","guid":{"rendered":"http:\/\/aepl.uu\/?page_id=105"},"modified":"2023-06-17T17:48:15","modified_gmt":"2023-06-17T15:48:15","slug":"europe-numerique-et-ia","status":"publish","type":"page","link":"https:\/\/aepl.eu\/es\/temas\/europe-numerique-et-ia\/","title":{"rendered":"Europa digital y la IA"},"content":{"rendered":"<p>AEPL es miembro de<strong>Alianza para la Inteligencia Artificial<\/strong> creado y consultado por la Comisi\u00f3n Europea. El GTI contribuye al trabajo de la Alianza AI.<\/p>\n<p>La GTIA responde a las solicitudes de los funcionarios encargados de la aplicaci\u00f3n del art\u00edculo 17.<\/p>\n<p>A trav\u00e9s de la AEPL, la GTIA ha contribuido activamente al desarrollo de AI-ACT, el futuro Reglamento europeo sobre Inteligencia Artificial, redactando <strong>Documentos de posici\u00f3n y cartas<\/strong> al Presidente de la Comisi\u00f3n y a los Comisarios Europeos implicados en la regulaci\u00f3n de la Inteligencia Artificial y, m\u00e1s ampliamente, del futuro de la tecnolog\u00eda digital en la UE.<\/p>\n<p>Estos documentos son p\u00fablicos y est\u00e1n disponibles en el sitio web de la AEPL.<\/p>\n<p>Adem\u00e1s, los miembros del GTI hablaron directamente con <strong>DG CONNECT funcionarios<\/strong> de la Comisi\u00f3n encargada de AI-ACT para presentar y debatir la posici\u00f3n de AEPL.<\/p>\n<p>Nuestra evaluaci\u00f3n actual es que <strong>l<\/strong>'<strong>AI-ACT es un buen reflejo de las exigencias \u00e9ticas que expresamos durante nuestros contactos con la Comisi\u00f3n.<\/strong><\/p>\n<p>Sin embargo, s\u00f3lo estamos a mitad del procedimiento legislativo, y las tres instituciones europeas -Comisi\u00f3n, Parlamento y Consejo de Ministros- tardar\u00e1n varios meses m\u00e1s en ponerse de acuerdo sobre el texto definitivo.<\/p>\n<p>Por ejemplo <strong>debates pol\u00edticos<\/strong> sobre el papel del \"reconocimiento facial\" y la propia definici\u00f3n de Inteligencia Artificial en peligro.<\/p>\n<p><strong>El GTI realiza un seguimiento diario<\/strong> la evoluci\u00f3n del actual compromiso interinstitucional.<\/p>\n<p>En caso de incumplimiento de nuestros requisitos \u00e9ticos, el <strong>La GTIA volver\u00e1 a ejercer presi\u00f3n<\/strong> en particular al Parlamento y al Consejo.<\/p>\n<p>S\u00f3lo despu\u00e9s de las votaciones finales y <strong>la publicaci\u00f3n del<\/strong>'<strong>AI-ACT en el Diario Oficial<\/strong>S\u00f3lo con el apoyo de la Uni\u00f3n Europea y de los Estados miembros de la UE podr\u00e1 el GIT hacer una evaluaci\u00f3n final de los resultados de su trabajo a lo largo de varios a\u00f1os.<\/p>\n<p>La GTIA tambi\u00e9n supervisa <strong>Propuestas legislativas de la Comisi\u00f3n Europea para la Europa Digital<\/strong> como la ley DMA de mercados digitales, la ley DSA de servicios digitales, la ley CHIPS, la ley DATA, etc.<\/p>\n<p>El GIT supervisa la legislaci\u00f3n relativa a <strong>ya incorporados a la legislaci\u00f3n nacional<\/strong> por los Estados miembros de la UE, como el Reglamento General de Protecci\u00f3n de Datos (RGPD) y los que le seguir\u00e1n.<\/p>\n<p>Por \u00faltimo, la GTIA mide <strong>influencia geopol\u00edtica<\/strong> de la Uni\u00f3n Europea, que pretende imponer sus valores \u00e9ticos y humanistas lo m\u00e1s ampliamente posible. <strong>Europa es la conciencia del mundo.<\/strong><\/p>","protected":false},"excerpt":{"rendered":"<p>La AEPL es miembro de la Alianza para la Inteligencia Artificial, creada y consultada por la Comisi\u00f3n Europea. El IAWG contribuye al trabajo de la AI Alliance. El IAWG responde a las peticiones de los funcionarios encargados de la aplicaci\u00f3n del art.17 A trav\u00e9s de la AEPL, la...<\/p>","protected":false},"author":1,"featured_media":491,"parent":102,"menu_order":2,"comment_status":"closed","ping_status":"closed","template":"","meta":{"_acf_changed":false,"footnotes":""},"categories":[],"tags":[],"class_list":["post-105","page","type-page","status-publish","has-post-thumbnail","hentry"],"acf":[],"_links":{"self":[{"href":"https:\/\/aepl.eu\/es\/wp-json\/wp\/v2\/pages\/105","targetHints":{"allow":["GET"]}}],"collection":[{"href":"https:\/\/aepl.eu\/es\/wp-json\/wp\/v2\/pages"}],"about":[{"href":"https:\/\/aepl.eu\/es\/wp-json\/wp\/v2\/types\/page"}],"author":[{"embeddable":true,"href":"https:\/\/aepl.eu\/es\/wp-json\/wp\/v2\/users\/1"}],"replies":[{"embeddable":true,"href":"https:\/\/aepl.eu\/es\/wp-json\/wp\/v2\/comments?post=105"}],"version-history":[{"count":0,"href":"https:\/\/aepl.eu\/es\/wp-json\/wp\/v2\/pages\/105\/revisions"}],"up":[{"embeddable":true,"href":"https:\/\/aepl.eu\/es\/wp-json\/wp\/v2\/pages\/102"}],"wp:featuredmedia":[{"embeddable":true,"href":"https:\/\/aepl.eu\/es\/wp-json\/wp\/v2\/media\/491"}],"wp:attachment":[{"href":"https:\/\/aepl.eu\/es\/wp-json\/wp\/v2\/media?parent=105"}],"wp:term":[{"taxonomy":"category","embeddable":true,"href":"https:\/\/aepl.eu\/es\/wp-json\/wp\/v2\/categories?post=105"},{"taxonomy":"post_tag","embeddable":true,"href":"https:\/\/aepl.eu\/es\/wp-json\/wp\/v2\/tags?post=105"}],"curies":[{"name":"wp","href":"https:\/\/api.w.org\/{rel}","templated":true}]}}