{"id":310,"date":"2023-06-13T14:05:26","date_gmt":"2023-06-13T12:05:26","guid":{"rendered":"https:\/\/aepl.eu\/?page_id=310"},"modified":"2023-06-20T09:31:16","modified_gmt":"2023-06-20T07:31:16","slug":"egale","status":"publish","type":"page","link":"https:\/\/aepl.eu\/en\/friendship-and-cooperation-links\/france\/egale\/","title":{"rendered":"Egale"},"content":{"rendered":"<p style=\"font-weight: 400;\">EGALE's aim is to promote and share the humanist and secular values of the French Republic and its motto: \"Libert\u00e9, \u00c9galit\u00e9, Fraternit\u00e9\".<\/p>\n<p style=\"font-weight: 400;\">In practice:<\/p>\n<ul style=\"font-weight: 400;\">\n<li>EGALE is accredited to the European Union and participates in dialogue meetings with the European Commission and Parliament (art 17 of the Treaty on the Functioning of the EU).<\/li>\n<li>EGALE supported the Baby-Loup cr\u00e8che in its fight for the association's employees to respect neutrality, and worked to ensure that employment legislation allowed companies to impose neutrality in their internal rules, if they deemed it necessary to ensure their proper functioning.<\/li>\n<li>EGALE is a member of the National Secular Collective and the European Secular Network.<\/li>\n<li>EGALE designs and runs training courses, conferences, meetings and colloquia on secularism<\/li>\n<li>EGALE is chaired by Fran\u00e7oise Laborde, former Senator and Vice-Chair of the Senate Committee on Women's Rights.<\/li>\n<\/ul>\n<p style=\"font-weight: 400;\">Website: contact@egale.eu<\/p>","protected":false},"excerpt":{"rendered":"<p>EGALE's aim is to promote and share the humanist and secular values of the French Republic and its motto: \"Libert\u00e9, \u00c9galit\u00e9, Fraternit\u00e9\". In practice: EGALE is accredited by the European Union and takes part in dialogue meetings with the...<\/p>","protected":false},"author":2,"featured_media":515,"parent":291,"menu_order":0,"comment_status":"closed","ping_status":"closed","template":"","meta":{"_acf_changed":false,"footnotes":""},"categories":[],"tags":[],"class_list":["post-310","page","type-page","status-publish","has-post-thumbnail","hentry"],"acf":[],"_links":{"self":[{"href":"https:\/\/aepl.eu\/en\/wp-json\/wp\/v2\/pages\/310","targetHints":{"allow":["GET"]}}],"collection":[{"href":"https:\/\/aepl.eu\/en\/wp-json\/wp\/v2\/pages"}],"about":[{"href":"https:\/\/aepl.eu\/en\/wp-json\/wp\/v2\/types\/page"}],"author":[{"embeddable":true,"href":"https:\/\/aepl.eu\/en\/wp-json\/wp\/v2\/users\/2"}],"replies":[{"embeddable":true,"href":"https:\/\/aepl.eu\/en\/wp-json\/wp\/v2\/comments?post=310"}],"version-history":[{"count":0,"href":"https:\/\/aepl.eu\/en\/wp-json\/wp\/v2\/pages\/310\/revisions"}],"up":[{"embeddable":true,"href":"https:\/\/aepl.eu\/en\/wp-json\/wp\/v2\/pages\/291"}],"wp:featuredmedia":[{"embeddable":true,"href":"https:\/\/aepl.eu\/en\/wp-json\/wp\/v2\/media\/515"}],"wp:attachment":[{"href":"https:\/\/aepl.eu\/en\/wp-json\/wp\/v2\/media?parent=310"}],"wp:term":[{"taxonomy":"category","embeddable":true,"href":"https:\/\/aepl.eu\/en\/wp-json\/wp\/v2\/categories?post=310"},{"taxonomy":"post_tag","embeddable":true,"href":"https:\/\/aepl.eu\/en\/wp-json\/wp\/v2\/tags?post=310"}],"curies":[{"name":"wp","href":"https:\/\/api.w.org\/{rel}","templated":true}]}}