{"id":304,"date":"2023-06-13T13:58:58","date_gmt":"2023-06-13T11:58:58","guid":{"rendered":"https:\/\/aepl.eu\/?page_id=304"},"modified":"2023-06-20T09:18:57","modified_gmt":"2023-06-20T07:18:57","slug":"la-pensee-et-les-hommes","status":"publish","type":"page","link":"https:\/\/aepl.eu\/en\/friendship-and-cooperation-links\/belgium\/la-pensee-et-les-hommes\/","title":{"rendered":"La pens\u00e9e et les hommes"},"content":{"rendered":"<p style=\"font-weight: 400;\">The association will pursue this objective by any means it deems useful, in particular by organising radio and television broadcasts on secular philosophy and morality, and by publishing periodicals designed to make these broadcasts better known.<\/p>\n<p style=\"font-weight: 400;\">It may also organise or participate in the organisation of conferences, congresses, study or documentation centres, as well as any other initiatives that it deems useful for achieving its objectives.<\/p>\n<p>Website : <a href=\"https:\/\/www.lapenseeetleshommes.be\" target=\"_blank\" rel=\"noopener\">Thought and People<\/a><\/p>\n<p>&nbsp;<\/p>","protected":false},"excerpt":{"rendered":"<p>L\u2019association poursuivra la r\u00e9alisation de cet objectif par tous les moyens qu\u2019elle jugera utiles et notamment par l\u2019organisation d\u2019\u00e9missions radiophoniques et t\u00e9l\u00e9vis\u00e9es de philosophie et de morale la\u00efques, et l\u2019\u00e9dition de publications p\u00e9riodiques destin\u00e9es \u00e0 faire mieux conna\u00eetre ces \u00e9missions&#8230;.<\/p>","protected":false},"author":2,"featured_media":507,"parent":288,"menu_order":0,"comment_status":"closed","ping_status":"closed","template":"","meta":{"_acf_changed":false,"footnotes":""},"categories":[],"tags":[],"class_list":["post-304","page","type-page","status-publish","has-post-thumbnail","hentry"],"acf":[],"_links":{"self":[{"href":"https:\/\/aepl.eu\/en\/wp-json\/wp\/v2\/pages\/304","targetHints":{"allow":["GET"]}}],"collection":[{"href":"https:\/\/aepl.eu\/en\/wp-json\/wp\/v2\/pages"}],"about":[{"href":"https:\/\/aepl.eu\/en\/wp-json\/wp\/v2\/types\/page"}],"author":[{"embeddable":true,"href":"https:\/\/aepl.eu\/en\/wp-json\/wp\/v2\/users\/2"}],"replies":[{"embeddable":true,"href":"https:\/\/aepl.eu\/en\/wp-json\/wp\/v2\/comments?post=304"}],"version-history":[{"count":0,"href":"https:\/\/aepl.eu\/en\/wp-json\/wp\/v2\/pages\/304\/revisions"}],"up":[{"embeddable":true,"href":"https:\/\/aepl.eu\/en\/wp-json\/wp\/v2\/pages\/288"}],"wp:featuredmedia":[{"embeddable":true,"href":"https:\/\/aepl.eu\/en\/wp-json\/wp\/v2\/media\/507"}],"wp:attachment":[{"href":"https:\/\/aepl.eu\/en\/wp-json\/wp\/v2\/media?parent=304"}],"wp:term":[{"taxonomy":"category","embeddable":true,"href":"https:\/\/aepl.eu\/en\/wp-json\/wp\/v2\/categories?post=304"},{"taxonomy":"post_tag","embeddable":true,"href":"https:\/\/aepl.eu\/en\/wp-json\/wp\/v2\/tags?post=304"}],"curies":[{"name":"wp","href":"https:\/\/api.w.org\/{rel}","templated":true}]}}