{"id":196,"date":"2023-06-07T14:21:56","date_gmt":"2023-06-07T12:21:56","guid":{"rendered":"http:\/\/aepl.uu\/?page_id=196"},"modified":"2023-10-20T09:37:04","modified_gmt":"2023-10-20T07:37:04","slug":"ukraine","status":"publish","type":"page","link":"https:\/\/aepl.eu\/en\/themes\/ukraine\/","title":{"rendered":"Ukraine"},"content":{"rendered":"<p>Ukraine, behind the scenes<\/p>\n<p>Russia invaded Ukraine on 24 February 2022, continuing the operation it began in 2014 with the annexation of Crimea.<\/p>\n<p>Sovereignty and land borders have been fundamentally violated in the process. Two eastern provinces have already been annexed after a bogus referendum. The West, led by NATO, reacted immediately with unconditional support for Ukraine.<\/p>\n<p>In the meantime, the conflict has spread and we are potentially on the brink of a third world war, with nuclear danger. The only winners seem to be the military-industrial complex: the arms factories are firing on all cylinders.<\/p>\n<p>Some believe that the Ukrainian people do not need arms, but peace. Others believe that peace cannot be negotiated from a position of weakness.<\/p>\n<p>We are looking at how we can contribute to peace through our working group, while keeping a close eye on all the news about the conflict.<\/p>","protected":false},"excerpt":{"rendered":"<p>Ukraine, le dessous des cartes La Russie a envahi l&rsquo;Ukraine le 24 f\u00e9vrier 2022, poursuivant son op\u00e9ration commenc\u00e9e en 2014 avec l&rsquo;annexion de la Crim\u00e9e. La souverainet\u00e9 et les fronti\u00e8res terrestres ont \u00e9t\u00e9 fondamentalement viol\u00e9es dans le processus. Deux provinces&#8230;<\/p>","protected":false},"author":1,"featured_media":531,"parent":102,"menu_order":8,"comment_status":"closed","ping_status":"closed","template":"","meta":{"_acf_changed":false,"footnotes":""},"categories":[],"tags":[],"class_list":["post-196","page","type-page","status-publish","has-post-thumbnail","hentry"],"acf":[],"_links":{"self":[{"href":"https:\/\/aepl.eu\/en\/wp-json\/wp\/v2\/pages\/196","targetHints":{"allow":["GET"]}}],"collection":[{"href":"https:\/\/aepl.eu\/en\/wp-json\/wp\/v2\/pages"}],"about":[{"href":"https:\/\/aepl.eu\/en\/wp-json\/wp\/v2\/types\/page"}],"author":[{"embeddable":true,"href":"https:\/\/aepl.eu\/en\/wp-json\/wp\/v2\/users\/1"}],"replies":[{"embeddable":true,"href":"https:\/\/aepl.eu\/en\/wp-json\/wp\/v2\/comments?post=196"}],"version-history":[{"count":0,"href":"https:\/\/aepl.eu\/en\/wp-json\/wp\/v2\/pages\/196\/revisions"}],"up":[{"embeddable":true,"href":"https:\/\/aepl.eu\/en\/wp-json\/wp\/v2\/pages\/102"}],"wp:featuredmedia":[{"embeddable":true,"href":"https:\/\/aepl.eu\/en\/wp-json\/wp\/v2\/media\/531"}],"wp:attachment":[{"href":"https:\/\/aepl.eu\/en\/wp-json\/wp\/v2\/media?parent=196"}],"wp:term":[{"taxonomy":"category","embeddable":true,"href":"https:\/\/aepl.eu\/en\/wp-json\/wp\/v2\/categories?post=196"},{"taxonomy":"post_tag","embeddable":true,"href":"https:\/\/aepl.eu\/en\/wp-json\/wp\/v2\/tags?post=196"}],"curies":[{"name":"wp","href":"https:\/\/api.w.org\/{rel}","templated":true}]}}