{"id":98,"date":"2023-05-24T12:47:40","date_gmt":"2023-05-24T10:47:40","guid":{"rendered":"http:\/\/aepl.uu\/?page_id=98"},"modified":"2025-04-11T13:59:28","modified_gmt":"2025-04-11T11:59:28","slug":"a-propos","status":"publish","type":"page","link":"https:\/\/aepl.eu\/de\/wer-sind-wir\/a-propos\/","title":{"rendered":"Wer sind wir?"},"content":{"rendered":"<p>Der Zweite Weltkrieg hinterlie\u00df ein verw\u00fcstetes und ruiniertes Europa. Um es zu dem Raum des Friedens, der Freiheit, des Wohlstands und der Solidarit\u00e4t zu machen, den wir heute kennen, mussten die Feinde von gestern \u00fcberzeugt werden.<\/p>","protected":false},"excerpt":{"rendered":"<p>Der Zweite Weltkrieg hinterlie\u00df ein verw\u00fcstetes und ruiniertes Europa. Um es zu dem Raum des Friedens, der Freiheit, des Wohlstands und der Solidarit\u00e4t zu machen, den wir heute kennen, mussten die Feinde von gestern \u00fcberzeugt werden.<\/p>","protected":false},"author":1,"featured_media":0,"parent":94,"menu_order":1,"comment_status":"closed","ping_status":"closed","template":"templates\/intern.php","meta":{"_acf_changed":false,"footnotes":""},"categories":[],"tags":[],"class_list":["post-98","page","type-page","status-publish","hentry"],"acf":[],"_links":{"self":[{"href":"https:\/\/aepl.eu\/de\/wp-json\/wp\/v2\/pages\/98","targetHints":{"allow":["GET"]}}],"collection":[{"href":"https:\/\/aepl.eu\/de\/wp-json\/wp\/v2\/pages"}],"about":[{"href":"https:\/\/aepl.eu\/de\/wp-json\/wp\/v2\/types\/page"}],"author":[{"embeddable":true,"href":"https:\/\/aepl.eu\/de\/wp-json\/wp\/v2\/users\/1"}],"replies":[{"embeddable":true,"href":"https:\/\/aepl.eu\/de\/wp-json\/wp\/v2\/comments?post=98"}],"version-history":[{"count":0,"href":"https:\/\/aepl.eu\/de\/wp-json\/wp\/v2\/pages\/98\/revisions"}],"up":[{"embeddable":true,"href":"https:\/\/aepl.eu\/de\/wp-json\/wp\/v2\/pages\/94"}],"wp:attachment":[{"href":"https:\/\/aepl.eu\/de\/wp-json\/wp\/v2\/media?parent=98"}],"wp:term":[{"taxonomy":"category","embeddable":true,"href":"https:\/\/aepl.eu\/de\/wp-json\/wp\/v2\/categories?post=98"},{"taxonomy":"post_tag","embeddable":true,"href":"https:\/\/aepl.eu\/de\/wp-json\/wp\/v2\/tags?post=98"}],"curies":[{"name":"wp","href":"https:\/\/api.w.org\/{rel}","templated":true}]}}