{"id":94,"date":"2023-05-24T12:43:40","date_gmt":"2023-05-24T10:43:40","guid":{"rendered":"http:\/\/aepl.uu\/?page_id=94"},"modified":"2023-07-17T14:26:51","modified_gmt":"2023-07-17T12:26:51","slug":"wer-sind-wir","status":"publish","type":"page","link":"https:\/\/aepl.eu\/de\/wer-sind-wir\/","title":{"rendered":"\u00dcber"},"content":{"rendered":"<p>Der Zweite Weltkrieg hinterlie\u00df ein verw\u00fcstetes und ruiniertes Europa. Um es zu dem Raum des Friedens, der Freiheit, des Wohlstands und der Solidarit\u00e4t zu machen, den wir heute kennen, mussten die Feinde von gestern \u00fcberzeugt werden.<\/p>\n<p>Alles musste noch erfunden werden, um diese in der Geschichte beispiellose Utopie zu verwirklichen. L\u00e4nder, die sich jahrhundertelang bekriegt hatten, schafften es, sich zu vereinen und gro\u00dfe Teile ihrer Souver\u00e4nit\u00e4t zusammenzulegen. \"In Vielfalt geeint\", das Motto der Europ\u00e4ischen Union (EU), symbolisiert die von der Aufkl\u00e4rung inspirierten Werte der Toleranz auf einem ganzen Kontinent.<\/p>\n<p>W\u00e4hrend die EU die gr\u00f6\u00dfte Serie von Krisen in ihrer Geschichte erlebt, m\u00fcssen Freidenker pr\u00e4sent sein. Im Jahr 2007 beschlossen drei Freunde, die mit den EU-Institutionen vertraut waren, in Br\u00fcssel die AEPL zu gr\u00fcnden.<\/p>\n<p>Ziel: Von der Basis aus unsere Werte in den \"Dialog\" zwischen den EU-Institutionen und sowohl nicht-konfessionellen als auch religi\u00f6sen Organisationen einbringen.<\/p>\n<p>Unsere Bewegung nimmt nunmehr aufgrund ihrer Reaktionsf\u00e4higkeit und Hartn\u00e4ckigkeit einen originellen Platz in Br\u00fcssel ein. Unsere gezielten Aktionen zu konkreten Themen haben es uns erm\u00f6glicht, uns bei den europ\u00e4ischen Institutionen Geh\u00f6r zu verschaffen und sowohl in der Kommission als auch im Europ\u00e4ischen Parlament unsere Werte des Fortschritts, der Gewissensfreiheit und der Toleranz zu vertreten. Unsere Kenntnis der Abl\u00e4ufe und ein entschlossenes europ\u00e4isches Engagement haben dazu gef\u00fchrt, dass unser Fachwissen von den Institutionen in sehr unterschiedlichen Bereichen (Politik, Wirtschaft, Soziales, Laizismus, Bioethik, Digitales, Migration, Verteidigung usw.) gesch\u00e4tzt wird.<\/p>\n<p>Der Verein hat seinen Sitz in Br\u00fcssel, in der N\u00e4he der europ\u00e4ischen Institutionen.<\/p>\n<p><strong>Die Europ\u00e4ische Union ist das gr\u00f6\u00dfte politische, wirtschaftliche, soziale und kulturelle Abenteuer, an dem wir teilhaben k\u00f6nnen.<\/strong><\/p>\n<p><strong>Gemeinsam unsere humanistischen und freimaurerischen Werte f\u00f6rdern, um Europa aufzubauen<\/strong><\/p>","protected":false},"excerpt":{"rendered":"<p>Der Zweite Weltkrieg hinterlie\u00df ein verw\u00fcstetes und ruiniertes Europa. Um es zu dem Raum des Friedens, der Freiheit, des Wohlstands und der Solidarit\u00e4t zu machen, den wir heute kennen, mussten die Feinde von gestern \u00fcberzeugt werden. Alles musste noch erfunden werden, um die...<\/p>","protected":false},"author":1,"featured_media":0,"parent":0,"menu_order":3,"comment_status":"closed","ping_status":"closed","template":"templates\/parent-intern.php","meta":{"_acf_changed":false,"footnotes":""},"categories":[],"tags":[],"class_list":["post-94","page","type-page","status-publish","hentry"],"acf":[],"_links":{"self":[{"href":"https:\/\/aepl.eu\/de\/wp-json\/wp\/v2\/pages\/94","targetHints":{"allow":["GET"]}}],"collection":[{"href":"https:\/\/aepl.eu\/de\/wp-json\/wp\/v2\/pages"}],"about":[{"href":"https:\/\/aepl.eu\/de\/wp-json\/wp\/v2\/types\/page"}],"author":[{"embeddable":true,"href":"https:\/\/aepl.eu\/de\/wp-json\/wp\/v2\/users\/1"}],"replies":[{"embeddable":true,"href":"https:\/\/aepl.eu\/de\/wp-json\/wp\/v2\/comments?post=94"}],"version-history":[{"count":0,"href":"https:\/\/aepl.eu\/de\/wp-json\/wp\/v2\/pages\/94\/revisions"}],"wp:attachment":[{"href":"https:\/\/aepl.eu\/de\/wp-json\/wp\/v2\/media?parent=94"}],"wp:term":[{"taxonomy":"category","embeddable":true,"href":"https:\/\/aepl.eu\/de\/wp-json\/wp\/v2\/categories?post=94"},{"taxonomy":"post_tag","embeddable":true,"href":"https:\/\/aepl.eu\/de\/wp-json\/wp\/v2\/tags?post=94"}],"curies":[{"name":"wp","href":"https:\/\/api.w.org\/{rel}","templated":true}]}}