{"id":517,"date":"2023-06-20T09:37:26","date_gmt":"2023-06-20T07:37:26","guid":{"rendered":"https:\/\/aepl.eu\/?page_id=517"},"modified":"2023-06-20T09:38:34","modified_gmt":"2023-06-20T07:38:34","slug":"kollektiv-laique-national","status":"publish","type":"page","link":"https:\/\/aepl.eu\/de\/partner\/frankreich\/kollektiv-laique-national\/","title":{"rendered":"Nationales Laizistisches Kollektiv"},"content":{"rendered":"<p>Die aktuellen Ereignisse in Frankreich, Europa und dar\u00fcber hinaus zeigen, wie dringend es f\u00fcr unser Volk ist, sich auf die Grundprinzipien der s\u00e4kularen Republik zu besinnen. Diese Grunds\u00e4tze rufen zu kollektiven Anstrengungen f\u00fcr die Emanzipation aller auf, widersetzen sich jeder religi\u00f6sen oder dogmatischen Bezugnahme auf Gesetze und \u00f6ffentliche Einrichtungen und lehnen jeglichen Klerikalismus, Fundamentalismus und Rassismus in der Republik ab.<\/p>\n<p>Website : <a href=\"https:\/\/www.laicite-republique.org\/#&amp;panel1-1\" target=\"_blank\" rel=\"noopener\">Nationales Laizistisches Kollektiv<\/a><\/p>","protected":false},"excerpt":{"rendered":"<p>Die aktuellen Ereignisse in Frankreich, Europa und dar\u00fcber hinaus zeigen, wie dringend es f\u00fcr unser Volk ist, sich auf die Grundprinzipien der laizistischen Republik zu besinnen. Die Prinzipien, die zu kollektiven Anstrengungen f\u00fcr die Emanzipation aller aufrufen, die sich jedem religi\u00f6sen Bezug widersetzen...<\/p>","protected":false},"author":2,"featured_media":521,"parent":291,"menu_order":0,"comment_status":"closed","ping_status":"closed","template":"","meta":{"_acf_changed":false,"footnotes":""},"categories":[],"tags":[],"class_list":["post-517","page","type-page","status-publish","has-post-thumbnail","hentry"],"acf":[],"_links":{"self":[{"href":"https:\/\/aepl.eu\/de\/wp-json\/wp\/v2\/pages\/517","targetHints":{"allow":["GET"]}}],"collection":[{"href":"https:\/\/aepl.eu\/de\/wp-json\/wp\/v2\/pages"}],"about":[{"href":"https:\/\/aepl.eu\/de\/wp-json\/wp\/v2\/types\/page"}],"author":[{"embeddable":true,"href":"https:\/\/aepl.eu\/de\/wp-json\/wp\/v2\/users\/2"}],"replies":[{"embeddable":true,"href":"https:\/\/aepl.eu\/de\/wp-json\/wp\/v2\/comments?post=517"}],"version-history":[{"count":0,"href":"https:\/\/aepl.eu\/de\/wp-json\/wp\/v2\/pages\/517\/revisions"}],"up":[{"embeddable":true,"href":"https:\/\/aepl.eu\/de\/wp-json\/wp\/v2\/pages\/291"}],"wp:featuredmedia":[{"embeddable":true,"href":"https:\/\/aepl.eu\/de\/wp-json\/wp\/v2\/media\/521"}],"wp:attachment":[{"href":"https:\/\/aepl.eu\/de\/wp-json\/wp\/v2\/media?parent=517"}],"wp:term":[{"taxonomy":"category","embeddable":true,"href":"https:\/\/aepl.eu\/de\/wp-json\/wp\/v2\/categories?post=517"},{"taxonomy":"post_tag","embeddable":true,"href":"https:\/\/aepl.eu\/de\/wp-json\/wp\/v2\/tags?post=517"}],"curies":[{"name":"wp","href":"https:\/\/api.w.org\/{rel}","templated":true}]}}