{"id":510,"date":"2023-06-20T09:25:08","date_gmt":"2023-06-20T07:25:08","guid":{"rendered":"https:\/\/aepl.eu\/?page_id=510"},"modified":"2023-06-20T09:25:08","modified_gmt":"2023-06-20T07:25:08","slug":"centre-daction-laique","status":"publish","type":"page","link":"https:\/\/aepl.eu\/de\/partner\/belgien\/centre-daction-laique\/","title":{"rendered":"Zentrum f\u00fcr s\u00e4kulare Aktion"},"content":{"rendered":"<p>Seit 1969\u00a0<strong>Das Centre d'Action La\u00efque erf\u00fcllt im franz\u00f6sischsprachigen Teil Belgiens drei Aufgaben<\/strong>:<\/p>\n<ul>\n<li>Er koordiniert die Aktionen der verschiedenen Verb\u00e4nde und der sieben regionalen CAL in den verschiedenen Bereichen;<\/li>\n<li>Er f\u00f6rdert s\u00e4kulare Ideale und versucht, neue Dienstleistungen anzuregen;<\/li>\n<li>Er vertritt die Bewegung gegen\u00fcber Beh\u00f6rden und Dritten.<\/li>\n<\/ul>\n<p>Website : <a href=\"https:\/\/www.laicite.be\/le-cal\/le-centre-d-action-laique\/\" target=\"_blank\" rel=\"noopener\">Zentrum f\u00fcr Laizistische Aktion<\/a><\/p>","protected":false},"excerpt":{"rendered":"<p>Seit 1969 hat das Centre d'Action La\u00efque im franz\u00f6sischsprachigen Teil Belgiens eine dreifache Aufgabe: Es koordiniert die Aktionen der verschiedenen Verb\u00e4nde und der sieben Regionalverb\u00e4nde des CAL in den verschiedenen Bereichen; es f\u00f6rdert die s\u00e4kularen Ideale und versucht, neue...<\/p>","protected":false},"author":2,"featured_media":512,"parent":288,"menu_order":0,"comment_status":"closed","ping_status":"closed","template":"","meta":{"_acf_changed":false,"footnotes":""},"categories":[],"tags":[],"class_list":["post-510","page","type-page","status-publish","has-post-thumbnail","hentry"],"acf":[],"_links":{"self":[{"href":"https:\/\/aepl.eu\/de\/wp-json\/wp\/v2\/pages\/510","targetHints":{"allow":["GET"]}}],"collection":[{"href":"https:\/\/aepl.eu\/de\/wp-json\/wp\/v2\/pages"}],"about":[{"href":"https:\/\/aepl.eu\/de\/wp-json\/wp\/v2\/types\/page"}],"author":[{"embeddable":true,"href":"https:\/\/aepl.eu\/de\/wp-json\/wp\/v2\/users\/2"}],"replies":[{"embeddable":true,"href":"https:\/\/aepl.eu\/de\/wp-json\/wp\/v2\/comments?post=510"}],"version-history":[{"count":0,"href":"https:\/\/aepl.eu\/de\/wp-json\/wp\/v2\/pages\/510\/revisions"}],"up":[{"embeddable":true,"href":"https:\/\/aepl.eu\/de\/wp-json\/wp\/v2\/pages\/288"}],"wp:featuredmedia":[{"embeddable":true,"href":"https:\/\/aepl.eu\/de\/wp-json\/wp\/v2\/media\/512"}],"wp:attachment":[{"href":"https:\/\/aepl.eu\/de\/wp-json\/wp\/v2\/media?parent=510"}],"wp:term":[{"taxonomy":"category","embeddable":true,"href":"https:\/\/aepl.eu\/de\/wp-json\/wp\/v2\/categories?post=510"},{"taxonomy":"post_tag","embeddable":true,"href":"https:\/\/aepl.eu\/de\/wp-json\/wp\/v2\/tags?post=510"}],"curies":[{"name":"wp","href":"https:\/\/api.w.org\/{rel}","templated":true}]}}