{"id":310,"date":"2023-06-13T14:05:26","date_gmt":"2023-06-13T12:05:26","guid":{"rendered":"https:\/\/aepl.eu\/?page_id=310"},"modified":"2023-06-20T09:31:16","modified_gmt":"2023-06-20T07:31:16","slug":"egale","status":"publish","type":"page","link":"https:\/\/aepl.eu\/de\/partner\/frankreich\/egale\/","title":{"rendered":"Gleich"},"content":{"rendered":"<p style=\"font-weight: 400;\">\u00c9GALE hat zum Ziel, die humanistischen und s\u00e4kularen Werte der Franz\u00f6sischen Republik und ihr Motto \"Freiheit, Gleichheit, Br\u00fcderlichkeit\" zu f\u00f6rdern und zu teilen.<\/p>\n<p style=\"font-weight: 400;\">In der Praxis :<\/p>\n<ul style=\"font-weight: 400;\">\n<li>\u00c9GALE ist bei der Europ\u00e4ischen Union bevollm\u00e4chtigt und nimmt an den Dialogsitzungen mit der Europ\u00e4ischen Kommission und dem Europ\u00e4ischen Parlament teil (Art. 17 des Vertrags \u00fcber die Arbeitsweise der EU).<\/li>\n<li>\u00c9GALE unterst\u00fctzte die Kinderkrippe Baby-Loup in ihrem Kampf f\u00fcr die Einhaltung der Neutralit\u00e4t durch die Besch\u00e4ftigten des Vereins und setzte sich daf\u00fcr ein, dass das Arbeitsrecht es Unternehmen erlaubt, in ihren Betriebsordnungen die Neutralit\u00e4t vorzuschreiben, wenn sie dies f\u00fcr notwendig erachten, um ihren reibungslosen Betrieb zu gew\u00e4hrleisten.<\/li>\n<li>\u00c9GALE ist Mitglied des Collectif la\u00efque national (Nationales Laizistisches Kollektiv) und des R\u00e9seau la\u00efque europ\u00e9en (Europ\u00e4isches Laizistisches Netzwerk).<\/li>\n<li>\u00c9GALE konzipiert und moderiert Schulungen, Konferenzen, Treffen und Kolloquien zum Thema Laizit\u00e4t.<\/li>\n<li>\u00c9GALE wird von Fran\u00e7oise Laborde, ehemalige Senatorin und stellvertretende Vorsitzende des Ausschusses f\u00fcr Frauenrechte des Senats, geleitet.<\/li>\n<\/ul>\n<p style=\"font-weight: 400;\">Website: contact@egale.eu<\/p>","protected":false},"excerpt":{"rendered":"<p>Ziel von \u00c9GALE ist es, die humanistischen und s\u00e4kularen Werte der Franz\u00f6sischen Republik und ihr Motto \"Freiheit, Gleichheit, Br\u00fcderlichkeit\" zu f\u00f6rdern und zu teilen. In der Praxis: \u00c9GALE ist bei der Europ\u00e4ischen Union zugelassen und nimmt an den Dialogsitzungen mit...<\/p>","protected":false},"author":2,"featured_media":515,"parent":291,"menu_order":0,"comment_status":"closed","ping_status":"closed","template":"","meta":{"_acf_changed":false,"footnotes":""},"categories":[],"tags":[],"class_list":["post-310","page","type-page","status-publish","has-post-thumbnail","hentry"],"acf":[],"_links":{"self":[{"href":"https:\/\/aepl.eu\/de\/wp-json\/wp\/v2\/pages\/310","targetHints":{"allow":["GET"]}}],"collection":[{"href":"https:\/\/aepl.eu\/de\/wp-json\/wp\/v2\/pages"}],"about":[{"href":"https:\/\/aepl.eu\/de\/wp-json\/wp\/v2\/types\/page"}],"author":[{"embeddable":true,"href":"https:\/\/aepl.eu\/de\/wp-json\/wp\/v2\/users\/2"}],"replies":[{"embeddable":true,"href":"https:\/\/aepl.eu\/de\/wp-json\/wp\/v2\/comments?post=310"}],"version-history":[{"count":0,"href":"https:\/\/aepl.eu\/de\/wp-json\/wp\/v2\/pages\/310\/revisions"}],"up":[{"embeddable":true,"href":"https:\/\/aepl.eu\/de\/wp-json\/wp\/v2\/pages\/291"}],"wp:featuredmedia":[{"embeddable":true,"href":"https:\/\/aepl.eu\/de\/wp-json\/wp\/v2\/media\/515"}],"wp:attachment":[{"href":"https:\/\/aepl.eu\/de\/wp-json\/wp\/v2\/media?parent=310"}],"wp:term":[{"taxonomy":"category","embeddable":true,"href":"https:\/\/aepl.eu\/de\/wp-json\/wp\/v2\/categories?post=310"},{"taxonomy":"post_tag","embeddable":true,"href":"https:\/\/aepl.eu\/de\/wp-json\/wp\/v2\/tags?post=310"}],"curies":[{"name":"wp","href":"https:\/\/api.w.org\/{rel}","templated":true}]}}