{"id":307,"date":"2023-06-13T14:02:27","date_gmt":"2023-06-13T12:02:27","guid":{"rendered":"https:\/\/aepl.eu\/?page_id=307"},"modified":"2023-06-20T09:29:21","modified_gmt":"2023-06-20T07:29:21","slug":"relux","status":"publish","type":"page","link":"https:\/\/aepl.eu\/de\/partner\/luxemburg\/relux\/","title":{"rendered":"RELUX"},"content":{"rendered":"<h2>Die Rencontres Europ\u00e9ennes de Luxembourg, warum?<\/h2>\n<p>Seit 1945 ist klar, dass ein vereintes Europa geschaffen werden muss.<\/p>\n<p>Der sinnloseste aller Kriege und die Aufl\u00f6sung der europ\u00e4ischen Reiche, die viereinhalb Jahrhunderte lang die Welt regiert hatten, haben neue wirtschaftliche und milit\u00e4rische Machtverh\u00e4ltnisse geschaffen. Gegen\u00fcber den USA, China, Russland und den aufstrebenden M\u00e4chten kann Europa nur dann bestehen, wenn es alle menschlichen, politischen, finanziellen, wissenschaftlichen und kulturellen Ressourcen seiner Staaten auf intelligente Weise zusammenf\u00fchrt.<\/p>\n<p>In der Tat kann Europa in dieser noch immer desorientierten, instabilen und gef\u00e4hrlichen Welt ein Vorbild sein, dem es zu folgen gilt. Als Verteidiger der Freiheit, des Rechts und der sozialen Solidarit\u00e4t, reich an gl\u00fccklichen und katastrophalen Erfahrungen, ist es heute beispielhaft f\u00fcr Milliarden von Menschen, die in Asien, Afrika und Nord- und S\u00fcdamerika unter schlimmen Bedingungen leben.<\/p>\n<p>Aber wir Europ\u00e4er wissen, wie weit wir noch vom M\u00f6glichen entfernt sind.<\/p>\n<p>Daher bedarf es \u00fcberall und immer wieder Begegnungen zwischen klar denkenden B\u00fcrgern, um grundlegende Probleme und L\u00f6sungen zu diskutieren, Ideen und Konzepte in einem komplexen politischen, kulturellen und sprachlichen Gef\u00fcge zu entwickeln und effektiv zu verbreiten.<\/p>\n<p>Die luxemburgische Initiative, die vor 25 Jahren ins Leben gerufen wurde, ist Teil dieser geduldigen Arbeit.<\/p>\n<p>Die Europ\u00e4ischen Begegnungen in Luxemburg wurden ins Leben gerufen, um die Dinge ein wenig, aber unaufhaltsam voranzubringen, und erm\u00f6glichen eine lebhafte Auseinandersetzung mit Themen, die einen ver\u00e4rgern oder ver\u00e4rgern k\u00f6nnen. Ihre Ziele: F\u00f6rderung eines offenen und multidisziplin\u00e4ren Austauschs auf europ\u00e4ischer Ebene; Anregung der Entwicklung ethischer, sozialer und politischer Debatten \u00fcber die Zukunft der europ\u00e4ischen Gesellschaft(en).<\/p>\n<h2>Die Organisation<\/h2>\n<p>Die Rencontres Europ\u00e9ennes de Luxembourg sind eine offene und unabh\u00e4ngige Vereinsstruktur, die sich auf ein Team von Freiwilligen st\u00fctzt.<\/p>\n<p>Jedes Jahr hat ein Koordinierungsausschuss die Aufgabe, ein Kolloquium (traditionell am dritten Samstag im Oktober) zu einem bestimmten Arbeitsthema zu organisieren. Jedes Mal kommen mehr als hundert Teilnehmer aus verschiedenen L\u00e4ndern und mit unterschiedlichem Hintergrund, um mit Rednern aus Luxemburg, Frankreich, Belgien und der Schweiz, aber auch aus Spanien, Italien, Deutschland, Schweden, den USA, Algerien, Marokko, Israel usw. zu diskutieren. Diese Redner, Akteure und Denker - Abgeordnete, Journalisten, Wissenschaftler, Vertreter aus Wirtschaft und Verwaltung, Akademiker... - leiten die Debatten, wobei der Respekt vor dem Anderen und die Komplementarit\u00e4t jedes Einzelnen im Vordergrund stehen, und tragen nacheinander einen Stein zum europ\u00e4ischen Bauwerk bei, das wir alle gemeinsam errichten.<\/p>\n<p>Die Rencontres haben sich auch einige \"Werkzeuge\" f\u00fcr eine breitere Resonanz zugelegt:<\/p>\n<ul>\n<li>Der \"Club des Amis des Rencontres\" umfasst Personen aus allen geographischen und philosophischen Bereichen, die die Rencontres europ\u00e9ennes de Luxembourg unterst\u00fctzen m\u00f6chten, sowohl finanziell als auch durch eine Reflexionsarbeit im Vorfeld des Kolloquiums.<\/li>\n<li>Die Website der Begegnungen <a href=\"http:\/\/www.relux.lu\">http:\/\/www.relux.lu<\/a> soll sowohl die vorbereitenden Diskussionen als auch die Schlussfolgerungen der Arbeit wiedergeben. Die Geschichte der Arbeit der vergangenen Jahre wird derzeit von der alten auf die neue Website \u00fcbertragen, um sie so vielen Menschen wie m\u00f6glich zug\u00e4nglich zu machen.<\/li>\n<\/ul>","protected":false},"excerpt":{"rendered":"<p>Die Rencontres Europ\u00e9ennes de Luxembourg, warum? Seit 1945 ist klar, dass ein vereintes Europa geschaffen werden muss. Der sinnloseste aller Kriege und die Aufl\u00f6sung der europ\u00e4ischen Reiche, die viereinhalb Jahrhunderte lang die Welt regiert hatten, haben...<\/p>","protected":false},"author":2,"featured_media":514,"parent":294,"menu_order":0,"comment_status":"closed","ping_status":"closed","template":"","meta":{"_acf_changed":false,"footnotes":""},"categories":[],"tags":[],"class_list":["post-307","page","type-page","status-publish","has-post-thumbnail","hentry"],"acf":[],"_links":{"self":[{"href":"https:\/\/aepl.eu\/de\/wp-json\/wp\/v2\/pages\/307","targetHints":{"allow":["GET"]}}],"collection":[{"href":"https:\/\/aepl.eu\/de\/wp-json\/wp\/v2\/pages"}],"about":[{"href":"https:\/\/aepl.eu\/de\/wp-json\/wp\/v2\/types\/page"}],"author":[{"embeddable":true,"href":"https:\/\/aepl.eu\/de\/wp-json\/wp\/v2\/users\/2"}],"replies":[{"embeddable":true,"href":"https:\/\/aepl.eu\/de\/wp-json\/wp\/v2\/comments?post=307"}],"version-history":[{"count":0,"href":"https:\/\/aepl.eu\/de\/wp-json\/wp\/v2\/pages\/307\/revisions"}],"up":[{"embeddable":true,"href":"https:\/\/aepl.eu\/de\/wp-json\/wp\/v2\/pages\/294"}],"wp:featuredmedia":[{"embeddable":true,"href":"https:\/\/aepl.eu\/de\/wp-json\/wp\/v2\/media\/514"}],"wp:attachment":[{"href":"https:\/\/aepl.eu\/de\/wp-json\/wp\/v2\/media?parent=307"}],"wp:term":[{"taxonomy":"category","embeddable":true,"href":"https:\/\/aepl.eu\/de\/wp-json\/wp\/v2\/categories?post=307"},{"taxonomy":"post_tag","embeddable":true,"href":"https:\/\/aepl.eu\/de\/wp-json\/wp\/v2\/tags?post=307"}],"curies":[{"name":"wp","href":"https:\/\/api.w.org\/{rel}","templated":true}]}}