{"id":202,"date":"2023-06-07T14:23:07","date_gmt":"2023-06-07T12:23:07","guid":{"rendered":"http:\/\/aepl.uu\/?page_id=202"},"modified":"2023-06-20T10:06:15","modified_gmt":"2023-06-20T08:06:15","slug":"europe-de-la-defense","status":"publish","type":"page","link":"https:\/\/aepl.eu\/de\/themen\/europe-de-la-defense\/","title":{"rendered":"Europa der Verteidigung"},"content":{"rendered":"<h3>Die verfolgten Ziele :<\/h3>\n<p>- Der\u00a0<b class=\"\">maintien de la paix en Europe et son r\u00e9tablissement dans son voisinage refl\u00e8te bien les exigences \u00e9thiques que l&rsquo;AEPL exprime lors des contacts avec la Commission.<\/b><br \/>\n- Die Messung von\u00a0<b class=\"\">geopolitischer Einfluss<\/b> Europas, das darauf abzielt, seine ethischen, humanistischen, universalistischen und progressiven Werte de facto so weit wie m\u00f6glich durchzusetzen: <b class=\"\">Europa zeichnet sich unter den M\u00e4chten durch seine Bem\u00fchungen um den Weltfrieden aus.<\/b><\/p>\n<h3>Arbeitsmethode<\/h3>\n<p><b class=\"\">Die GTED macht t\u00e4glich das Monitoring<\/b> des questions de d\u00e9fense et d&rsquo;industrie de d\u00e9fense. En particulier, le GTED surveille l&rsquo;application des l\u00e9gislations actuelles relatives \u00e0 <b class=\"\">die <\/b>d\u00e9fense et \u00e0 l&rsquo;industrie de d\u00e9fense<b class=\"\"> <\/b>und verfolgt die <b class=\"\">Legislativvorschl\u00e4ge der Europ\u00e4ischen Kommission in Bezug auf <\/b>de d\u00e9fense et d&rsquo;industrie de d\u00e9fense.<\/p>\n<p>A travers l\u2019AEPL, le GTED a l&rsquo;ambition de contribuer activement \u00e0 l\u2019\u00e9laboration de la politique europ\u00e9enne de d\u00e9fense, en r\u00e9digeant des <strong>zusammenfassende Dokumente<\/strong><b class=\"\">\u00a0und Briefe<\/b> \u00e0 la Pr\u00e9sidente de la Commission, au Haut Repr\u00e9sentant et aux Commissaires europ\u00e9ens impliqu\u00e9s dans les questions de d\u00e9fense et l&rsquo;industrie de d\u00e9fense.<\/p>\n<p>Diese Dokumente werden \u00f6ffentlich und auf der Website der EFPL verf\u00fcgbar sein.<\/p>\n<p>Mitglieder der GTED werden einen Dialog f\u00fchren mit <b class=\"\">les fonctionnaires du Service europ\u00e9en pour l&rsquo;action ext\u00e9rieure et de la DG CONNECT<\/b> de la Commission qui sont en charge des questions de d\u00e9fense et d&rsquo;industrie de d\u00e9fense afin de pr\u00e9senter et discuter la position de l\u2019AEPL. Le GTED r\u00e9pondra aux demandes des fonctionnaires en charge de l\u2019application de l\u2019Art.17<\/p>\n<p>Die <b class=\"\">GTED wird Aktionen zur Vertretung ihrer Interessen durchf\u00fchren<\/b>\u00a0insbesondere beim Europ\u00e4ischen Parlament und beim Europ\u00e4ischen Rat.<\/p>","protected":false},"excerpt":{"rendered":"<p>Les objectifs poursuivis : &#8211; Le\u00a0maintien de la paix en Europe et son r\u00e9tablissement dans son voisinage refl\u00e8te bien les exigences \u00e9thiques que l&rsquo;AEPL exprime lors des contacts avec la Commission. &#8211; La mesure de\u00a0l\u2019influence g\u00e9opolitique de l\u2019Europe qui vise&#8230;<\/p>","protected":false},"author":1,"featured_media":530,"parent":102,"menu_order":6,"comment_status":"closed","ping_status":"closed","template":"","meta":{"_acf_changed":false,"footnotes":""},"categories":[],"tags":[],"class_list":["post-202","page","type-page","status-publish","has-post-thumbnail","hentry"],"acf":[],"_links":{"self":[{"href":"https:\/\/aepl.eu\/de\/wp-json\/wp\/v2\/pages\/202","targetHints":{"allow":["GET"]}}],"collection":[{"href":"https:\/\/aepl.eu\/de\/wp-json\/wp\/v2\/pages"}],"about":[{"href":"https:\/\/aepl.eu\/de\/wp-json\/wp\/v2\/types\/page"}],"author":[{"embeddable":true,"href":"https:\/\/aepl.eu\/de\/wp-json\/wp\/v2\/users\/1"}],"replies":[{"embeddable":true,"href":"https:\/\/aepl.eu\/de\/wp-json\/wp\/v2\/comments?post=202"}],"version-history":[{"count":0,"href":"https:\/\/aepl.eu\/de\/wp-json\/wp\/v2\/pages\/202\/revisions"}],"up":[{"embeddable":true,"href":"https:\/\/aepl.eu\/de\/wp-json\/wp\/v2\/pages\/102"}],"wp:featuredmedia":[{"embeddable":true,"href":"https:\/\/aepl.eu\/de\/wp-json\/wp\/v2\/media\/530"}],"wp:attachment":[{"href":"https:\/\/aepl.eu\/de\/wp-json\/wp\/v2\/media?parent=202"}],"wp:term":[{"taxonomy":"category","embeddable":true,"href":"https:\/\/aepl.eu\/de\/wp-json\/wp\/v2\/categories?post=202"},{"taxonomy":"post_tag","embeddable":true,"href":"https:\/\/aepl.eu\/de\/wp-json\/wp\/v2\/tags?post=202"}],"curies":[{"name":"wp","href":"https:\/\/api.w.org\/{rel}","templated":true}]}}