{"id":199,"date":"2023-06-07T14:22:36","date_gmt":"2023-06-07T12:22:36","guid":{"rendered":"http:\/\/aepl.uu\/?page_id=199"},"modified":"2023-07-14T10:15:53","modified_gmt":"2023-07-14T08:15:53","slug":"europa-der-rechte","status":"publish","type":"page","link":"https:\/\/aepl.eu\/de\/themen\/europa-der-rechte\/","title":{"rendered":"Europa der Rechte"},"content":{"rendered":"<p>Rechtsstaatlichkeit und Grundrechte.<\/p>\n<ol>\n<li><em><u>Wor\u00fcber sprechen wir?<\/u><\/em><\/li>\n<\/ol>\n<p>Das Konzept der Rechtsstaatlichkeit, der Grundpfeiler liberaler Demokratien, ist auch der Schlussstein der Rechtsarchitektur der Europ\u00e4ischen Union, wie sie im Vertrag von Maastricht (EUV, 1992) und im Vertrag von Lissabon (AEUV, 2007) sowie in der Charta der Grundrechte der EU (Nizza, 2000) beschrieben wird.<\/p>\n<p>In Artikel 2 des EUV hei\u00dft es, dass :<\/p>\n<p>\"\u00a0<em>der Union beruht auf den\u00a0<strong>Werte<\/strong>\u00a0der Achtung der Menschenw\u00fcrde, der Freiheit, der Demokratie, der Gleichheit, des<strong>Rechtsstaatlichkeit<\/strong>sowie von <strong>Achtung der Menschenrechte<\/strong>einschlie\u00dflich der Rechte von Personen, die Minderheiten angeh\u00f6ren. Diese Werte sind den Mitgliedstaaten in einer Gesellschaft gemeinsam, die sich durch Pluralismus, Nichtdiskriminierung, Toleranz, Gerechtigkeit, Solidarit\u00e4t und die Gleichstellung von Frauen und M\u00e4nnern auszeichnet.<\/em>\" .<\/p>\n<ol start=\"2\">\n<li><em><u>Ein bedrohtes Konzept<\/u><\/em>.<\/li>\n<\/ol>\n<p>Die Idee der Rechtsstaatlichkeit, die die Grundfreiheiten, die die europ\u00e4ischen B\u00fcrger genie\u00dfen, sch\u00fctzen soll, ist heute umstritten und wird im Wesentlichen von drei Seiten kritisiert.<\/p>\n<ul>\n<li>Der Rechtsstaat habe sich in den Dienst des Neoliberalismus gestellt, der als eine Abkehr vom urspr\u00fcnglichen Liberalismus und als Rechtfertigung f\u00fcr einen ungez\u00fcgelten Kapitalismus angesehen werde.<\/li>\n<li>Der Rechtsstaat w\u00e4re, weil er immer weiter reichende individuelle Rechte sch\u00fctzt, f\u00fcr die Entwicklung einer Gesellschaft verantwortlich, die aus narzisstischen Individuen besteht, die ihre pers\u00f6nlichen W\u00fcnsche \u00fcber die Notwendigkeit eines solidarischen Zusammenlebens stellen.<\/li>\n<li>Die Rechtsstaatlichkeit, indem sie die ''.<em>Richterregierung<\/em>', w\u00fcrde das Ende der Politik einl\u00e4uten. Dieser letzte Vorwurf richtet sich vor allem an die EU, die sich schuldig macht, die Rechtsstaatlichkeit zu nutzen, um die Legitimit\u00e4t nationaler Entscheidungen zu verw\u00e4ssern oder sogar zu vernichten.<\/li>\n<\/ul>\n<p>Diese drei Hauptkategorien der Kritik werden von verschiedenen Gruppen mit teilweise unterschiedlichen Interessen vorgebracht, die sich jedoch einig sind, dass sie versuchen, die Funktionsweise der europ\u00e4ischen oder nationalen Institutionen zu untergraben, die sich auf die oben genannten Werte beziehen.<\/p>\n<p>In dieser Koalition der Feinde der Rechtsstaatlichkeit finden sich :<\/p>\n<ul>\n<li>Die Kritiker des politischen Liberalismus. Sie geh\u00f6ren zur \u00e4ltesten Tradition, da sie sich bereits seit der Franz\u00f6sischen Revolution zu Wort meldeten. In ihren Reihen finden sich insbesondere die religi\u00f6sen Fundamentalisten, die diese Menschenrechte, die zur S\u00e4kularisierung der westlichen Gesellschaften beigetragen haben, mit Argwohn betrachten. Sie stellen, meist implizit, die Rechte Gottes den Menschenrechten gegen\u00fcber.<\/li>\n<li>Die orthodoxen Marxisten, f\u00fcr die die Menschenrechte eine b\u00fcrgerliche Erfindung sind, um die wirtschaftlichen Machtverh\u00e4ltnisse zu verschleiern, die die wahren sozialen Herausforderungen darstellen.<\/li>\n<li>Populisten und Souver\u00e4nisten. Erstere f\u00f6rdern das, was man f\u00e4lschlicherweise als die <em>'illiberale Demokratie<\/em>. Dieser irref\u00fchrende Begriff dient dazu, die Absicht zu verschleiern, eines der zentralen Elemente der Demokratie, die Gewaltenteilung, aufzuheben. Das erste Ziel ist die Unabh\u00e4ngigkeit der Justiz. Letztere stellen die - in ihren Augen illegitime - Einmischung nicht gew\u00e4hlter supranationaler Institutionen in die Entscheidungen der EU-Mitgliedstaaten in Frage. Populisten und Souver\u00e4nisten sind sich einig, dass der EuGH oder der EGMR die nationalen Parlamente verh\u00f6hnen, wenn sie deren Entscheidungen kritisieren oder ab\u00e4ndern, indem sie sich auf Rechtsinstrumente st\u00fctzen, die diese Staaten ratifiziert haben.<\/li>\n<\/ul>","protected":false},"excerpt":{"rendered":"<p>\u00c9tat de droit et droits fondamentaux. De quoi parlons-nous\u00a0? Le concept d&rsquo;\u00e9tat de droit, qui est le pilier fondamental des d\u00e9mocraties lib\u00e9rales, est aussi la cl\u00e9 de vo\u00fbte de l&rsquo;architecture juridique de l&rsquo;Union europ\u00e9enne telle qu&rsquo;elle est d\u00e9crite dans le&#8230;<\/p>","protected":false},"author":1,"featured_media":529,"parent":102,"menu_order":6,"comment_status":"closed","ping_status":"closed","template":"","meta":{"_acf_changed":false,"footnotes":""},"categories":[],"tags":[],"class_list":["post-199","page","type-page","status-publish","has-post-thumbnail","hentry"],"acf":[],"_links":{"self":[{"href":"https:\/\/aepl.eu\/de\/wp-json\/wp\/v2\/pages\/199","targetHints":{"allow":["GET"]}}],"collection":[{"href":"https:\/\/aepl.eu\/de\/wp-json\/wp\/v2\/pages"}],"about":[{"href":"https:\/\/aepl.eu\/de\/wp-json\/wp\/v2\/types\/page"}],"author":[{"embeddable":true,"href":"https:\/\/aepl.eu\/de\/wp-json\/wp\/v2\/users\/1"}],"replies":[{"embeddable":true,"href":"https:\/\/aepl.eu\/de\/wp-json\/wp\/v2\/comments?post=199"}],"version-history":[{"count":0,"href":"https:\/\/aepl.eu\/de\/wp-json\/wp\/v2\/pages\/199\/revisions"}],"up":[{"embeddable":true,"href":"https:\/\/aepl.eu\/de\/wp-json\/wp\/v2\/pages\/102"}],"wp:featuredmedia":[{"embeddable":true,"href":"https:\/\/aepl.eu\/de\/wp-json\/wp\/v2\/media\/529"}],"wp:attachment":[{"href":"https:\/\/aepl.eu\/de\/wp-json\/wp\/v2\/media?parent=199"}],"wp:term":[{"taxonomy":"category","embeddable":true,"href":"https:\/\/aepl.eu\/de\/wp-json\/wp\/v2\/categories?post=199"},{"taxonomy":"post_tag","embeddable":true,"href":"https:\/\/aepl.eu\/de\/wp-json\/wp\/v2\/tags?post=199"}],"curies":[{"name":"wp","href":"https:\/\/api.w.org\/{rel}","templated":true}]}}