{"id":196,"date":"2023-06-07T14:21:56","date_gmt":"2023-06-07T12:21:56","guid":{"rendered":"http:\/\/aepl.uu\/?page_id=196"},"modified":"2023-10-20T09:37:04","modified_gmt":"2023-10-20T07:37:04","slug":"ukraine","status":"publish","type":"page","link":"https:\/\/aepl.eu\/de\/themen\/ukraine\/","title":{"rendered":"Ukraine"},"content":{"rendered":"<p>Ukraine, die Unterseite der Karten<\/p>\n<p>Russland marschierte am 24. Februar 2022 in die Ukraine ein und setzte damit seine Operation fort, die 2014 mit der Annexion der Krim begonnen hatte.<\/p>\n<p>Die Souver\u00e4nit\u00e4t und die Landgrenzen wurden in diesem Prozess grundlegend verletzt. Zwei Provinzen im Osten wurden bereits nach einem gef\u00e4lschten Referendum annektiert. Der Westen, allen voran die NATO, reagierte sofort und unterst\u00fctzte die Ukraine bedingungslos.<\/p>\n<p>Inzwischen hat sich der Konflikt ausgeweitet und wir stehen potenziell am Rande eines dritten Weltkriegs mit nuklearer Gefahr. Die einzigen Gewinner scheinen der milit\u00e4risch-industrielle Komplex zu sein: Die R\u00fcstungsfabriken laufen auf Hochtouren.<\/p>\n<p>Einige sind der Ansicht, dass das ukrainische Volk keine Waffen, sondern Frieden braucht. Andere sind der Ansicht, dass Friedensverhandlungen nicht aus einer Position der Schw\u00e4che heraus gef\u00fchrt werden k\u00f6nnen.<\/p>\n<p>Wir pr\u00fcfen, wie wir durch unsere Arbeitsgruppe zum Frieden beitragen k\u00f6nnen, w\u00e4hrend wir alle Informationen \u00fcber den Konflikt genau verfolgen.<\/p>","protected":false},"excerpt":{"rendered":"<p>Ukraine, le dessous des cartes La Russie a envahi l&rsquo;Ukraine le 24 f\u00e9vrier 2022, poursuivant son op\u00e9ration commenc\u00e9e en 2014 avec l&rsquo;annexion de la Crim\u00e9e. La souverainet\u00e9 et les fronti\u00e8res terrestres ont \u00e9t\u00e9 fondamentalement viol\u00e9es dans le processus. Deux provinces&#8230;<\/p>","protected":false},"author":1,"featured_media":531,"parent":102,"menu_order":8,"comment_status":"closed","ping_status":"closed","template":"","meta":{"_acf_changed":false,"footnotes":""},"categories":[],"tags":[],"class_list":["post-196","page","type-page","status-publish","has-post-thumbnail","hentry"],"acf":[],"_links":{"self":[{"href":"https:\/\/aepl.eu\/de\/wp-json\/wp\/v2\/pages\/196","targetHints":{"allow":["GET"]}}],"collection":[{"href":"https:\/\/aepl.eu\/de\/wp-json\/wp\/v2\/pages"}],"about":[{"href":"https:\/\/aepl.eu\/de\/wp-json\/wp\/v2\/types\/page"}],"author":[{"embeddable":true,"href":"https:\/\/aepl.eu\/de\/wp-json\/wp\/v2\/users\/1"}],"replies":[{"embeddable":true,"href":"https:\/\/aepl.eu\/de\/wp-json\/wp\/v2\/comments?post=196"}],"version-history":[{"count":0,"href":"https:\/\/aepl.eu\/de\/wp-json\/wp\/v2\/pages\/196\/revisions"}],"up":[{"embeddable":true,"href":"https:\/\/aepl.eu\/de\/wp-json\/wp\/v2\/pages\/102"}],"wp:featuredmedia":[{"embeddable":true,"href":"https:\/\/aepl.eu\/de\/wp-json\/wp\/v2\/media\/531"}],"wp:attachment":[{"href":"https:\/\/aepl.eu\/de\/wp-json\/wp\/v2\/media?parent=196"}],"wp:term":[{"taxonomy":"category","embeddable":true,"href":"https:\/\/aepl.eu\/de\/wp-json\/wp\/v2\/categories?post=196"},{"taxonomy":"post_tag","embeddable":true,"href":"https:\/\/aepl.eu\/de\/wp-json\/wp\/v2\/tags?post=196"}],"curies":[{"name":"wp","href":"https:\/\/api.w.org\/{rel}","templated":true}]}}