{"id":193,"date":"2023-06-07T14:21:15","date_gmt":"2023-06-07T12:21:15","guid":{"rendered":"http:\/\/aepl.uu\/?page_id=193"},"modified":"2023-06-20T09:53:14","modified_gmt":"2023-06-20T07:53:14","slug":"europe-climate","status":"publish","type":"page","link":"https:\/\/aepl.eu\/de\/themen\/europe-climate\/","title":{"rendered":"Klima Europa"},"content":{"rendered":"<p>Die Ann\u00e4herung an die Problematik erfolgt :<\/p>\n<h2>Oder nach Themen, die jeweils technische und menschliche Parameter enthalten:<\/h2>\n<h3>Physische Grenzen :<\/h3>\n<ol>\n<li>Klimawandel<\/li>\n<li>Erosion der Biodiversit\u00e4t<\/li>\n<li>Verwendung von S\u00fc\u00dfwasser<\/li>\n<li>Versauerung der Ozeane<\/li>\n<li>St\u00f6rung biochemischer Kreisl\u00e4ufe (Stickstoff und Phosphor)<\/li>\n<li>Diminution de la couche d&rsquo;ozone stratosph\u00e9rique.<\/li>\n<li>\u00c4nderung der Bodennutzung<\/li>\n<li>Chemische Verschmutzung \/ neue Entit\u00e4ten in der Umwelt<\/li>\n<li>Bedrohungen f\u00fcr die Atmosph\u00e4re (Aerosole)<\/li>\n<\/ol>\n<h3>Gesellschaftliche Grenzen :<\/h3>\n<ol>\n<li>Ungleichheiten in den Ver\u00e4nderungen<\/li>\n<li>Wirtschaftliche Aktivit\u00e4ten<\/li>\n<li>B\u00fcrger und Zivilgesellschaft<\/li>\n<li>Die Rolle ,der \u00f6ffentlichen Beh\u00f6rden<\/li>\n<li>Widerst\u00e4nde, Lobbys und Propaganda<\/li>\n<\/ol>\n<h2>Entweder nach technischen Themen und den wichtigsten menschlichen Parametern, mit denen sie interagiert.<\/h2>\n<p>Beispiele:<\/p>\n<ul>\n<li>Der Vortrag \u00fcber das Klima durch einen Vortrag \u00fcber Energie und menschliche Aktivit\u00e4ten, die CO2 erzeugen<\/li>\n<li>Der Vortrag \u00fcber chemische Schadstoffe durch einen Vortrag \u00fcber die Auswirkungen auf Ern\u00e4hrung und Gesundheit<\/li>\n<li>Das Referat \u00fcber Biodiversit\u00e4t durch ein Referat \u00fcber Raumplanung , etc.<\/li>\n<\/ul>\n<p>&nbsp;<\/p>\n<p>Die Beziehung zwischen dem Sozialen und dem Physischen ist sehr wichtig. Diese Themen getrennt zu kommunizieren, ist nicht angemessen. Es reicht nicht aus, die Grenzen, die Risiken, die sie f\u00fcr den Planeten, die Gesellschaft und die Menschen mit sich bringen, aufzuzeigen. M\u00f6gliche technische L\u00f6sungen und ihre Auswirkungen auf unsere Organisationsform (menschliche Aktivit\u00e4ten) und unseren Lebensstil (Wohlbefinden, individuelles und kollektives Gl\u00fcck) werden analysiert. Schlie\u00dflich wird die Entwicklung dieser verschiedenen Dimensionen angesprochen.<\/p>","protected":false},"excerpt":{"rendered":"<p>Die Herangehensweise an die Problematik erfolgt: Entweder nach Themen, die jeweils technische und menschliche Parameter aufgreifen: Physische Grenzen: Klimawandel Erosion der Artenvielfalt Nutzung von S\u00fc\u00dfwasser Versauerung der Ozeane St\u00f6rung der biochemischen Kreisl\u00e4ufe (Stickstoff und Phosphor)...<\/p>","protected":false},"author":1,"featured_media":527,"parent":102,"menu_order":3,"comment_status":"closed","ping_status":"closed","template":"","meta":{"_acf_changed":false,"footnotes":""},"categories":[],"tags":[],"class_list":["post-193","page","type-page","status-publish","has-post-thumbnail","hentry"],"acf":[],"_links":{"self":[{"href":"https:\/\/aepl.eu\/de\/wp-json\/wp\/v2\/pages\/193","targetHints":{"allow":["GET"]}}],"collection":[{"href":"https:\/\/aepl.eu\/de\/wp-json\/wp\/v2\/pages"}],"about":[{"href":"https:\/\/aepl.eu\/de\/wp-json\/wp\/v2\/types\/page"}],"author":[{"embeddable":true,"href":"https:\/\/aepl.eu\/de\/wp-json\/wp\/v2\/users\/1"}],"replies":[{"embeddable":true,"href":"https:\/\/aepl.eu\/de\/wp-json\/wp\/v2\/comments?post=193"}],"version-history":[{"count":0,"href":"https:\/\/aepl.eu\/de\/wp-json\/wp\/v2\/pages\/193\/revisions"}],"up":[{"embeddable":true,"href":"https:\/\/aepl.eu\/de\/wp-json\/wp\/v2\/pages\/102"}],"wp:featuredmedia":[{"embeddable":true,"href":"https:\/\/aepl.eu\/de\/wp-json\/wp\/v2\/media\/527"}],"wp:attachment":[{"href":"https:\/\/aepl.eu\/de\/wp-json\/wp\/v2\/media?parent=193"}],"wp:term":[{"taxonomy":"category","embeddable":true,"href":"https:\/\/aepl.eu\/de\/wp-json\/wp\/v2\/categories?post=193"},{"taxonomy":"post_tag","embeddable":true,"href":"https:\/\/aepl.eu\/de\/wp-json\/wp\/v2\/tags?post=193"}],"curies":[{"name":"wp","href":"https:\/\/api.w.org\/{rel}","templated":true}]}}