{"id":183,"date":"2023-06-07T14:17:08","date_gmt":"2023-06-07T12:17:08","guid":{"rendered":"http:\/\/aepl.uu\/?page_id=183"},"modified":"2023-06-20T09:01:57","modified_gmt":"2023-06-20T07:01:57","slug":"dialog-article-17","status":"publish","type":"page","link":"https:\/\/aepl.eu\/de\/struktur\/dialog-article-17\/","title":{"rendered":"Dialog Artikel 17"},"content":{"rendered":"<p><strong><u>Dialog mit Kirchen, religi\u00f6sen Vereinigungen oder Gemeinschaften sowie philosophischen und nicht-konfessionellen Organisationen<\/u><\/strong><\/p>\n<p>Der Dialog mit<\/p>\n<ul>\n<li>Kirchen, religi\u00f6se Vereinigungen oder Gemeinschaften und<\/li>\n<li>philosophische und nicht-konfessionelle Organisationen<\/li>\n<\/ul>\n<p>permet un \u00e9change de vues ouvert entre les institutions de l&rsquo;UE et des parties importantes de la soci\u00e9t\u00e9 europ\u00e9enne sur les politiques de l&rsquo;UE. Il a \u00e9t\u00e9 \u00e9tabli au d\u00e9but des ann\u00e9es 1990 par le pr\u00e9sident de la Commission europ\u00e9enne, Jacques Delors, et offre la possibilit\u00e9 de s&rsquo;engager dans le processus d&rsquo;\u00e9laboration des politiques europ\u00e9ennes. Actuellement, le dialogue est sous la responsabilit\u00e9 du vice-pr\u00e9sident Schinas.<\/p>\n<p>Letztes j\u00e4hrliches Treffen auf hoher Ebene mit Nicht-Konfessionsverb\u00e4nden (2. Dezember 2022)<\/p>\n<p>Le vice-pr\u00e9sident Schinas a accueilli la r\u00e9union annuelle de haut niveau avec les organisations non confessionnelles, avec le premier vice-pr\u00e9sident du Parlement europ\u00e9en, Othmar Karas. Le th\u00e8me de la r\u00e9union de cette ann\u00e9e \u00e9tait \u00ab\u00a0L&rsquo;impact de la guerre en Ukraine sur le mode de vie europ\u00e9en\u00a0\u00bb, avec neuf repr\u00e9sentants d&rsquo;organisations philosophiques et non-confessionnelles de toute l&rsquo;Europe. Les participants se sont pench\u00e9s sur les cons\u00e9quences de l&rsquo;afflux de r\u00e9fugi\u00e9s ukrainiens sur la politique europ\u00e9enne de migration et d&rsquo;asile, sur la crise \u00e9nerg\u00e9tique et son impact social, ainsi que sur l&rsquo;impact de ces questions sur l&rsquo;architecture europ\u00e9enne, notamment dans la perspective des futurs \u00e9largissements de l&rsquo;Union europ\u00e9enne.<\/p>\n<p>AEPL wird von der Europ\u00e4ischen Kommission anerkannt und regelm\u00e4\u00dfig zur Teilnahme an den Sitzungen des Dialogs eingeladen.<\/p>\n<p>Sein Vorsitzender, <strong><em>Guy T'hooft<\/em><\/strong>und einer ihrer Gr\u00fcnder, <strong><em>Tony van der Haegen<\/em><\/strong>, nahmen am letzten Treffen am 2. Dezember 2022 im Berlaymont-Geb\u00e4ude in Br\u00fcssel teil.<\/p>","protected":false},"excerpt":{"rendered":"<p>Dialog mit Kirchen, religi\u00f6sen Vereinigungen oder Gemeinschaften sowie weltanschaulichen und nicht-konfessionellen Organisationen Der Dialog mit Kirchen, religi\u00f6sen Vereinigungen oder Gemeinschaften sowie weltanschaulichen und nicht-konfessionellen Organisationen erm\u00f6glicht einen offenen Meinungsaustausch zwischen...<\/p>","protected":false},"author":1,"featured_media":342,"parent":166,"menu_order":5,"comment_status":"closed","ping_status":"closed","template":"","meta":{"_acf_changed":false,"footnotes":""},"categories":[],"tags":[],"class_list":["post-183","page","type-page","status-publish","has-post-thumbnail","hentry"],"acf":[],"_links":{"self":[{"href":"https:\/\/aepl.eu\/de\/wp-json\/wp\/v2\/pages\/183","targetHints":{"allow":["GET"]}}],"collection":[{"href":"https:\/\/aepl.eu\/de\/wp-json\/wp\/v2\/pages"}],"about":[{"href":"https:\/\/aepl.eu\/de\/wp-json\/wp\/v2\/types\/page"}],"author":[{"embeddable":true,"href":"https:\/\/aepl.eu\/de\/wp-json\/wp\/v2\/users\/1"}],"replies":[{"embeddable":true,"href":"https:\/\/aepl.eu\/de\/wp-json\/wp\/v2\/comments?post=183"}],"version-history":[{"count":0,"href":"https:\/\/aepl.eu\/de\/wp-json\/wp\/v2\/pages\/183\/revisions"}],"up":[{"embeddable":true,"href":"https:\/\/aepl.eu\/de\/wp-json\/wp\/v2\/pages\/166"}],"wp:featuredmedia":[{"embeddable":true,"href":"https:\/\/aepl.eu\/de\/wp-json\/wp\/v2\/media\/342"}],"wp:attachment":[{"href":"https:\/\/aepl.eu\/de\/wp-json\/wp\/v2\/media?parent=183"}],"wp:term":[{"taxonomy":"category","embeddable":true,"href":"https:\/\/aepl.eu\/de\/wp-json\/wp\/v2\/categories?post=183"},{"taxonomy":"post_tag","embeddable":true,"href":"https:\/\/aepl.eu\/de\/wp-json\/wp\/v2\/tags?post=183"}],"curies":[{"name":"wp","href":"https:\/\/api.w.org\/{rel}","templated":true}]}}