{"id":161,"date":"2023-06-07T14:09:04","date_gmt":"2023-06-07T12:09:04","guid":{"rendered":"http:\/\/aepl.uu\/?page_id=161"},"modified":"2023-06-17T17:58:15","modified_gmt":"2023-06-17T15:58:15","slug":"register-der-transparenz","status":"publish","type":"page","link":"https:\/\/aepl.eu\/de\/wer-sind-wir\/register-der-transparenz\/","title":{"rendered":"Transparenz-Register"},"content":{"rendered":"<p>Das EFLN legt gro\u00dfen Wert auf Ethik und Transparenz, die in unsere Aktivit\u00e4ten integriert sind und seit Anfang der 2000er Jahre in der EU-Politik gef\u00f6rdert werden.<\/p>\n<div>\n<p>Die AEPL ist seit dem 19.09.2014 im Transparenzregister als gemeinn\u00fctzige Vereinigung (VoG) nach belgischem Recht unter dem Namen \"Europ\u00e4ische Freidenkervereinigung\" eingetragen.<\/p>\n<\/div>\n<div>\n<p>Die AEPL erscheint in der Kategorie \"Nichtregierungsorganisationen, Plattformen und Netzwerke u. \u00c4.\" unter der Kennnummer 188133714462-27.<\/p>\n<\/div>","protected":false},"excerpt":{"rendered":"<p>L\u2019AEPL accorde une grande importance \u00e0 l&rsquo;\u00e9thique et \u00e0 la transparence, qui est int\u00e9gr\u00e9e dans nos activit\u00e9s et promue dans les politiques de l&rsquo;UE depuis le d\u00e9but des ann\u00e9es 2000. L\u2019AEPL est enregistr\u00e9e au Registre de Transparence depuis le 19\/09\/2014,&#8230;<\/p>","protected":false},"author":1,"featured_media":0,"parent":94,"menu_order":6,"comment_status":"closed","ping_status":"closed","template":"","meta":{"_acf_changed":false,"footnotes":""},"categories":[],"tags":[],"class_list":["post-161","page","type-page","status-publish","hentry"],"acf":[],"_links":{"self":[{"href":"https:\/\/aepl.eu\/de\/wp-json\/wp\/v2\/pages\/161","targetHints":{"allow":["GET"]}}],"collection":[{"href":"https:\/\/aepl.eu\/de\/wp-json\/wp\/v2\/pages"}],"about":[{"href":"https:\/\/aepl.eu\/de\/wp-json\/wp\/v2\/types\/page"}],"author":[{"embeddable":true,"href":"https:\/\/aepl.eu\/de\/wp-json\/wp\/v2\/users\/1"}],"replies":[{"embeddable":true,"href":"https:\/\/aepl.eu\/de\/wp-json\/wp\/v2\/comments?post=161"}],"version-history":[{"count":0,"href":"https:\/\/aepl.eu\/de\/wp-json\/wp\/v2\/pages\/161\/revisions"}],"up":[{"embeddable":true,"href":"https:\/\/aepl.eu\/de\/wp-json\/wp\/v2\/pages\/94"}],"wp:attachment":[{"href":"https:\/\/aepl.eu\/de\/wp-json\/wp\/v2\/media?parent=161"}],"wp:term":[{"taxonomy":"category","embeddable":true,"href":"https:\/\/aepl.eu\/de\/wp-json\/wp\/v2\/categories?post=161"},{"taxonomy":"post_tag","embeddable":true,"href":"https:\/\/aepl.eu\/de\/wp-json\/wp\/v2\/tags?post=161"}],"curies":[{"name":"wp","href":"https:\/\/api.w.org\/{rel}","templated":true}]}}