{"id":155,"date":"2023-06-07T14:08:00","date_gmt":"2023-06-07T12:08:00","guid":{"rendered":"http:\/\/aepl.uu\/?page_id=155"},"modified":"2023-07-13T10:17:31","modified_gmt":"2023-07-13T08:17:31","slug":"unsere-erfolge","status":"publish","type":"page","link":"https:\/\/aepl.eu\/de\/wer-sind-wir\/unsere-erfolge\/","title":{"rendered":"Unsere Erfolge"},"content":{"rendered":"<h2>Eine Denkfabrik, die handelt und Ergebnisse erzielt<\/h2>\n<h3>Konkretes f\u00fcr die Zukunft Europas<\/h3>\n<p>Die AEPL hat dem Parlament und der Kommission ein wichtiges Positionspapier mit unserer Vision von Europa mit dem Titel \"\" \u00fcbermittelt. <strong>F\u00fcr ein anderes Europa: Von der Notwendigkeit, Europa neu zu gr\u00fcnden<\/strong> \"an dem \u0301\u00fcber 200 unserer Korrespondenten, auch aus mittel- und osteurop\u00e4ischen L\u00e4ndern, teilgenommen haben, in einem Geist der partizipativen Demokratie, der zu konkreten Vorschl\u00e4gen f\u00fchrte. Es war Gegenstand eines Kolloquiums am 1. April 2019, das am Sitz der Europ\u00e4ischen Kommission in Br\u00fcssel veranstaltet wurde und bei dem das AEPL auch einen Bericht \u00fcber \"Digitaler \u00dcbergang, Arbeit, Besch\u00e4ftigung und neue Solidarit\u00e4t\" vorlegte.<\/p>\n<p>Die AEPL stellte auch eine <strong>wichtiger Beitrag zur B\u00fcrgerbefragung \u00fcber die Zukunft Europas<\/strong>(2021-2022): <strong>fast hundert unserer Korrespondenten<\/strong>\u00a0haben uns ihre Beitr\u00e4ge \u00fcbermittelt, die wir in einem dreiteiligen Positionspapier zusammengefasst haben, das sich mit den Themen Regierungsf\u00fchrung und Institutionen (F\u00f6deration, Gesetzgebungsinitiative des Europ\u00e4ischen Parlaments und St\u00e4rkung seiner Befugnisse, Rechtsstaatlichkeit, Abschaffung des Einstimmigkeitsprinzips; F\u00f6rderung und Verteidigung unserer Lebensweise einschlie\u00dflich unserer Werte, Schaffung einer echten europ\u00e4ischen Sozialpolitik und Anhebung bestimmter Politikbereiche wie Gesundheit auf die europ\u00e4ische Ebene), Migration und Asyl sowie Verteidigung und Sicherheit befasst.<\/p>\n<p>Diese Zusammenfassung wurde <strong>an die zust\u00e4ndigen Kommissare weitergeleitet<\/strong> Frau Suica, Herr Schinas, und Herr Breton sowie an die Pr\u00e4sidentin des EP, Frau Metsola, gerichtet und auf der mehrsprachigen Plattform gepostet.<\/p>\n<p>So konnte die AEPL zum Abschlussbericht der Konferenz \u00fcber die Zukunft Europas beitragen, dessen 328 Ma\u00dfnahmen und 49 Vorschl\u00e4ge am 9. Mai 2022 den Pr\u00e4sidenten der EU-Institutionen \u00fcberreicht wurden. Wenn man den Abschlussbericht der Konferenz liest, kann die EFPL f\u00fcr sich in Anspruch nehmen, eine Reihe dieser Vorschl\u00e4ge beeinflusst zu haben.<\/p>\n<h3>Die Einhaltung s\u00e4kularer Werte erzwingen<\/h3>\n<p>Die AEPL ist ein regelm\u00e4\u00dfiger Partner bei Treffen im Rahmen des Dialogs Art. 17 des Vertrags von Lissabon, der \"einen offenen, transparenten und regelm\u00e4\u00dfigen Dialog mit Kirchen und religi\u00f6sen Vereinigungen oder Gemeinschaften sowie mit weltanschaulichen und nichtkonfessionellen Organisationen\" gew\u00e4hrleistet. <strong>Die AEPL stellt sicher, dass die Institutionen konfessionelle und nicht-konfessionelle Organisationen fair behandeln.<\/strong>Sie k\u00f6nnen auch an die Pr\u00e4sidenten des Parlaments und der Kommission schreiben.<\/p>\n<p>Sie hat auch zu den Leitlinien f\u00fcr EU-Diplomaten gegen\u00fcber Drittl\u00e4ndern beigetragen, indem sie den Satz hinzuf\u00fcgte:\" <strong>die Rechte von Nichtgl\u00e4ubigen, Agnostikern und Atheisten werden von der Europ\u00e4ischen Union gesch\u00fctzt, ebenso wie das Grundrecht, seine Religion oder seinen Glauben zu wechseln oder aufzugeben<\/strong> \"<\/p>\n<h3>Handeln durch direkte Demokratie<\/h3>\n<p>Zahlreiche Beispiele f\u00fcr direkte Demokratie durch das Versenden von E-Mails an europ\u00e4ische und nationale Politiker: gegen das Anbringen von Kruzifixen in italienischen Schulen ( 2011: Fall Lautsi); Kampagne gegen die Best\u00e4tigung des maltesischen Kommissars M. Borg durch das Europ\u00e4ische Parlament.Borg angesichts seiner inakzeptablen Positionen zu Homosexualit\u00e4t und dem Recht auf Scheidung; f\u00fcr das Recht auf Atheismus ( 2013: Fall J. Mejri in Tunesien); gegen autorit\u00e4re und antidemokratische Tendenzen in der T\u00fcrkei, Polen und Ungarn; Forderung nach einer Begrenzung der Zugest\u00e4ndnisse an das Vereinigte K\u00f6nigreich vor dem Brexit-Referendum; etc. Brief an die Hohe Vertreterin Mogherini, in dem sie gegen ihren Plan eines \"Erasmus der Religionen\" protestiert, der schlie\u00dflich von ihrem Nachfolger Josep Borrell aufgegeben wurde, an den <strong>ein weiterer Brief wurde soeben zur Situation der Frauen im Iran verschickt.<\/strong><\/p>\n<p>Ein weiteres Beispiel ist der Brief, der im Juni 2021 an die EU-Parlamentarier geschickt wurde und in dem sie aufgefordert wurden, das Projekt zu unterst\u00fctzen.\u00a0<strong>resolution zu sexuellen und reproduktiven rechten<\/strong> die unter anderem einen <strong>sicherer und legaler Zugang zu Abtreibung,<\/strong> Die AEPL ist der Ansicht, dass es wichtig ist, mehr zu f\u00f6rdern <strong>das Recht jedes Einzelnen, die volle Kontrolle \u00fcber die mit seiner Sexualit\u00e4t zusammenh\u00e4ngenden Fragen auszu\u00fcben.<\/strong><\/p>\n<h3>Erfolgreiche Befassung der Europ\u00e4ischen B\u00fcrgerbeauftragten<\/h3>\n<p>Diese Aktion, die 2012 zu einer Beschwerde bei der Europ\u00e4ischen B\u00fcrgerbeauftragten Frau O'Reilly gegen den damaligen Pr\u00e4sidenten der Europ\u00e4ischen Kommission, Herrn Barroso, wegen seiner missbr\u00e4uchlich religi\u00f6sen Ernennungen von Mitgliedern der Europ\u00e4ischen Gruppe f\u00fcr Ethik der Naturwissenschaften und der Technik f\u00fchrte. Tats\u00e4chlich hatte er von den 15 Universit\u00e4tsprofessoren der Gruppe sieben Theologen ernannt, darunter eine geweihte Jungfrau. Um das Ganze zu vervollst\u00e4ndigen, hatte er auch eine italienische Professorin, Frau Laura Palazzini, unter der Rubrik \"Professorin f\u00fcr Rechtsphilosophie\" ernannt, die jedoch auch Mitglied der P\u00e4pstlichen Akademie f\u00fcr das Leben war, was die Kommission zu erw\u00e4hnen \"vers\u00e4umt\" hatte.<\/p>\n<p><strong>In ihrer Beschwerde argumentierte die Europ\u00e4ische Freidenkervereinigung, dass bei der Erneuerung der Gruppe das Kriterium der Theologie abgeschafft werden m\u00fcsse, da dieses de facto dazu f\u00fchre, dass in der Gruppe eine Religionsgemeinschaft \u00fcberrepr\u00e4sentiert sei.<\/strong><\/p>\n<p>Letztendlich wird das Theologiekriterium von der Europ\u00e4ischen Kommission bei der Erneuerung der Gruppe (2015) abgeschafft und weltliche Kandidaten werden aufgefordert, sich zu bewerben. Die Wiederherstellung des Gleichgewichts wurde 2017 festgestellt<\/p>\n<h3>Die Teilnahme an Kolloquien der europ\u00e4ischen Institutionen<\/h3>\n<p>AEPL hat zur Organisation von Kolloquien bei der Europ\u00e4ischen Kommission und dem Europ\u00e4ischen Parlament beigetragen <strong>Frauen im heutigen Europa (2010); Kampf gegen Armut und soziale Ausgrenzung (2011); Das Europa der B\u00fcrger neu verzaubern (2013); Das Freihandelsabkommen zwischen der EU und den USA( 2015); Europa anders(2019); Europa, ein Land des Humanismus - Kampf gegen Extremismus( 2020).<\/strong><\/p>","protected":false},"excerpt":{"rendered":"<p>Ein Think Tank, der handelt und Ergebnisse erzielt Konkrete Ergebnisse f\u00fcr die Zukunft Europas Die EFPL hat dem Parlament und der Kommission ein wichtiges Positionspapier mit unserer Vision von Europa mit dem Titel \"F\u00fcr ein Europa...<\/p>","protected":false},"author":1,"featured_media":234,"parent":94,"menu_order":4,"comment_status":"closed","ping_status":"closed","template":"","meta":{"_acf_changed":false,"footnotes":""},"categories":[],"tags":[],"class_list":["post-155","page","type-page","status-publish","has-post-thumbnail","hentry"],"acf":[],"_links":{"self":[{"href":"https:\/\/aepl.eu\/de\/wp-json\/wp\/v2\/pages\/155","targetHints":{"allow":["GET"]}}],"collection":[{"href":"https:\/\/aepl.eu\/de\/wp-json\/wp\/v2\/pages"}],"about":[{"href":"https:\/\/aepl.eu\/de\/wp-json\/wp\/v2\/types\/page"}],"author":[{"embeddable":true,"href":"https:\/\/aepl.eu\/de\/wp-json\/wp\/v2\/users\/1"}],"replies":[{"embeddable":true,"href":"https:\/\/aepl.eu\/de\/wp-json\/wp\/v2\/comments?post=155"}],"version-history":[{"count":0,"href":"https:\/\/aepl.eu\/de\/wp-json\/wp\/v2\/pages\/155\/revisions"}],"up":[{"embeddable":true,"href":"https:\/\/aepl.eu\/de\/wp-json\/wp\/v2\/pages\/94"}],"wp:featuredmedia":[{"embeddable":true,"href":"https:\/\/aepl.eu\/de\/wp-json\/wp\/v2\/media\/234"}],"wp:attachment":[{"href":"https:\/\/aepl.eu\/de\/wp-json\/wp\/v2\/media?parent=155"}],"wp:term":[{"taxonomy":"category","embeddable":true,"href":"https:\/\/aepl.eu\/de\/wp-json\/wp\/v2\/categories?post=155"},{"taxonomy":"post_tag","embeddable":true,"href":"https:\/\/aepl.eu\/de\/wp-json\/wp\/v2\/tags?post=155"}],"curies":[{"name":"wp","href":"https:\/\/api.w.org\/{rel}","templated":true}]}}