{"id":152,"date":"2023-06-07T14:07:26","date_gmt":"2023-06-07T12:07:26","guid":{"rendered":"http:\/\/aepl.uu\/?page_id=152"},"modified":"2023-06-13T14:53:38","modified_gmt":"2023-06-13T12:53:38","slug":"unsere-ziele","status":"publish","type":"page","link":"https:\/\/aepl.eu\/de\/wer-sind-wir\/unsere-ziele\/","title":{"rendered":"Unsere Ziele"},"content":{"rendered":"<ul>\n<li>Ein Netzwerk von Freidenkern aufbauen <strong>in Europa,<\/strong> die humanistische Werte teilen und aktiv zum Aufbau des europ\u00e4ischen Projekts beitragen m\u00f6chten<\/li>\n<li>F\u00f6rdern und\u00a0<strong>das freie Denken verteidigen<\/strong> insbesondere bei den europ\u00e4ischen Institutionen, indem sie den in der EFPL-Charta explizit genannten Grunds\u00e4tzen folgen<\/li>\n<li>Engagieren Sie sich in der <strong>Dialog zu Artikel 17<\/strong>\u00a0des Vertrags von Lissabon (AEUV) neben anderen nichtkonfessionellen philosophischen Vereinigungen und religi\u00f6sen Kulten<\/li>\n<li>Achten Sie auf die\u00a0<strong>Trennung von Staat und<\/strong>\u00a0<strong>der Kirchen <\/strong>im europ\u00e4ischen Raum und f\u00f6rdern sie<strong>\u00a0au\u00dferhalb der EU<\/strong><\/li>\n<li>F\u00f6rderung einer B\u00fcrgergesellschaft, in der die Kommunikation zwischen verschiedenen Kulturen auf Dialog und gegenseitigem Respekt beruht und\u00a0<strong>auf europ\u00e4ischer Ebene nicht nur den religi\u00f6sen und konfessionellen Kr\u00e4ften freie Bahn lassen<\/strong><\/li>\n<li><strong>Rechte und Freiheiten verteidigen und f\u00f6rdern<\/strong>\u00a0die in der Charta der Grundrechte der Europ\u00e4ischen Union zum Ausdruck kommen<\/li>\n<li><strong>Populismus und Nationalismus bek\u00e4mpfen<\/strong>\u00a0die den Frieden bedrohen<\/li>\n<li>F\u00f6rdern Sie die<strong>Rechtsstaatlichkeit<\/strong>\u00a0und die\u00a0<strong>Grundfreiheiten<\/strong>\u00a0innerhalb und au\u00dferhalb der EU.<\/li>\n<\/ul>","protected":false},"excerpt":{"rendered":"<p>Schaffung eines Netzwerks von Freidenkern in Europa, die humanistische Werte teilen und aktiv zum Aufbau des europ\u00e4ischen Projekts beitragen m\u00f6chten F\u00f6rderung und Verteidigung des Freidenkertums insbesondere bei den europ\u00e4ischen Institutionen, gem\u00e4\u00df den in...<\/p>","protected":false},"author":1,"featured_media":0,"parent":94,"menu_order":3,"comment_status":"closed","ping_status":"closed","template":"","meta":{"_acf_changed":false,"footnotes":""},"categories":[],"tags":[],"class_list":["post-152","page","type-page","status-publish","hentry"],"acf":[],"_links":{"self":[{"href":"https:\/\/aepl.eu\/de\/wp-json\/wp\/v2\/pages\/152","targetHints":{"allow":["GET"]}}],"collection":[{"href":"https:\/\/aepl.eu\/de\/wp-json\/wp\/v2\/pages"}],"about":[{"href":"https:\/\/aepl.eu\/de\/wp-json\/wp\/v2\/types\/page"}],"author":[{"embeddable":true,"href":"https:\/\/aepl.eu\/de\/wp-json\/wp\/v2\/users\/1"}],"replies":[{"embeddable":true,"href":"https:\/\/aepl.eu\/de\/wp-json\/wp\/v2\/comments?post=152"}],"version-history":[{"count":0,"href":"https:\/\/aepl.eu\/de\/wp-json\/wp\/v2\/pages\/152\/revisions"}],"up":[{"embeddable":true,"href":"https:\/\/aepl.eu\/de\/wp-json\/wp\/v2\/pages\/94"}],"wp:attachment":[{"href":"https:\/\/aepl.eu\/de\/wp-json\/wp\/v2\/media?parent=152"}],"wp:term":[{"taxonomy":"category","embeddable":true,"href":"https:\/\/aepl.eu\/de\/wp-json\/wp\/v2\/categories?post=152"},{"taxonomy":"post_tag","embeddable":true,"href":"https:\/\/aepl.eu\/de\/wp-json\/wp\/v2\/tags?post=152"}],"curies":[{"name":"wp","href":"https:\/\/api.w.org\/{rel}","templated":true}]}}