{"id":124,"date":"2023-05-24T14:46:51","date_gmt":"2023-05-24T12:46:51","guid":{"rendered":"http:\/\/aepl.uu\/?page_id=124"},"modified":"2023-05-24T14:49:12","modified_gmt":"2023-05-24T12:49:12","slug":"legale-erwahnungen","status":"publish","type":"page","link":"https:\/\/aepl.eu\/de\/legale-erwahnungen\/","title":{"rendered":"Rechtliche Hinweise"},"content":{"rendered":"<h2 class=\"wp-block-heading\">Informationen der Seite<\/h2>\r\n\r\n\r\nDer Inhalt dieser Website (im Folgenden als \"Website\" bezeichnet, was alle Seiten der Website einschlie\u00dft) ist rein informativ und dient der \u00dcbermittlung von Informationen f\u00fcr den privaten Gebrauch.\r\n\r\n\r\n\r\nAlle auf dieser Website zug\u00e4nglichen Informationen (Inhalte, Daten, Artikel, Dossiers, Merkbl\u00e4tter, herunterladbare Dokumente, ikonografische Darstellungen, Fotos, Bilder, Schemata, Logos usw., im Folgenden als \"Informationen der Website\" bezeichnet) sind ausschlie\u00dfliches Eigentum der AEPL (im Folgenden als \"Eigent\u00fcmer der Website\" bezeichnet), deren Kontaktdaten auf der Seite \"Kontakt\" der Website angegeben sind.\r\n\r\n\r\n\r\nSie sind durch nationale und internationale Bestimmungen zum Schutz des geistigen Eigentums gesch\u00fctzt.\r\n\r\n\r\n\r\nIn keinem Fall d\u00fcrfen sie ohne die vorherige schriftliche Zustimmung des Eigent\u00fcmers der Website vermarktet, ver\u00e4ndert, dekompiliert, verbreitet, \u00fcbersetzt, kopiert oder in irgendeiner Weise und von wem auch immer verwertet werden.\r\n\r\n\r\n\r\nEs ist jedoch erlaubt, ohne vorherige Anfrage beim Eigent\u00fcmer der Website Oberfl\u00e4chenlinks zu erstellen, die auf die Startseite dieser Website oder auf eine andere Seite der Website verweisen. Die Verwendung von Techniken, die darauf abzielen, diese Website ganz oder teilweise in eine andere Website einzubinden und dabei den genauen Ursprung der Informationen zu verschleiern oder Verwirrung \u00fcber den Ursprung der Informationen zu stiften, wie z. B. Framing oder In-Lining, bedarf hingegen der schriftlichen Genehmigung des Eigent\u00fcmers der Website.\r\n\r\n\r\n<h2 class=\"wp-block-heading\">Pers\u00f6nliche Daten<\/h2>\r\n\r\n\r\nDiese Website sammelt pers\u00f6nliche Daten von Internetnutzern (im Folgenden \"Internetnutzer\" genannt), die ihre E-Mail-Adresse und\/oder Kontaktdaten \u00fcber diese Website \u00fcbermitteln, sich f\u00fcr den Newsletter anmelden oder eine E-Mail \u00fcber die Seite \"Kontakt\" senden.\r\n\r\n\r\n\r\nDer Eigent\u00fcmer dieser Website, ihr Host, ihr Designer und ihr Webmaster verpflichten sich, niemals irgendwelche vom Internetnutzer erhaltenen Informationen und Kontaktdaten weiterzugeben, sie zu verkaufen oder ohne Zustimmung des Internetnutzers abzutreten. Gem\u00e4\u00df dem Gesetz hat jeder Internetnutzer das Recht auf Widerspruch, Zugang, Berichtigung und L\u00f6schung der gesammelten Daten.\r\n\r\n\r\n<h2 class=\"wp-block-heading\">Recht am eigenen Bild<\/h2>\r\n\r\n\r\nJede (nicht-\u00f6ffentliche) Person, die auf einer Fotografie erscheint und deren Verbreitung auf der Website nicht ausdr\u00fccklich genehmigt hat, kann auf einfache Anfrage beim Eigent\u00fcmer der Website verlangen, dass die Fotografie entfernt wird.\r\n\r\n\r\n<h2 class=\"wp-block-heading\">Befreiung von der Haftung<\/h2>\r\n\r\n\r\nIn keinem Fall kann der Eigent\u00fcmer der Website, ihr Hoster, ihr Designer oder ihr Webmaster haftbar gemacht werden:\r\n\r\n\r\n<ul class=\"wp-block-list\">\r\n \t<li>den Inhalt dieser Website, insbesondere die dort ver\u00f6ffentlichten Artikel, insbesondere im Falle von Fehlern, Ungenauigkeiten oder Unklarheiten. Der Internetnutzer wird aufgefordert, sich bei Bedarf an den Eigent\u00fcmer der Website oder einen anderen Spezialisten zu wenden, der ihn in seiner Situation angemessen ber\u00e4t;<\/li>\r\n\r\n \t<li>Informationen auf anderen Websites, die einen Hyperlink zu dieser Website eingerichtet haben;<\/li>\r\n\r\n \t<li>der Einf\u00fchrung von Computerviren, die sich \u00fcber das Internet verbreiten ;<\/li>\r\n\r\n \t<li>Sch\u00e4den, die aufgrund von Hacking oder durch Hacker verursacht wurden.<\/li>\r\n<\/ul>\r\n\r\n<h2 class=\"wp-block-heading\">Das Design und die Erstellung dieser Website<\/h2>\r\n\r\n\r\nDas Design (mit Ausnahme der Site-Informationen), die Entwicklung, das Hosting, die technische Wartung und die Aktualisierungen werden von :\r\n\r\n\r\n\r\nC. Concept s\u00e0rl rue de Windhof, 32 L-8384 Koerich Tel.: +352 621 37 02 88 |\u00a0<a href=\"https:\/\/www.cconcept.lu\" target=\"_blank\" rel=\"noreferrer noopener\">www.cconcept.lu<\/a>\r\n\r\n\r\n<h2 class=\"wp-block-heading\">Datenschutzrichtlinie (DSGVO)<\/h2>\r\n\r\n\r\nAlle pers\u00f6nlichen Daten, die Sie auf der EFPL-Website \u00fcbermitteln, werden vollst\u00e4ndig gesichert und \u00fcber das SSL-Protokoll (Secure Socket Layer) verschl\u00fcsselt.\r\n\r\n\r\n\r\nDer Datenkontrolleur ist die EFPL.\r\n\r\n\r\n\r\nDer Prozessor f\u00fcr die Verarbeitung dieser Daten ist die Agentur: C. Concept Luxembourg S\u00e0rl 32, rue de Windhof 8384 Koerich Luxembourg <a href=\"https:\/\/cconcept.lu\" target=\"_blank\" rel=\"noreferrer noopener\">www.cconcept.lu<\/a>\r\n\r\n\r\n\r\nDie pers\u00f6nlichen Daten, die Sie auf der Website eingeben, werden zeitlich unbegrenzt gespeichert.\r\n\r\n\r\n\r\nSie sind jedoch in der Lage :\r\n\r\n\r\n<ul class=\"wp-block-list\">\r\n \t<li>Zugang zu Ihren Daten (in strukturiertem Format) anfordern<\/li>\r\n\r\n \t<li>das Recht auf Berichtigung und \u00c4nderung oder L\u00f6schung Ihrer Daten anfordern<\/li>\r\n\r\n \t<li>die vollst\u00e4ndige L\u00f6schung Ihrer Daten verlangen<\/li>\r\n<\/ul>\r\n\r\n\r\nAnfragen richten Sie bitte per E-Mail an die Adresse <a href=\"mailto:gdpr@cconcept.lu\" target=\"_blank\" rel=\"noreferrer noopener\">gdpr@cconcept.lu<\/a>.\r\n\r\n\r\n<h2 class=\"wp-block-heading\">\u00c4nderung der rechtlichen Hinweise<\/h2>\r\n\r\n\r\nDie vorliegenden rechtlichen Hinweise k\u00f6nnen jederzeit ohne Vorwarnung an die Internetnutzer ge\u00e4ndert werden. Jede \u00c4nderung tritt ab dem Datum ihrer Ver\u00f6ffentlichung auf der Website in Kraft. Die Tatsache, dass Sie nach der Ver\u00f6ffentlichung dieser \u00c4nderungen weiterhin auf diese Website zugreifen, best\u00e4tigt die Annahme dieser \u00c4nderungen durch den Internetnutzer.","protected":false},"excerpt":{"rendered":"<p>Informationen der Website Der Inhalt dieser Website (im Folgenden als \"Website\" bezeichnet, was alle Seiten der Website einschlie\u00dft) ist rein informativ und dient der \u00dcbermittlung von Informationen f\u00fcr den privaten Gebrauch. Alle zug\u00e4nglichen Informationen auf...<\/p>","protected":false},"author":1,"featured_media":0,"parent":0,"menu_order":16,"comment_status":"closed","ping_status":"closed","template":"","meta":{"_acf_changed":false,"footnotes":""},"categories":[],"tags":[],"class_list":["post-124","page","type-page","status-publish","hentry"],"acf":[],"_links":{"self":[{"href":"https:\/\/aepl.eu\/de\/wp-json\/wp\/v2\/pages\/124","targetHints":{"allow":["GET"]}}],"collection":[{"href":"https:\/\/aepl.eu\/de\/wp-json\/wp\/v2\/pages"}],"about":[{"href":"https:\/\/aepl.eu\/de\/wp-json\/wp\/v2\/types\/page"}],"author":[{"embeddable":true,"href":"https:\/\/aepl.eu\/de\/wp-json\/wp\/v2\/users\/1"}],"replies":[{"embeddable":true,"href":"https:\/\/aepl.eu\/de\/wp-json\/wp\/v2\/comments?post=124"}],"version-history":[{"count":0,"href":"https:\/\/aepl.eu\/de\/wp-json\/wp\/v2\/pages\/124\/revisions"}],"wp:attachment":[{"href":"https:\/\/aepl.eu\/de\/wp-json\/wp\/v2\/media?parent=124"}],"wp:term":[{"taxonomy":"category","embeddable":true,"href":"https:\/\/aepl.eu\/de\/wp-json\/wp\/v2\/categories?post=124"},{"taxonomy":"post_tag","embeddable":true,"href":"https:\/\/aepl.eu\/de\/wp-json\/wp\/v2\/tags?post=124"}],"curies":[{"name":"wp","href":"https:\/\/api.w.org\/{rel}","templated":true}]}}